{"id":1094,"date":"2026-01-20T09:54:04","date_gmt":"2026-01-20T06:54:04","guid":{"rendered":"https:\/\/hepsor.ee\/paevalja\/?page_id=1094"},"modified":"2026-03-13T11:40:14","modified_gmt":"2026-03-13T08:40:14","slug":"hoonetest","status":"publish","type":"page","link":"https:\/\/hepsor.ee\/paevalja\/hoonetest\/","title":{"rendered":"Hoonetest"},"content":{"rendered":"\n<section class=\"front-header-block position-relative\">\n    <div class=\"background position-absolute top-0 start-0 w-100 h-100\">\n                    <div class=\"image w-100 h-100 bg-center no-lazy d-md-block d-none\" style=\"background-image: url(https:\/\/hepsor.ee\/paevalja\/wp-content\/uploads\/2026\/03\/cam-2_-scaled.jpg);\"><\/div>\n        \n                    <div class=\"image w-100 h-100 bg-center no-lazy d-md-none d-block\" style=\"background-image: url(https:\/\/hepsor.ee\/paevalja\/wp-content\/uploads\/2026\/03\/cam-2_-scaled.jpg);\"><\/div>\n            <\/div>\n<\/section>\n\n\n<section class=\"text-column-block py-md-136 py-80 no-rocket-lazy overflow-hidden\">\n    <div class=\"container\">\n        <div class=\"row gx-xl-64 gx-md-48\">\n                            <div class=\"col col-xl-6 col-12 text-xl-end text-center\">\n                    <div class=\"col-title d-flex flex-column fade-accent\">\n                                                    <div class=\"col-main-title position-relative\">\n                                <div class=\"col-main-title-bg bg-white position-absolute w-100 h-100\"><\/div>\n                                <h1 class=\"position-relative mb-0\">paev\u00e4lja <\/h1>\n                            <\/div>\n                        \n                                                    <div class=\"col-accent-title\">\n                                <h1 class=\"h-accent mb-0\">7\/1 ja 7\/2<\/h1>\n                            <\/div>\n                                            <\/div>\n                <\/div>\n                                        <div class=\"col col-xl-6 col-12 text-xl-start text-center\">\n                    <div class=\"col-text\">\n                        <p>Paev\u00e4lja 7\/1 ja 7\/2 hoonetes on fookuses igap\u00e4evane mugavus ja valgusk\u00fcllased lahendused. Hoonetele annavad iseloomu klaasitud r\u00f5dud, mis pikendavad eluruumi ja v\u00f5imaldavad r\u00f5dusid kasutada suurema osa aastast. Arhitektuur on rahulik ja selge, sobitudes loomulikult kvartali \u00fcldise ilmega. Need hooned pakuvad tasakaalu praktilisuse ja kaasaegse linnakodu vahel.<\/p>\n                    <\/div>\n                                            <a class=\"btn d-inline-block mt-40\" href=\"https:\/\/hepsor.ee\/paevalja\/wp-content\/uploads\/2026\/02\/Paevalja_7_tehniline-info_EST.pdf\" target=\"_blank\">Hoonete tehnilised tingimused<\/a>\n                                    <\/div>\n                    <\/div>\n    <\/div>\n<\/section>\n\n\n<section class=\"icons-list-block py-lg-136 py-56 text-center\">\n    <div class=\"container\">\n        <div class=\"row justify-content-lg-between justify-content-center gy-lg-80 gy-72\">\n                                            <div class=\"icon col col-lg-3 col-md-6 col-12 d-flex flex-column align-items-center\">\n                    <div class=\"image-wrapper w-100 d-flex justify-content-center align-items-center mb-32\">\n                        <img loading=\"lazy\" decoding=\"async\" class=\"object-fit-contain\" src=\"https:\/\/hepsor.ee\/paevalja\/wp-content\/uploads\/2026\/01\/A.svg\" width=\"38\" height=\"41\" alt=\"\" \/>\n                    <\/div>\n                    <div class=\"text-wrapper d-flex align-items-center fs-20\">\n                        <p>ENERGIA-<br \/>\r\nKLASS<\/p>\n                    <\/div>\n                <\/div>\n                                            <div class=\"icon col col-lg-3 col-md-6 col-12 d-flex flex-column align-items-center\">\n                    <div class=\"image-wrapper w-100 d-flex justify-content-center align-items-center mb-32\">\n                        <img loading=\"lazy\" decoding=\"async\" class=\"object-fit-contain\" src=\"https:\/\/hepsor.ee\/paevalja\/wp-content\/uploads\/2026\/01\/Layer_1-1.svg\" width=\"33\" height=\"56\" alt=\"\" \/>\n                    <\/div>\n                    <div class=\"text-wrapper d-flex align-items-center fs-20\">\n                        <p>KLAASITUD R\u00d5DUD, <br \/>\r\n3-KORDSED PVC AKNAD<\/p>\n                    <\/div>\n                <\/div>\n                                            <div class=\"icon col col-lg-3 col-md-6 col-12 d-flex flex-column align-items-center\">\n                    <div class=\"image-wrapper w-100 d-flex justify-content-center align-items-center mb-32\">\n                        <img loading=\"lazy\" decoding=\"async\" class=\"object-fit-contain\" src=\"https:\/\/hepsor.ee\/paevalja\/wp-content\/uploads\/2026\/01\/Layer_1-2.svg\" width=\"30\" height=\"56\" alt=\"\" \/>\n                    <\/div>\n                    <div class=\"text-wrapper d-flex align-items-center fs-20\">\n                        <p>KAUGK\u00dcTE, <br \/>\r\nREGULEERITAV <br \/>\r\nVESIP\u00d5RANDAK\u00dcTE<\/p>\n                    <\/div>\n                <\/div>\n                                            <div class=\"icon col col-lg-3 col-md-6 col-12 d-flex flex-column align-items-center\">\n                    <div class=\"image-wrapper w-100 d-flex justify-content-center align-items-center mb-32\">\n                        <img loading=\"lazy\" decoding=\"async\" class=\"object-fit-contain\" src=\"https:\/\/hepsor.ee\/paevalja\/wp-content\/uploads\/2026\/01\/Frame-42.svg\" width=\"65\" height=\"65\" alt=\"\" \/>\n                    <\/div>\n                    <div class=\"text-wrapper d-flex align-items-center fs-20\">\n                        <p>HOONEP\u00d5HINE <br \/>\r\nVENTILATSIOON<\/p>\n                    <\/div>\n                <\/div>\n                    <\/div>\n    <\/div>\n<\/section>\n\n\n<section class=\"text-column-block py-md-136 py-80 no-rocket-lazy overflow-hidden\">\n    <div class=\"container\">\n        <div class=\"row gx-xl-64 gx-md-48\">\n                            <div class=\"col col-xl-6 col-12 text-xl-end text-center\">\n                    <div class=\"col-title d-flex flex-column fade-accent\">\n                                                    <div class=\"col-main-title position-relative\">\n                                <div class=\"col-main-title-bg bg-white position-absolute w-100 h-100\"><\/div>\n                                <h1 class=\"position-relative mb-0\">paev\u00e4lja<\/h1>\n                            <\/div>\n                        \n                                                    <div class=\"col-accent-title\">\n                                <h1 class=\"h-accent mb-0\">9<\/h1>\n                            <\/div>\n                                            <\/div>\n                <\/div>\n                                        <div class=\"col col-xl-6 col-12 text-xl-start text-center\">\n                    <div class=\"col-text\">\n                        <p>Paev\u00e4lja 9 hoone eristub kvartalis oma isikup\u00e4rase arhitektuuri poolest. Vormilahendus on julgem ja m\u00e4ngulisem, pakkudes vaheldust ning arhitektuurset mitmekesisust. Hoonest leiab ka kahekorruselisi kortereid, mis loovad avarama ruumitunnetuse ja sobivad neile, kes otsivad midagi tavap\u00e4rasest erinevat. Paev\u00e4lja 9 on hea n\u00e4ide sellest, kuidas \u00fchtse k\u00e4ekirja sees saab luua oman\u00e4olist arhitektuuri.<\/p>\n                    <\/div>\n                                            <a class=\"btn d-inline-block mt-40\" href=\"https:\/\/hepsor.ee\/paevalja\/wp-content\/uploads\/2026\/02\/Paevalja_9_tehniline-info_EST.pdf\" target=\"_blank\">Hoone tehnilised tingimused<\/a>\n                                    <\/div>\n                    <\/div>\n    <\/div>\n<\/section>\n\n\n<section class=\"icons-list-block py-lg-136 py-56 text-center\">\n    <div class=\"container\">\n        <div class=\"row justify-content-lg-between justify-content-center gy-lg-80 gy-72\">\n                                            <div class=\"icon col col-lg-3 col-md-6 col-12 d-flex flex-column align-items-center\">\n                    <div class=\"image-wrapper w-100 d-flex justify-content-center align-items-center mb-32\">\n                        <img loading=\"lazy\" decoding=\"async\" class=\"object-fit-contain\" src=\"https:\/\/hepsor.ee\/paevalja\/wp-content\/uploads\/2026\/01\/A.svg\" width=\"38\" height=\"41\" alt=\"\" \/>\n                    <\/div>\n                    <div class=\"text-wrapper d-flex align-items-center fs-20\">\n                        <p>ENERGIA-<br \/>\r\nKLASS<\/p>\n                    <\/div>\n                <\/div>\n                                            <div class=\"icon col col-lg-3 col-md-6 col-12 d-flex flex-column align-items-center\">\n                    <div class=\"image-wrapper w-100 d-flex justify-content-center align-items-center mb-32\">\n                        <img loading=\"lazy\" decoding=\"async\" class=\"object-fit-contain\" src=\"https:\/\/hepsor.ee\/paevalja\/wp-content\/uploads\/2026\/01\/Layer_1-1.svg\" width=\"33\" height=\"56\" alt=\"\" \/>\n                    <\/div>\n                    <div class=\"text-wrapper d-flex align-items-center fs-20\">\n                        <p>KOLMEKORDED <br \/>\r\nPUIDUST <br \/>\r\nKLAASPAKETTAKNAD<\/p>\n                    <\/div>\n                <\/div>\n                                            <div class=\"icon col col-lg-3 col-md-6 col-12 d-flex flex-column align-items-center\">\n                    <div class=\"image-wrapper w-100 d-flex justify-content-center align-items-center mb-32\">\n                        <img loading=\"lazy\" decoding=\"async\" class=\"object-fit-contain\" src=\"https:\/\/hepsor.ee\/paevalja\/wp-content\/uploads\/2026\/01\/Layer_1-2.svg\" width=\"30\" height=\"56\" alt=\"\" \/>\n                    <\/div>\n                    <div class=\"text-wrapper d-flex align-items-center fs-20\">\n                        <p>KAUGK\u00dcTE, <br \/>\r\nREGULEERITAV <br \/>\r\nVESIP\u00d5RANDAK\u00dcTE<\/p>\n                    <\/div>\n                <\/div>\n                                            <div class=\"icon col col-lg-3 col-md-6 col-12 d-flex flex-column align-items-center\">\n                    <div class=\"image-wrapper w-100 d-flex justify-content-center align-items-center mb-32\">\n                        <img loading=\"lazy\" decoding=\"async\" class=\"object-fit-contain\" src=\"https:\/\/hepsor.ee\/paevalja\/wp-content\/uploads\/2026\/01\/Frame-42.svg\" width=\"65\" height=\"65\" alt=\"\" \/>\n                    <\/div>\n                    <div class=\"text-wrapper d-flex align-items-center fs-20\">\n                        <p>KORTERIP\u00d5HINE <br \/>\r\nVENTILATSIOON<\/p>\n                    <\/div>\n                <\/div>\n                    <\/div>\n    <\/div>\n<\/section>\n\n\n<section class=\"container-text-image-block overflow-hidden pt-lg-68 pb-lg-136 py-80\">\n    <div class=\"container\">\n        <div class=\"row align-items-center gx-xl-80 flex-row-reverse\">\n            <div class=\"text-col mb-xl-0 mb-80 col col-lg col-12\">\n                <div class=\"text-col-content text-lg-start text-center\">\n                    <div class=\"col-title fade-accent mb-40\">\n                                                    <div class=\"col-accent-title\">\n                                <h1 class=\"h-accent mb-0\">molumba <\/h1>\n                            <\/div>\n                                                                            <div class=\"col-main-title position-relative\">\n                                <div class=\"col-main-title-bg bg-white position-absolute w-100 h-100\"><\/div>\n                                <h1 class=\"position-relative mb-0\">arhitektid<\/h1>\n                            <\/div>\n                                            <\/div>\n                    <div class=\"text-wrapper\">\n                        <div class=\"text-wrapper-content\">\n                            <p>Paev\u00e4lja kvartali erip\u00e4raks on see, et nii arhitektuuri kui ka siseviimistluse on loonud sama meeskond. Molumba Arhitektide poolt loodu tagab, et hoonete v\u00e4lisilme ja siseruumid moodustavad loogilise ja tervikliku koosluse. See v\u00f5imaldab detailidel omavahel haakuda ning loob l\u00e4biva kvaliteedi nii fassaadides kui interj\u00f6\u00f6rides. Tulemuseks on rahulik ja l\u00e4bim\u00f5eldud ruum, mis toimib nii visuaalselt kui praktiliselt.<\/p>\n                        <\/div>\n                                            <\/div>\n                <\/div>\n            <\/div>\n            <div class=\"image-col col col-lg col-12\">\n                <div class=\"image-wrap position-relative translate-image translate-image-left edged-left\">\n                    <img loading=\"lazy\" decoding=\"async\" class=\"\" src=\"https:\/\/hepsor.ee\/paevalja\/wp-content\/uploads\/2026\/01\/image-5-1.png\" width=\"752\" height=\"774\" alt=\"\" \/>\n                                    <\/div>\n            <\/div>\n        <\/div>\n    <\/div>\n<\/section>\n\n\n<section class=\"timeline-block position-relative py-lg-136 py-80 color-white\" >\n    <div class=\"container\">\n                    <h2 class=\"mb-80 text-center\">Tuleviku kursil<\/h2>\n                <div class=\"years d-flex flex-lg-row flex-column justify-content-center\">\n                            \n                                    <div class=\"spacer overflow-hidden animate-year\">\n                        <svg class=\"d-lg-block d-none\" xmlns=\"http:\/\/www.w3.org\/2000\/svg\" width=\"41\" height=\"13\" viewBox=\"0 0 41 13\" fill=\"none\">\n                            <path d=\"M40.5303 7.03033C40.8232 6.73744 40.8232 6.26256 40.5303 5.96967L35.7574 1.1967C35.4645 0.903806 34.9896 0.903806 34.6967 1.1967C34.4038 1.48959 34.4038 1.96447 34.6967 2.25736L38.9393 6.5L34.6967 10.7426C34.4038 11.0355 34.4038 11.5104 34.6967 11.8033C34.9896 12.0962 35.4645 12.0962 35.7574 11.8033L40.5303 7.03033ZM0 6.5V7.25H40V6.5V5.75H0V6.5Z\" fill=\"#ffffff\" \/>\n                        <\/svg>\n\n                        <svg class=\"d-lg-none d-block\" xmlns=\"http:\/\/www.w3.org\/2000\/svg\" width=\"13\" height=\"64\" viewBox=\"0 0 13 64\" fill=\"none\">\n                            <path d=\"M5.96967 63.5303C6.26256 63.8232 6.73744 63.8232 7.03033 63.5303L11.8033 58.7574C12.0962 58.4645 12.0962 57.9896 11.8033 57.6967C11.5104 57.4038 11.0355 57.4038 10.7426 57.6967L6.5 61.9393L2.25736 57.6967C1.96447 57.4038 1.48959 57.4038 1.1967 57.6967C0.903806 57.9896 0.903806 58.4645 1.1967 58.7574L5.96967 63.5303ZM5.75 0L5.75 63H7.25L7.25 0L5.75 0Z\" fill=\"#ffffff\" \/>\n                        <\/svg>\n                    <\/div>\n                \n                <div class=\"year overflow-hidden animate-year\">\n                    <div class=\"year-content d-flex flex-column align-items-center justify-content-center  text-center gap-24 fs-20\">\n                                                <p class=\"mb-0 h2-accent fs-56 color-white\">20. <\/br>saj<\/p>                        <p class=\"mb-0 text-uppercase\">PAEV\u00c4LJA ALAL ASUS EESTI ESIMENE LENNUV\u00c4LI<\/p>                    <\/div>\n                <\/div>\n\n                                            \n                                    <div class=\"spacer overflow-hidden animate-year\">\n                        <svg class=\"d-lg-block d-none\" xmlns=\"http:\/\/www.w3.org\/2000\/svg\" width=\"33\" height=\"3\" viewBox=\"0 0 33 3\" fill=\"none\">\n                            <path d=\"M0.75 1.5H32.25\" stroke=\"#ffffff\" stroke-width=\"1.5\" \/>\n                        <\/svg>\n                        <svg class=\"d-lg-none d-block\" xmlns=\"http:\/\/www.w3.org\/2000\/svg\" width=\"3\" height=\"32\" viewBox=\"0 0 3 32\" fill=\"none\">\n                            <path d=\"M1.5 31.5L1.5 2.38419e-07\" stroke=\"#ffffff\" stroke-width=\"1.5\" \/>\n                        <\/svg>\n                    <\/div>\n                \n                <div class=\"year overflow-hidden animate-year\">\n                    <div class=\"year-content d-flex flex-column align-items-center justify-content-center  text-center gap-24 fs-20\">\n                                                <p class=\"mb-0 h2-accent fs-56 color-white\">2023<\/p>                        <p class=\"mb-0 text-uppercase\">VALMISID <\/br>PAEV\u00c4LJA PST 11, LAGELOO 7<\/p>                    <\/div>\n                <\/div>\n\n                                            \n                                    <div class=\"spacer overflow-hidden animate-year\">\n                        <svg class=\"d-lg-block d-none\" xmlns=\"http:\/\/www.w3.org\/2000\/svg\" width=\"33\" height=\"3\" viewBox=\"0 0 33 3\" fill=\"none\">\n                            <path d=\"M0.75 1.5H32.25\" stroke=\"#ffffff\" stroke-width=\"1.5\" \/>\n                        <\/svg>\n                        <svg class=\"d-lg-none d-block\" xmlns=\"http:\/\/www.w3.org\/2000\/svg\" width=\"3\" height=\"32\" viewBox=\"0 0 3 32\" fill=\"none\">\n                            <path d=\"M1.5 31.5L1.5 2.38419e-07\" stroke=\"#ffffff\" stroke-width=\"1.5\" \/>\n                        <\/svg>\n                    <\/div>\n                \n                <div class=\"year overflow-hidden animate-year\">\n                    <div class=\"year-content d-flex flex-column align-items-center justify-content-center  text-center gap-24 fs-20\">\n                        <p class=\"mb-0 text-uppercase\">S\u00dcGIS<\/p>                        <p class=\"mb-0 h2-accent fs-56 color-white\">2025<\/p>                        <p class=\"mb-0 text-uppercase\">ALGAS M\u00dc\u00dcK <\/br>PAEV\u00c4LJA 7\/1, 7\/2 JA 9<\/p>                    <\/div>\n                <\/div>\n\n                                            \n                                    <div class=\"spacer overflow-hidden animate-year\">\n                        <svg class=\"d-lg-block d-none\" xmlns=\"http:\/\/www.w3.org\/2000\/svg\" width=\"33\" height=\"3\" viewBox=\"0 0 33 3\" fill=\"none\">\n                            <path d=\"M0.75 1.5H32.25\" stroke=\"#ffffff\" stroke-width=\"1.5\" \/>\n                        <\/svg>\n                        <svg class=\"d-lg-none d-block\" xmlns=\"http:\/\/www.w3.org\/2000\/svg\" width=\"3\" height=\"32\" viewBox=\"0 0 3 32\" fill=\"none\">\n                            <path d=\"M1.5 31.5L1.5 2.38419e-07\" stroke=\"#ffffff\" stroke-width=\"1.5\" \/>\n                        <\/svg>\n                    <\/div>\n                \n                <div class=\"year overflow-hidden animate-year\">\n                    <div class=\"year-content d-flex flex-column align-items-center justify-content-center  text-center gap-24 fs-20\">\n                        <p class=\"mb-0 text-uppercase\">KEVAD<\/p>                        <p class=\"mb-0 h2-accent fs-56 color-white\">2026<\/p>                        <p class=\"mb-0 text-uppercase\">ALGAB EHITUS <\/br>PAEV\u00c4LJA 7\/1, 7\/2 JA 9<\/p>                    <\/div>\n                <\/div>\n\n                                            \n                                    <div class=\"spacer overflow-hidden animate-year\">\n                        <svg class=\"d-lg-block d-none\" xmlns=\"http:\/\/www.w3.org\/2000\/svg\" width=\"33\" height=\"3\" viewBox=\"0 0 33 3\" fill=\"none\">\n                            <path d=\"M0.75 1.5H32.25\" stroke=\"#ffffff\" stroke-width=\"1.5\" \/>\n                        <\/svg>\n                        <svg class=\"d-lg-none d-block\" xmlns=\"http:\/\/www.w3.org\/2000\/svg\" width=\"3\" height=\"32\" viewBox=\"0 0 3 32\" fill=\"none\">\n                            <path d=\"M1.5 31.5L1.5 2.38419e-07\" stroke=\"#ffffff\" stroke-width=\"1.5\" \/>\n                        <\/svg>\n                    <\/div>\n                \n                <div class=\"year overflow-hidden animate-year\">\n                    <div class=\"year-content d-flex flex-column align-items-center justify-content-center  text-center gap-24 fs-20\">\n                        <p class=\"mb-0 text-uppercase\">S\u00dcGIS<\/p>                        <p class=\"mb-0 h2-accent fs-56 color-white\">2027<\/p>                        <p class=\"mb-0 text-uppercase\">VALMIVAD <\/br>PAEV\u00c4LJA 7\/1, 7\/2 JA 9<\/p>                    <\/div>\n                <\/div>\n\n                                    <div class=\"spacer overflow-hidden animate-year\">\n                        <svg class=\"d-lg-block d-none\" xmlns=\"http:\/\/www.w3.org\/2000\/svg\" width=\"41\" height=\"13\" viewBox=\"0 0 41 13\" fill=\"none\">\n                            <path d=\"M40.5303 7.03033C40.8232 6.73744 40.8232 6.26256 40.5303 5.96967L35.7574 1.1967C35.4645 0.903806 34.9896 0.903806 34.6967 1.1967C34.4038 1.48959 34.4038 1.96447 34.6967 2.25736L38.9393 6.5L34.6967 10.7426C34.4038 11.0355 34.4038 11.5104 34.6967 11.8033C34.9896 12.0962 35.4645 12.0962 35.7574 11.8033L40.5303 7.03033ZM0 6.5V7.25H40V6.5V5.75H0V6.5Z\" fill=\"#ffffff\" \/>\n                        <\/svg>\n                        <svg class=\"d-lg-none d-block\" xmlns=\"http:\/\/www.w3.org\/2000\/svg\" width=\"13\" height=\"64\" viewBox=\"0 0 13 64\" fill=\"none\">\n                            <path d=\"M5.96967 63.5303C6.26256 63.8232 6.73744 63.8232 7.03033 63.5303L11.8033 58.7574C12.0962 58.4645 12.0962 57.9896 11.8033 57.6967C11.5104 57.4038 11.0355 57.4038 10.7426 57.6967L6.5 61.9393L2.25736 57.6967C1.96447 57.4038 1.48959 57.4038 1.1967 57.6967C0.903806 57.9896 0.903806 58.4645 1.1967 58.7574L5.96967 63.5303ZM5.75 0L5.75 63H7.25L7.25 0L5.75 0Z\" fill=\"#ffffff\" \/>\n                        <\/svg>\n                    <\/div>\n                                    <\/div>\n    <\/div>\n<\/section>\n\n\n<section class=\"image-block position-relative no-rocket-lazy\">\n    \n    <img loading=\"lazy\" decoding=\"async\" class=\"no-lazy\" src=\"https:\/\/hepsor.ee\/paevalja\/wp-content\/uploads\/2026\/01\/image-1.png\" width=\"2160\" height=\"1236\" alt=\"\" \/>\n\n        <\/section>\n\n\n<section class=\"developers-block position-relative py-lg-136 py-80\">\n    <div class=\"container\">\n        <div class=\"row gx-xl-80 gy-80\">\n                                            <div class=\"col col-lg-4 col-12\">\n                    <div class=\"developer-content w-100 mx-auto d-flex flex-column align-items-center justify-content-center text-center\">\n                        <p class=\"mb-24 fs-20\">Arendaja<\/p>                        \n                                                    <a class=\"developer-logo d-inline-block\" href=\"https:\/\/hepsor.ee\/\" target=\"_blank\">\n                                <img loading=\"lazy\" decoding=\"async\" class=\"w-100 h-100 object-fit-contain\" src=\"https:\/\/hepsor.ee\/paevalja\/wp-content\/uploads\/2026\/01\/Logo-1.svg\" width=\"130\" height=\"42\" alt=\"\" \/>\n                            <\/a>\n                        \n                                            <\/div>\n                <\/div>\n                                            <div class=\"col col-lg-4 col-12\">\n                    <div class=\"developer-content w-100 mx-auto d-flex flex-column align-items-center justify-content-center text-center\">\n                        <p class=\"mb-24 fs-20\">Investor<\/p>                        \n                                                    <a class=\"developer-logo d-inline-block\" href=\"https:\/\/eften.ee\/\" target=\"_blank\" rel=\"noopener\">\n                                <img loading=\"lazy\" decoding=\"async\" class=\"w-100 h-100 object-fit-contain\" src=\"https:\/\/hepsor.ee\/paevalja\/wp-content\/uploads\/2026\/02\/Layer_1-10.svg\" width=\"171\" height=\"50\" alt=\"\" \/>\n                            <\/a>\n                        \n                                            <\/div>\n                <\/div>\n                    <\/div>\n    <\/div>\n<\/section>","protected":false},"excerpt":{"rendered":"","protected":false},"author":1,"featured_media":0,"parent":0,"menu_order":0,"comment_status":"closed","ping_status":"closed","template":"","meta":{"_acf_changed":false,"footnotes":""},"class_list":["post-1094","page","type-page","status-publish","hentry"],"acf":[],"_links":{"self":[{"href":"https:\/\/hepsor.ee\/paevalja\/wp-json\/wp\/v2\/pages\/1094","targetHints":{"allow":["GET"]}}],"collection":[{"href":"https:\/\/hepsor.ee\/paevalja\/wp-json\/wp\/v2\/pages"}],"about":[{"href":"https:\/\/hepsor.ee\/paevalja\/wp-json\/wp\/v2\/types\/page"}],"author":[{"embeddable":true,"href":"https:\/\/hepsor.ee\/paevalja\/wp-json\/wp\/v2\/users\/1"}],"replies":[{"embeddable":true,"href":"https:\/\/hepsor.ee\/paevalja\/wp-json\/wp\/v2\/comments?post=1094"}],"version-history":[{"count":21,"href":"https:\/\/hepsor.ee\/paevalja\/wp-json\/wp\/v2\/pages\/1094\/revisions"}],"predecessor-version":[{"id":3488,"href":"https:\/\/hepsor.ee\/paevalja\/wp-json\/wp\/v2\/pages\/1094\/revisions\/3488"}],"wp:attachment":[{"href":"https:\/\/hepsor.ee\/paevalja\/wp-json\/wp\/v2\/media?parent=1094"}],"curies":[{"name":"wp","href":"https:\/\/api.w.org\/{rel}","templated":true}]}}