{"id":1092,"date":"2026-01-20T09:53:56","date_gmt":"2026-01-20T06:53:56","guid":{"rendered":"https:\/\/hepsor.ee\/paevalja\/?page_id=1092"},"modified":"2026-04-21T08:58:00","modified_gmt":"2026-04-21T05:58:00","slug":"arendajast","status":"publish","type":"page","link":"https:\/\/hepsor.ee\/paevalja\/arendajast\/","title":{"rendered":"Arendajast"},"content":{"rendered":"\n<section class=\"front-header-block position-relative\">\n    <div class=\"background position-absolute top-0 start-0 w-100 h-100\">\n                    <div class=\"image w-100 h-100 bg-center no-lazy\" style=\"background-image: url(https:\/\/hepsor.ee\/paevalja\/wp-content\/uploads\/2026\/04\/klientmarkas_britab-24.jpg);\"><\/div>\n        \n            <\/div>\n<\/section>\n\n\n<section class=\"green-thinking-block overflow-hidden py-lg-136 py-80 no-rocket-lazy\" data-anchor=\"roheline-motteviis\">\n    <div class=\"container\">\n        \n        <div class=\"row\">\n            <div class=\"title-col col-xl-6 col-12 text-xl-end text-center\">\n                <div class=\"text-col-content\">\n                    <div class=\"col-title fade-accent mb-32\">\n                                                    <div class=\"col-accent-title\">\n                                <h1 class=\"h-accent mb-0\">elamiseks<\/h1>\n                            <\/div>\n                                                                            <div class=\"col-main-title position-relative\">\n                                <div class=\"col-main-title-bg bg-white position-absolute w-100 h-100\"><\/div>\n                                <h1 class=\"position-relative mb-0\">loodud<\/h1>\n                            <\/div>\n                                            <\/div>\n                <\/div>\n            <\/div>\n            <div class=\"text-col col-xl-6 col-12 text-xl-start text-center\">\n                <div class=\"text-wrapper\">\n                    <p>Hepsor on koduarendaja, kes m\u00f5tleb nagu tulevane elanik. Me kuulame, arvestame ja otsime nutikaid lahendusi igap\u00e4evaeluks. Loome keskkondi, kus kvaliteet ei ole lubadus, vaid standard. Kodusid, kus elaksime ka ise.<\/p>\n<p><span class=\"BZ_Pyq_fadeIn\">Paev\u00e4lja <\/span><span class=\"BZ_Pyq_fadeIn\">kvartalit arendab Hepsor<\/span><span class=\"BZ_Pyq_fadeIn\">\u00a0<\/span><span class=\"BZ_Pyq_fadeIn\">koost\u00f6\u00f6s <\/span><span class=\"BZ_Pyq_fadeIn\">EfTEN <\/span><span class=\"BZ_Pyq_fadeIn\">Capitaliga.<\/span><\/p>\n                <\/div>\n                            <\/div>\n        <\/div>\n    <\/div>\n<\/section>\n\n\n<section class=\"icons-list-block py-lg-136 py-56 text-center\">\n    <div class=\"container\">\n        <div class=\"row justify-content-lg-between justify-content-center gy-lg-80 gy-72\">\n                                            <div class=\"icon col col-lg-3 col-md-6 col-12 d-flex flex-column align-items-center\">\n                    <div class=\"image-wrapper w-100 d-flex justify-content-center align-items-center mb-32\">\n                        <img loading=\"lazy\" decoding=\"async\" class=\"object-fit-contain\" src=\"https:\/\/hepsor.ee\/paevalja\/wp-content\/uploads\/2026\/02\/Layer_5.svg\" width=\"73\" height=\"80\" alt=\"\" \/>\n                    <\/div>\n                    <div class=\"text-wrapper d-flex align-items-center fs-20\">\n                        <p>43<br \/>\r\nVALMINUD<br \/>\r\nPROJEKTI<\/p>\n                    <\/div>\n                <\/div>\n                                            <div class=\"icon col col-lg-3 col-md-6 col-12 d-flex flex-column align-items-center\">\n                    <div class=\"image-wrapper w-100 d-flex justify-content-center align-items-center mb-32\">\n                        <img loading=\"lazy\" decoding=\"async\" class=\"object-fit-contain\" src=\"https:\/\/hepsor.ee\/paevalja\/wp-content\/uploads\/2026\/02\/Layer_2_copy.svg\" width=\"77\" height=\"78\" alt=\"\" \/>\n                    <\/div>\n                    <div class=\"text-wrapper d-flex align-items-center fs-20\">\n                        <p>1890<br \/>\r\nUUT KODU<\/p>\n                    <\/div>\n                <\/div>\n                                            <div class=\"icon col col-lg-3 col-md-6 col-12 d-flex flex-column align-items-center\">\n                    <div class=\"image-wrapper w-100 d-flex justify-content-center align-items-center mb-32\">\n                        <img loading=\"lazy\" decoding=\"async\" class=\"object-fit-contain\" src=\"https:\/\/hepsor.ee\/paevalja\/wp-content\/uploads\/2026\/02\/Layer_2_copy-1.svg\" width=\"81\" height=\"90\" alt=\"\" \/>\n                    <\/div>\n                    <div class=\"text-wrapper d-flex align-items-center fs-20\">\n                        <p>35 808 M\u00b2<br \/>\r\nKAASAEGSEID<br \/>\r\n\u00c4RIPINDU<\/p>\n                    <\/div>\n                <\/div>\n                                            <div class=\"icon col col-lg-3 col-md-6 col-12 d-flex flex-column align-items-center\">\n                    <div class=\"image-wrapper w-100 d-flex justify-content-center align-items-center mb-32\">\n                        <img loading=\"lazy\" decoding=\"async\" class=\"object-fit-contain\" src=\"https:\/\/hepsor.ee\/paevalja\/wp-content\/uploads\/2026\/02\/Layer_2_copy-2.svg\" width=\"80\" height=\"84\" alt=\"\" \/>\n                    <\/div>\n                    <div class=\"text-wrapper d-flex align-items-center fs-20\">\n                        <p>145 798 M\u00b2<br \/>\r\nARENDATUD<br \/>\r\nKOGUPIND<\/p>\n                    <\/div>\n                <\/div>\n                                            <div class=\"icon col col-lg-3 col-md-6 col-12 d-flex flex-column align-items-center\">\n                    <div class=\"image-wrapper w-100 d-flex justify-content-center align-items-center mb-32\">\n                        <img loading=\"lazy\" decoding=\"async\" class=\"object-fit-contain\" src=\"https:\/\/hepsor.ee\/paevalja\/wp-content\/uploads\/2026\/02\/Layer_5-1.svg\" width=\"98\" height=\"71\" alt=\"\" \/>\n                    <\/div>\n                    <div class=\"text-wrapper d-flex align-items-center fs-20\">\n                        <p>156 243 M\u00b2<br \/>\r\nPLANEERIMISEL<\/p>\n                    <\/div>\n                <\/div>\n                    <\/div>\n    <\/div>\n<\/section>\n\n\n<section class=\"text-image-block overflow-hidden pt-lg-136 pb-lg-136 py-80 no-rocket-lazy\">\n    <div class=\"container\">\n        <div class=\"row align-items-center gx-xl-80 flex-row-reverse\">\n            <div class=\"text-col mb-xl-0 mb-80 col-xl-6 col-12\">\n                <div class=\"text-col-content text-lg-start text-center\">\n                    <div class=\"col-title fade-accent mb-32\">\n                                                    <div class=\"col-accent-title\">\n                                <h1 class=\"h-accent mb-0\">paindlik <\/h1>\n                            <\/div>\n                                                                            <div class=\"col-main-title position-relative\">\n                                <div class=\"col-main-title-bg bg-white position-absolute w-100 h-100\"><\/div>\n                                <h1 class=\"position-relative mb-0\">l\u00e4henemine<\/h1>\n                            <\/div>\n                                            <\/div>\n                    <div class=\"text-wrapper\">\n                        <p>Pea 15 aastat arendust\u00f6\u00f6d on andnud Hepsorile selge k\u00e4ekirja ja kogemuse. Tegutseme Eestis, L\u00e4tis ja Kanadas, arendades projekte, mis arvestavad nii asukoha kui kasutajatega. Iga projekt on meie jaoks ainulaadne ja eeldab personaalset l\u00e4henemist. Loome nii kodusid kui \u00e4ripindu, mille puhul on fookuses l\u00e4bim\u00f5eldud ruum, kvaliteetsed lahendused ja ajas kestvus.<\/p>\n                    <\/div>\n                                    <\/div>\n            <\/div>\n            <div class=\"image-col col col-xl-6 col-12\">\n                <div class=\"image-wrap position-relative edged translate-image translate-image-left edged-left\">\n                    <img loading=\"lazy\" decoding=\"async\" class=\"\" src=\"https:\/\/hepsor.ee\/paevalja\/wp-content\/uploads\/2026\/02\/AdobeStock_267333678-scaled.jpeg\" width=\"2560\" height=\"1649\" alt=\"\" \/>\n                                    <\/div>\n            <\/div>\n        <\/div>\n    <\/div>\n<\/section>\n\n\n<section class=\"text-image-block overflow-hidden pt-lg-136 pb-lg-136 py-80 no-rocket-lazy\">\n    <div class=\"container\">\n        <div class=\"row align-items-center gx-xl-80\">\n            <div class=\"text-col mb-xl-0 mb-80 col col-xl-5 col-12\">\n                <div class=\"text-col-content text-lg-start text-center\">\n                    <div class=\"col-title fade-accent mb-32\">\n                                                    <div class=\"col-accent-title\">\n                                <h1 class=\"h-accent mb-0\">roheline <\/h1>\n                            <\/div>\n                                                                            <div class=\"col-main-title position-relative\">\n                                <div class=\"col-main-title-bg bg-white position-absolute w-100 h-100\"><\/div>\n                                <h1 class=\"position-relative mb-0\">m\u00f5tteviis<\/h1>\n                            <\/div>\n                                            <\/div>\n                    <div class=\"text-wrapper\">\n                        <p>Esimese arendajana Balti riikides oleme rakendanud paljusid uuenduslikke insener-tehnilisi lahendusi, mis muudavad meie rajatavad hooned energias\u00e4\u00e4stlikumaks ja seel\u00e4bi keskkonnas\u00f5bralikumaks. Roheline m\u00f5tteviis ja innovatsioon on oluline ning loomulik osa meie t\u00f6\u00f6st.<\/p>\n                    <\/div>\n                                    <\/div>\n            <\/div>\n            <div class=\"image-col col col col-xl-7 col-12\">\n                <div class=\"image-wrap position-relative edged translate-image translate-image-right edged-right\">\n                    <img loading=\"lazy\" decoding=\"async\" class=\"\" src=\"https:\/\/hepsor.ee\/paevalja\/wp-content\/uploads\/2026\/01\/Manufaktuuri-Cam-6-Final-1-1.png\" width=\"1462\" height=\"832\" alt=\"\" \/>\n                                    <\/div>\n            <\/div>\n        <\/div>\n    <\/div>\n<\/section>\n\n\n<section class=\"image-block position-relative no-rocket-lazy\">\n    \n    <img loading=\"lazy\" decoding=\"async\" class=\"no-lazy\" src=\"https:\/\/hepsor.ee\/paevalja\/wp-content\/uploads\/2026\/03\/pv-cam-25_-1-scaled.jpg\" width=\"2560\" height=\"1143\" alt=\"\" \/>\n\n        <\/section>\n\n\n<p><\/p>\n","protected":false},"excerpt":{"rendered":"","protected":false},"author":1,"featured_media":0,"parent":0,"menu_order":0,"comment_status":"closed","ping_status":"closed","template":"","meta":{"_acf_changed":false,"footnotes":""},"class_list":["post-1092","page","type-page","status-publish","hentry"],"acf":[],"_links":{"self":[{"href":"https:\/\/hepsor.ee\/paevalja\/wp-json\/wp\/v2\/pages\/1092","targetHints":{"allow":["GET"]}}],"collection":[{"href":"https:\/\/hepsor.ee\/paevalja\/wp-json\/wp\/v2\/pages"}],"about":[{"href":"https:\/\/hepsor.ee\/paevalja\/wp-json\/wp\/v2\/types\/page"}],"author":[{"embeddable":true,"href":"https:\/\/hepsor.ee\/paevalja\/wp-json\/wp\/v2\/users\/1"}],"replies":[{"embeddable":true,"href":"https:\/\/hepsor.ee\/paevalja\/wp-json\/wp\/v2\/comments?post=1092"}],"version-history":[{"count":23,"href":"https:\/\/hepsor.ee\/paevalja\/wp-json\/wp\/v2\/pages\/1092\/revisions"}],"predecessor-version":[{"id":3753,"href":"https:\/\/hepsor.ee\/paevalja\/wp-json\/wp\/v2\/pages\/1092\/revisions\/3753"}],"wp:attachment":[{"href":"https:\/\/hepsor.ee\/paevalja\/wp-json\/wp\/v2\/media?parent=1092"}],"curies":[{"name":"wp","href":"https:\/\/api.w.org\/{rel}","templated":true}]}}