{"id":1090,"date":"2026-01-20T09:53:47","date_gmt":"2026-01-20T06:53:47","guid":{"rendered":"https:\/\/hepsor.ee\/paevalja\/?page_id=1090"},"modified":"2026-04-15T11:50:09","modified_gmt":"2026-04-15T08:50:09","slug":"viimistlus","status":"publish","type":"page","link":"https:\/\/hepsor.ee\/paevalja\/viimistlus\/","title":{"rendered":"Viimistlus"},"content":{"rendered":"\n<section class=\"finishing-2-block position-relative overflow-hidden\">\n    <div class=\"filters position-absolute mt-42 w-100 start-50 translate-middle-x px-8 py-8 d-flex flex-wrap gap-8 bg-white color-white fs-16\">\n                                <button type=\"button\" class=\"finishes__filters--filter btn active\" data-type=\"0\">Paev\u00e4lja 7\/1 ja 7\/2<\/button>\n                                <button type=\"button\" class=\"finishes__filters--filter btn\" data-type=\"1\">Paev\u00e4lja 9<\/button>\n            <\/div>\n    \n                    <div class=\"packages-wrap w-100 active\" data-type=\"0\">\n            <div class=\"packages d-flex flex-lg-row flex-column gap-16\">\n                                                        <div class=\"package position-relative overflow-hidden\">\n                        <div class=\"package-inside w-100 h-100\">\n                            <div class=\"package-image w-100 h-100\">\n                                <img loading=\"lazy\" decoding=\"async\"  class=\"w-100 h-100 object-fit-cover\" src=\"https:\/\/hepsor.ee\/paevalja\/wp-content\/uploads\/2026\/02\/pakett_paas-scaled.jpg\" width=\"1604\" height=\"2560\" alt=\"\" \/>\n                                <div class=\"package-blur-layer position-absolute bottom-0 start-0 w-100\"><\/div>\n                            <\/div>\n                            <div class=\"package-content position-absolute bottom-0 start-0 w-100 px-24 pt-28 pb-40 text-center\">\n                                                                <p class=\"position-relative mb-0 fs-32 color-white\">Paas<\/p>\n                                                                    <a class=\"btn position-relative mt-24 d-inline-block py-12 px-16\" href=\"https:\/\/hepsor.ee\/paevalja\/wp-content\/uploads\/2026\/04\/paevalja-viimistluspakett_paas_15042026.pdf\" target=\"_blank\">Tutvu paketiga<\/a>\n                                                            <\/div>\n                        <\/div>\n                    <\/div>\n                                                        <div class=\"package position-relative overflow-hidden\">\n                        <div class=\"package-inside w-100 h-100\">\n                            <div class=\"package-image w-100 h-100\">\n                                <img loading=\"lazy\" decoding=\"async\"  class=\"w-100 h-100 object-fit-cover\" src=\"https:\/\/hepsor.ee\/paevalja\/wp-content\/uploads\/2026\/02\/pakett_liiv-scaled.jpeg\" width=\"1605\" height=\"2560\" alt=\"\" \/>\n                                <div class=\"package-blur-layer position-absolute bottom-0 start-0 w-100\"><\/div>\n                            <\/div>\n                            <div class=\"package-content position-absolute bottom-0 start-0 w-100 px-24 pt-28 pb-40 text-center\">\n                                                                <p class=\"position-relative mb-0 fs-32 color-white\">Liiv<\/p>\n                                                                    <a class=\"btn position-relative mt-24 d-inline-block py-12 px-16\" href=\"https:\/\/hepsor.ee\/paevalja\/wp-content\/uploads\/2026\/04\/paevalja-viimistluspakett_liiv_15042026.pdf\" target=\"_blank\">Tutvu paketiga<\/a>\n                                                            <\/div>\n                        <\/div>\n                    <\/div>\n                                                        <div class=\"package position-relative overflow-hidden\">\n                        <div class=\"package-inside w-100 h-100\">\n                            <div class=\"package-image w-100 h-100\">\n                                <img loading=\"lazy\" decoding=\"async\"  class=\"w-100 h-100 object-fit-cover\" src=\"https:\/\/hepsor.ee\/paevalja\/wp-content\/uploads\/2026\/02\/pakett_savi.jpg\" width=\"788\" height=\"1100\" alt=\"\" \/>\n                                <div class=\"package-blur-layer position-absolute bottom-0 start-0 w-100\"><\/div>\n                            <\/div>\n                            <div class=\"package-content position-absolute bottom-0 start-0 w-100 px-24 pt-28 pb-40 text-center\">\n                                                                <p class=\"position-relative mb-0 fs-32 color-white\">Savi<\/p>\n                                                                    <a class=\"btn position-relative mt-24 d-inline-block py-12 px-16\" href=\"https:\/\/hepsor.ee\/paevalja\/wp-content\/uploads\/2026\/04\/paevalja-viimistluspakett_savi_15042026.pdf\" target=\"_blank\">Tutvu paketiga<\/a>\n                                                            <\/div>\n                        <\/div>\n                    <\/div>\n                                                        <div class=\"package position-relative overflow-hidden\">\n                        <div class=\"package-inside w-100 h-100\">\n                            <div class=\"package-image w-100 h-100\">\n                                <img loading=\"lazy\" decoding=\"async\"  class=\"w-100 h-100 object-fit-cover\" src=\"https:\/\/hepsor.ee\/paevalja\/wp-content\/uploads\/2026\/02\/pakett_kvarts.jpg\" width=\"888\" height=\"1080\" alt=\"\" \/>\n                                <div class=\"package-blur-layer position-absolute bottom-0 start-0 w-100\"><\/div>\n                            <\/div>\n                            <div class=\"package-content position-absolute bottom-0 start-0 w-100 px-24 pt-28 pb-40 text-center\">\n                                                                    <p class=\"package-tag position-relative w-100 mx-auto mb-24 bg-secondary color-white fs-12 px-6 py-6 text-center\">Lisatasu eest<\/p>\n                                                                <p class=\"position-relative mb-0 fs-32 color-white\">Kvarts<\/p>\n                                                                    <a class=\"btn position-relative mt-24 d-inline-block py-12 px-16\" href=\"https:\/\/hepsor.ee\/paevalja\/wp-content\/uploads\/2026\/04\/paevalja-viimistluspakett_kvarts_15042026.pdf\" target=\"_blank\">Tutvu paketiga<\/a>\n                                                            <\/div>\n                        <\/div>\n                    <\/div>\n                                                        <div class=\"package position-relative overflow-hidden\">\n                        <div class=\"package-inside w-100 h-100\">\n                            <div class=\"package-image w-100 h-100\">\n                                <img loading=\"lazy\" decoding=\"async\"  class=\"w-100 h-100 object-fit-cover\" src=\"https:\/\/hepsor.ee\/paevalja\/wp-content\/uploads\/2026\/02\/pakett_graniit.jpg\" width=\"864\" height=\"1080\" alt=\"\" \/>\n                                <div class=\"package-blur-layer position-absolute bottom-0 start-0 w-100\"><\/div>\n                            <\/div>\n                            <div class=\"package-content position-absolute bottom-0 start-0 w-100 px-24 pt-28 pb-40 text-center\">\n                                                                    <p class=\"package-tag position-relative w-100 mx-auto mb-24 bg-secondary color-white fs-12 px-6 py-6 text-center\">Lisatasu eest<\/p>\n                                                                <p class=\"position-relative mb-0 fs-32 color-white\">Graniit<\/p>\n                                                                    <a class=\"btn position-relative mt-24 d-inline-block py-12 px-16\" href=\"https:\/\/hepsor.ee\/paevalja\/wp-content\/uploads\/2026\/04\/paevalja-viimistluspakett_graniit_15042026.pdf\" target=\"_blank\">Tutvu paketiga<\/a>\n                                                            <\/div>\n                        <\/div>\n                    <\/div>\n                            <\/div>\n        <\/div>\n                    <div class=\"packages-wrap w-100\" data-type=\"1\">\n            <div class=\"packages d-flex flex-lg-row flex-column gap-16\">\n                                                        <div class=\"package position-relative overflow-hidden\">\n                        <div class=\"package-inside w-100 h-100\">\n                            <div class=\"package-image w-100 h-100\">\n                                <img loading=\"lazy\" decoding=\"async\"  class=\"w-100 h-100 object-fit-cover\" src=\"https:\/\/hepsor.ee\/paevalja\/wp-content\/uploads\/2026\/02\/pakett_lubi-scaled.jpeg\" width=\"1860\" height=\"2560\" alt=\"\" \/>\n                                <div class=\"package-blur-layer position-absolute bottom-0 start-0 w-100\"><\/div>\n                            <\/div>\n                            <div class=\"package-content position-absolute bottom-0 start-0 w-100 px-24 pt-28 pb-40 text-center\">\n                                                                <p class=\"position-relative mb-0 fs-32 color-white\">Lubi<\/p>\n                                                                    <a class=\"btn position-relative mt-24 d-inline-block py-12 px-16\" href=\"https:\/\/hepsor.ee\/paevalja\/wp-content\/uploads\/2026\/04\/paevalja-viimistluspakett_lubi_15042026.pdf\" target=\"_blank\">Tutvu paketiga<\/a>\n                                                            <\/div>\n                        <\/div>\n                    <\/div>\n                                                        <div class=\"package position-relative overflow-hidden\">\n                        <div class=\"package-inside w-100 h-100\">\n                            <div class=\"package-image w-100 h-100\">\n                                <img loading=\"lazy\" decoding=\"async\"  class=\"w-100 h-100 object-fit-cover\" src=\"https:\/\/hepsor.ee\/paevalja\/wp-content\/uploads\/2026\/02\/pakett_dolomiit.jpeg\" width=\"1953\" height=\"2560\" alt=\"\" \/>\n                                <div class=\"package-blur-layer position-absolute bottom-0 start-0 w-100\"><\/div>\n                            <\/div>\n                            <div class=\"package-content position-absolute bottom-0 start-0 w-100 px-24 pt-28 pb-40 text-center\">\n                                                                <p class=\"position-relative mb-0 fs-32 color-white\">Dolomiit<\/p>\n                                                                    <a class=\"btn position-relative mt-24 d-inline-block py-12 px-16\" href=\"https:\/\/hepsor.ee\/paevalja\/wp-content\/uploads\/2026\/04\/paevalja-viimistluspakett_dolomiit_15042026.pdf\" target=\"_blank\">Tutvu paketiga<\/a>\n                                                            <\/div>\n                        <\/div>\n                    <\/div>\n                                                        <div class=\"package position-relative overflow-hidden\">\n                        <div class=\"package-inside w-100 h-100\">\n                            <div class=\"package-image w-100 h-100\">\n                                <img loading=\"lazy\" decoding=\"async\"  class=\"w-100 h-100 object-fit-cover\" src=\"https:\/\/hepsor.ee\/paevalja\/wp-content\/uploads\/2026\/02\/pakett_kvarts.jpg\" width=\"888\" height=\"1080\" alt=\"\" \/>\n                                <div class=\"package-blur-layer position-absolute bottom-0 start-0 w-100\"><\/div>\n                            <\/div>\n                            <div class=\"package-content position-absolute bottom-0 start-0 w-100 px-24 pt-28 pb-40 text-center\">\n                                                                    <p class=\"package-tag position-relative w-100 mx-auto mb-24 bg-secondary color-white fs-12 px-6 py-6 text-center\">Lisatasu eest<\/p>\n                                                                <p class=\"position-relative mb-0 fs-32 color-white\">Kvarts<\/p>\n                                                                    <a class=\"btn position-relative mt-24 d-inline-block py-12 px-16\" href=\"https:\/\/hepsor.ee\/paevalja\/wp-content\/uploads\/2026\/04\/paevalja-viimistluspakett_kvarts_15042026.pdf\" target=\"_blank\">Tutvu paketiga<\/a>\n                                                            <\/div>\n                        <\/div>\n                    <\/div>\n                                                        <div class=\"package position-relative overflow-hidden\">\n                        <div class=\"package-inside w-100 h-100\">\n                            <div class=\"package-image w-100 h-100\">\n                                <img loading=\"lazy\" decoding=\"async\"  class=\"w-100 h-100 object-fit-cover\" src=\"https:\/\/hepsor.ee\/paevalja\/wp-content\/uploads\/2026\/02\/pakett_graniit.jpg\" width=\"864\" height=\"1080\" alt=\"\" \/>\n                                <div class=\"package-blur-layer position-absolute bottom-0 start-0 w-100\"><\/div>\n                            <\/div>\n                            <div class=\"package-content position-absolute bottom-0 start-0 w-100 px-24 pt-28 pb-40 text-center\">\n                                                                    <p class=\"package-tag position-relative w-100 mx-auto mb-24 bg-secondary color-white fs-12 px-6 py-6 text-center\">Lisatasu eest<\/p>\n                                                                <p class=\"position-relative mb-0 fs-32 color-white\">Graniit<\/p>\n                                                                    <a class=\"btn position-relative mt-24 d-inline-block py-12 px-16\" href=\"https:\/\/hepsor.ee\/paevalja\/wp-content\/uploads\/2026\/04\/paevalja-viimistluspakett_graniit_15042026.pdf\" target=\"_blank\">Tutvu paketiga<\/a>\n                                                            <\/div>\n                        <\/div>\n                    <\/div>\n                            <\/div>\n        <\/div>\n    <\/section>\n\n\n<section class=\"container-text-image-block overflow-hidden pt-lg-68 pb-lg-136 py-80\">\n    <div class=\"container\">\n        <div class=\"row align-items-center gx-xl-80\">\n            <div class=\"text-col mb-xl-0 mb-80 col col-lg col-12\">\n                <div class=\"text-col-content text-lg-start text-center\">\n                    <div class=\"col-title fade-accent mb-40\">\n                                                    <div class=\"col-accent-title\">\n                                <h1 class=\"h-accent mb-0\">molumba <\/h1>\n                            <\/div>\n                                                                            <div class=\"col-main-title position-relative\">\n                                <div class=\"col-main-title-bg bg-white position-absolute w-100 h-100\"><\/div>\n                                <h1 class=\"position-relative mb-0\">sisearhitektuur<\/h1>\n                            <\/div>\n                                            <\/div>\n                    <div class=\"text-wrapper\">\n                        <div class=\"text-wrapper-content\">\n                            <p>Paev\u00e4lja kvartali siseviimistlus on loodud sama arhitektuurimeeskonna poolt, kes kujundas ka hoonete v\u00e4lisilme. Molumba Arhitektide k\u00e4ekiri tagab, et fassaadid ja interj\u00f6\u00f6rid moodustavad \u00fchtse ja tervikliku koosluse. L\u00e4bim\u00f5eldud detailid ja rahulik ruumik\u00e4sitlus loovad kvaliteetse keskkonna, mis on nii esteetiline kui ka praktiline.<\/p>\n                        <\/div>\n                                            <\/div>\n                <\/div>\n            <\/div>\n            <div class=\"image-col col col-lg col-12\">\n                <div class=\"image-wrap position-relative translate-image translate-image-right edged-right\">\n                    <img loading=\"lazy\" decoding=\"async\" class=\"\" src=\"https:\/\/hepsor.ee\/paevalja\/wp-content\/uploads\/2026\/01\/image-5-1.png\" width=\"752\" height=\"774\" alt=\"\" \/>\n                                    <\/div>\n            <\/div>\n        <\/div>\n    <\/div>\n<\/section>\n\n\n<section class=\"button-section-block d-none position-relative bg-project-main py-80\">\n    <div class=\"container d-flex flex-column align-items-center justify-content-center\">\n                    <div class=\"block-content color-white text-center\">\n                <h2 style=\"text-align: center;\">Oma silm on kuningas!<\/h2>\n<p style=\"text-align: center;\">Tutvu siseviimistluse v\u00f5imalustega kodukujundaja keskkonnas.<\/p>\n            <\/div>\n                            <a class=\"btn btn-white d-inline-block mt-40\" href=\"https:\/\/minukodu.hepsor.ee\/et\/506\/493?apartment_layout_id=3274&#038;project=86%20\" target=\"_blank\">Broneeri aeg kohtumiseks<\/a>\n            <\/div>\n<\/section>","protected":false},"excerpt":{"rendered":"","protected":false},"author":1,"featured_media":0,"parent":0,"menu_order":0,"comment_status":"closed","ping_status":"closed","template":"","meta":{"_acf_changed":false,"footnotes":""},"class_list":["post-1090","page","type-page","status-publish","hentry"],"acf":[],"_links":{"self":[{"href":"https:\/\/hepsor.ee\/paevalja\/wp-json\/wp\/v2\/pages\/1090","targetHints":{"allow":["GET"]}}],"collection":[{"href":"https:\/\/hepsor.ee\/paevalja\/wp-json\/wp\/v2\/pages"}],"about":[{"href":"https:\/\/hepsor.ee\/paevalja\/wp-json\/wp\/v2\/types\/page"}],"author":[{"embeddable":true,"href":"https:\/\/hepsor.ee\/paevalja\/wp-json\/wp\/v2\/users\/1"}],"replies":[{"embeddable":true,"href":"https:\/\/hepsor.ee\/paevalja\/wp-json\/wp\/v2\/comments?post=1090"}],"version-history":[{"count":24,"href":"https:\/\/hepsor.ee\/paevalja\/wp-json\/wp\/v2\/pages\/1090\/revisions"}],"predecessor-version":[{"id":3675,"href":"https:\/\/hepsor.ee\/paevalja\/wp-json\/wp\/v2\/pages\/1090\/revisions\/3675"}],"wp:attachment":[{"href":"https:\/\/hepsor.ee\/paevalja\/wp-json\/wp\/v2\/media?parent=1090"}],"curies":[{"name":"wp","href":"https:\/\/api.w.org\/{rel}","templated":true}]}}