{"id":5149,"date":"2023-02-01T17:07:11","date_gmt":"2023-02-01T14:07:11","guid":{"rendered":"https:\/\/hepsor.ee\/ojakalda\/?page_id=5149"},"modified":"2024-12-19T16:05:36","modified_gmt":"2024-12-19T13:05:36","slug":"eripakkumised","status":"publish","type":"page","link":"https:\/\/hepsor.ee\/ojakalda\/eripakkumised\/","title":{"rendered":"Eripakkumised"},"content":{"rendered":"\n<div class=\"offers-block\">    \n                <div class=\"offer_links d-flex align-items-center justify-content-center flex-wrap text-center\">\n                                            <a class=\"offer_link btn d-none\" href=\"#Kampaania\" target=\"_self\">Kampaania<\/a>\n                                            <a class=\"offer_link btn\" href=\"#Koduvahetus\" target=\"_self\">Koduvahetus<\/a>\n                                            <a class=\"offer_link btn d-none\" href=\"#Kliendip\u00e4ev\" target=\"_self\">Kliendip\u00e4ev<\/a>\n                                            <a class=\"offer_link btn\" href=\"#sisustus\" target=\"_self\">Sisustus<\/a>\n                                            <a class=\"offer_link btn\" href=\"#pangad\" target=\"_self\">Finantsteenused<\/a>\n                    <\/div>\n                <div class=\"offers\">\n                                            <div class=\"offer position-relative flex-column align-items-center justify-content-center text-center d-none\" data-anchor=\"Kampaania\">\n                                            <h2>Kampaania<\/h2>\n                                                                <div class=\"content w100\">\n                                                            <p><span style=\"font-size: 18pt;\"><strong>Ojakalda kodud n\u00fc\u00fcd piirkonna parima hinnaga!<\/strong> <\/span><span style=\"font-size: 18pt;\"><strong>Koli kohe sisse.<\/strong><\/span><\/p>\n<p>Vaated Harku j\u00e4rvele ja metsadele, avar hooviala lilleniidu ja mitme m\u00e4nguv\u00e4ljakuga ning head planeeringud teevad Ojakaldast m\u00f5nusa kodupaiga.<\/p>\n<p>V\u00f5ta meiega \u00fchendust ja tule kodusid vaatama!<\/p>\n<p><strong>Kampaania kehtib 18. detsembrini.\u00a0\u00a0<\/strong><\/p>\n                                                                                                                        <a class=\"btn\" href=\"https:\/\/hepsor.ee\/ojakalda\/hinnad-ja-plaanid\/paldiski-mnt-227c-1\/\" target=\"_self\">Tutvu kodudega<\/a>\n                                                    <\/div>\n                                                        <\/div>\n                                            <div class=\"offer position-relative flex-column align-items-center justify-content-center text-center d-flex\" data-anchor=\"Koduvahetus\">\n                                            <h2>Koduvahetus<\/h2>\n                                                                <div class=\"content w100\">\n                                                            <p><span style=\"font-size: 14pt;\">Aitame m\u00fc\u00fca Teie olemasoleva vara!<\/span><\/p>\n<p>Soovime teha Teie uude koju kolimise kiireks ja mugavaks ja aitame m\u00fc\u00fca Teie vana kodu.<\/p>\n<p>Meie pikaajaline koost\u00f6\u00f6partner <a href=\"https:\/\/www.pindi.ee\/\">Pindi Kinnisvara<\/a> on valmis otsima Teie olemasolevale kinnisvarale uue toreda omaniku ja seda eriti headel tingimustel.<\/p>\n<p>V\u00f5ta \u00fchendust meie m\u00fc\u00fcgijuhiga ja uuri t\u00e4psemalt pakkumise kohta!<br \/>\nJanek Saveljev, +372 502 8581, <a href=\"mailto:janek@hepsor.ee\">janek@hepsor.ee<\/a><\/p>\n                                                                                <\/div>\n                                                        <\/div>\n                                            <div class=\"offer position-relative flex-column align-items-center justify-content-center text-center d-none\" data-anchor=\"Kliendip\u00e4ev\">\n                                            <h2>Kliendip\u00e4ev<\/h2>\n                                                                <div class=\"content w100\">\n                                                            <p>Ojakalda kodud on valmis ja ootame Sind kliendip\u00e4evale!<\/p>\n<p><strong>Kliendip\u00e4ev toimub 26. juunil kell 16-18.<\/strong><\/p>\n<p>Selleks, et saaksime tagada personaalse k\u00fclastuse, palume eelnevalt registreerida:<\/p>\n<p>Janek Saveljev <a href=\"mailto:janek@hepsor.ee\">janek@hepsor.ee<\/a><\/p>\n<p>&nbsp;<\/p>\n                                                                                <\/div>\n                                                        <\/div>\n                                            <div class=\"offer position-relative flex-column align-items-center justify-content-center text-center d-flex\" data-anchor=\"sisustus\">\n                                            <h2>Sisustus<\/h2>\n                                                                <div class=\"content w100\">\n                                                            <p>Uue kodu sisustamise teevad lihtsamaks meie koost\u00f6\u00f6partnerid, kelle juures kehtivad Hepsori klientidele eripakkumised.<\/p>\n                                                                                <\/div>\n                                                                <div class=\"images row align-items-center w100\">\n                                                                                            <div class=\"col item-0 d-flex align-items-center justify-content-center flex-column w100\">\n                                    <a class=\"position-relative w100\" href=\"https:\/\/www.aunman.ee\/?gad_source=1&#038;gclid=CjwKCAiA8sauBhB3EiwAruTRJrzRY-ZqYXt7LRQnC0tFD2mh5DUGPkn90xGNEOhrdVu1q8Rsol8fSBoCzDYQAvD_BwE\" target=\"_blank\">\n                                        <div class=\"image_container w100 h100\">\n                                            <div class=\"image_inside position-relative w100 h100\">\n                                                <img loading=\"lazy\" decoding=\"async\" class=\"w100 h100\" src=\"https:\/\/hepsor.ee\/ojakalda\/wp-content\/uploads\/2024\/02\/Image.jpeg\" width=\"640\" height=\"640\" alt=\"\" \/>\n                                            <\/div>\n                                        <\/div>\n                                    <\/a>\n                                <\/div>\n                                                                                            <div class=\"col item-1 d-flex align-items-center justify-content-center flex-column w100\">\n                                    <a class=\"position-relative w100\" href=\"https:\/\/texstudio.ee\/\" target=\"_blank\">\n                                        <div class=\"image_container w100 h100\">\n                                            <div class=\"image_inside position-relative w100 h100\">\n                                                <img loading=\"lazy\" decoding=\"async\" class=\"w100 h100\" src=\"https:\/\/hepsor.ee\/ojakalda\/wp-content\/uploads\/2024\/01\/Hepsor-Texstudio-banner-480x480px-3.jpg\" width=\"480\" height=\"480\" alt=\"\" \/>\n                                            <\/div>\n                                        <\/div>\n                                    <\/a>\n                                <\/div>\n                                                                                            <div class=\"col item-2 d-flex align-items-center justify-content-center flex-column w100\">\n                                    <a class=\"position-relative w100\" href=\"https:\/\/slept.ee\" target=\"_blank\">\n                                        <div class=\"image_container w100 h100\">\n                                            <div class=\"image_inside position-relative w100 h100\">\n                                                <img loading=\"lazy\" decoding=\"async\" class=\"w100 h100\" src=\"https:\/\/hepsor.ee\/ojakalda\/wp-content\/uploads\/2024\/02\/Slept_Hepsor_Lillekyla_320x320_est.webp\" width=\"320\" height=\"320\" alt=\"\" \/>\n                                            <\/div>\n                                        <\/div>\n                                    <\/a>\n                                <\/div>\n                                                                                            <div class=\"col item-3 d-flex align-items-center justify-content-center flex-column w100\">\n                                    <a class=\"position-relative w100\" href=\"https:\/\/isku.ee\/\" target=\"_blank\">\n                                        <div class=\"image_container w100 h100\">\n                                            <div class=\"image_inside position-relative w100 h100\">\n                                                <img loading=\"lazy\" decoding=\"async\" class=\"w100 h100\" src=\"https:\/\/hepsor.ee\/ojakalda\/wp-content\/uploads\/2024\/02\/Isku-Herpsor-banner-est-2024-320-\u00d7-320-px-1-1.png\" width=\"320\" height=\"320\" alt=\"\" \/>\n                                            <\/div>\n                                        <\/div>\n                                    <\/a>\n                                <\/div>\n                                                    <\/div>\n                                    <\/div>\n                                            <div class=\"offer position-relative flex-column align-items-center justify-content-center text-center d-flex\" data-anchor=\"pangad\">\n                                            <h2>Finantsteenused<\/h2>\n                                                                <div class=\"content w100\">\n                                                            <p>Uuri kodulaenu v\u00f5imalusi ja tingimusi meie koost\u00f6\u00f6partnerilt.<\/p>\n                                                                                <\/div>\n                                                                <div class=\"images row align-items-center w100\">\n                                                                                            <div class=\"col item-0 d-flex align-items-center justify-content-center flex-column w100\">\n                                    <a class=\"position-relative w100\" href=\"https:\/\/www.lhv.ee\/et\/roheline\/tooted\" target=\"_blank\">\n                                        <div class=\"image_container w100 h100\">\n                                            <div class=\"image_inside position-relative w100 h100\">\n                                                <img loading=\"lazy\" decoding=\"async\" class=\"w100 h100\" src=\"https:\/\/hepsor.ee\/ojakalda\/wp-content\/uploads\/2023\/10\/kodulaen_lehel_iti-1.png\" width=\"1000\" height=\"1000\" alt=\"\" \/>\n                                            <\/div>\n                                        <\/div>\n                                    <\/a>\n                                <\/div>\n                                                    <\/div>\n                                    <\/div>\n                    <\/div>\n    <\/div>","protected":false},"excerpt":{"rendered":"","protected":false},"author":1,"featured_media":0,"parent":0,"menu_order":0,"comment_status":"closed","ping_status":"closed","template":"","meta":{"_acf_changed":false,"footnotes":""},"acf":[],"yoast_head":"<!-- This site is optimized with the Yoast SEO plugin v22.9 - https:\/\/yoast.com\/wordpress\/plugins\/seo\/ -->\n<title>Eripakkumised - Ojakalda<\/title>\n<meta name=\"robots\" content=\"index, follow, max-snippet:-1, max-image-preview:large, max-video-preview:-1\" \/>\n<link rel=\"canonical\" href=\"https:\/\/hepsor.ee\/ojakalda\/eripakkumised\/\" \/>\n<meta property=\"og:locale\" content=\"et_EE\" \/>\n<meta property=\"og:type\" content=\"article\" \/>\n<meta property=\"og:title\" content=\"Eripakkumised - Ojakalda\" \/>\n<meta property=\"og:url\" content=\"https:\/\/hepsor.ee\/ojakalda\/eripakkumised\/\" \/>\n<meta property=\"og:site_name\" content=\"Ojakalda\" \/>\n<meta property=\"article:modified_time\" content=\"2024-12-19T13:05:36+00:00\" \/>\n<meta name=\"twitter:card\" content=\"summary_large_image\" \/>\n<script type=\"application\/ld+json\" class=\"yoast-schema-graph\">{\"@context\":\"https:\/\/schema.org\",\"@graph\":[{\"@type\":\"WebPage\",\"@id\":\"https:\/\/hepsor.ee\/ojakalda\/eripakkumised\/\",\"url\":\"https:\/\/hepsor.ee\/ojakalda\/eripakkumised\/\",\"name\":\"Eripakkumised - Ojakalda\",\"isPartOf\":{\"@id\":\"https:\/\/hepsor.ee\/ojakalda\/#website\"},\"datePublished\":\"2023-02-01T14:07:11+00:00\",\"dateModified\":\"2024-12-19T13:05:36+00:00\",\"breadcrumb\":{\"@id\":\"https:\/\/hepsor.ee\/ojakalda\/eripakkumised\/#breadcrumb\"},\"inLanguage\":\"et\",\"potentialAction\":[{\"@type\":\"ReadAction\",\"target\":[\"https:\/\/hepsor.ee\/ojakalda\/eripakkumised\/\"]}]},{\"@type\":\"BreadcrumbList\",\"@id\":\"https:\/\/hepsor.ee\/ojakalda\/eripakkumised\/#breadcrumb\",\"itemListElement\":[{\"@type\":\"ListItem\",\"position\":1,\"name\":\"Home\",\"item\":\"https:\/\/hepsor.ee\/ojakalda\/\"},{\"@type\":\"ListItem\",\"position\":2,\"name\":\"Eripakkumised\"}]},{\"@type\":\"WebSite\",\"@id\":\"https:\/\/hepsor.ee\/ojakalda\/#website\",\"url\":\"https:\/\/hepsor.ee\/ojakalda\/\",\"name\":\"Ojakalda\",\"description\":\"\",\"publisher\":{\"@id\":\"https:\/\/hepsor.ee\/ojakalda\/#organization\"},\"potentialAction\":[{\"@type\":\"SearchAction\",\"target\":{\"@type\":\"EntryPoint\",\"urlTemplate\":\"https:\/\/hepsor.ee\/ojakalda\/?s={search_term_string}\"},\"query-input\":\"required name=search_term_string\"}],\"inLanguage\":\"et\"},{\"@type\":\"Organization\",\"@id\":\"https:\/\/hepsor.ee\/ojakalda\/#organization\",\"name\":\"Ojakalda\",\"url\":\"https:\/\/hepsor.ee\/ojakalda\/\",\"logo\":{\"@type\":\"ImageObject\",\"inLanguage\":\"et\",\"@id\":\"https:\/\/hepsor.ee\/ojakalda\/#\/schema\/logo\/image\/\",\"url\":\"https:\/\/hepsor.ee\/ojakalda\/wp-content\/uploads\/2022\/01\/Group-38-Copy.svg\",\"contentUrl\":\"https:\/\/hepsor.ee\/ojakalda\/wp-content\/uploads\/2022\/01\/Group-38-Copy.svg\",\"width\":110,\"height\":78,\"caption\":\"Ojakalda\"},\"image\":{\"@id\":\"https:\/\/hepsor.ee\/ojakalda\/#\/schema\/logo\/image\/\"}}]}<\/script>\n<!-- \/ Yoast SEO plugin. -->","yoast_head_json":{"title":"Eripakkumised - Ojakalda","robots":{"index":"index","follow":"follow","max-snippet":"max-snippet:-1","max-image-preview":"max-image-preview:large","max-video-preview":"max-video-preview:-1"},"canonical":"https:\/\/hepsor.ee\/ojakalda\/eripakkumised\/","og_locale":"et_EE","og_type":"article","og_title":"Eripakkumised - Ojakalda","og_url":"https:\/\/hepsor.ee\/ojakalda\/eripakkumised\/","og_site_name":"Ojakalda","article_modified_time":"2024-12-19T13:05:36+00:00","twitter_card":"summary_large_image","schema":{"@context":"https:\/\/schema.org","@graph":[{"@type":"WebPage","@id":"https:\/\/hepsor.ee\/ojakalda\/eripakkumised\/","url":"https:\/\/hepsor.ee\/ojakalda\/eripakkumised\/","name":"Eripakkumised - Ojakalda","isPartOf":{"@id":"https:\/\/hepsor.ee\/ojakalda\/#website"},"datePublished":"2023-02-01T14:07:11+00:00","dateModified":"2024-12-19T13:05:36+00:00","breadcrumb":{"@id":"https:\/\/hepsor.ee\/ojakalda\/eripakkumised\/#breadcrumb"},"inLanguage":"et","potentialAction":[{"@type":"ReadAction","target":["https:\/\/hepsor.ee\/ojakalda\/eripakkumised\/"]}]},{"@type":"BreadcrumbList","@id":"https:\/\/hepsor.ee\/ojakalda\/eripakkumised\/#breadcrumb","itemListElement":[{"@type":"ListItem","position":1,"name":"Home","item":"https:\/\/hepsor.ee\/ojakalda\/"},{"@type":"ListItem","position":2,"name":"Eripakkumised"}]},{"@type":"WebSite","@id":"https:\/\/hepsor.ee\/ojakalda\/#website","url":"https:\/\/hepsor.ee\/ojakalda\/","name":"Ojakalda","description":"","publisher":{"@id":"https:\/\/hepsor.ee\/ojakalda\/#organization"},"potentialAction":[{"@type":"SearchAction","target":{"@type":"EntryPoint","urlTemplate":"https:\/\/hepsor.ee\/ojakalda\/?s={search_term_string}"},"query-input":"required name=search_term_string"}],"inLanguage":"et"},{"@type":"Organization","@id":"https:\/\/hepsor.ee\/ojakalda\/#organization","name":"Ojakalda","url":"https:\/\/hepsor.ee\/ojakalda\/","logo":{"@type":"ImageObject","inLanguage":"et","@id":"https:\/\/hepsor.ee\/ojakalda\/#\/schema\/logo\/image\/","url":"https:\/\/hepsor.ee\/ojakalda\/wp-content\/uploads\/2022\/01\/Group-38-Copy.svg","contentUrl":"https:\/\/hepsor.ee\/ojakalda\/wp-content\/uploads\/2022\/01\/Group-38-Copy.svg","width":110,"height":78,"caption":"Ojakalda"},"image":{"@id":"https:\/\/hepsor.ee\/ojakalda\/#\/schema\/logo\/image\/"}}]}},"_links":{"self":[{"href":"https:\/\/hepsor.ee\/ojakalda\/wp-json\/wp\/v2\/pages\/5149"}],"collection":[{"href":"https:\/\/hepsor.ee\/ojakalda\/wp-json\/wp\/v2\/pages"}],"about":[{"href":"https:\/\/hepsor.ee\/ojakalda\/wp-json\/wp\/v2\/types\/page"}],"author":[{"embeddable":true,"href":"https:\/\/hepsor.ee\/ojakalda\/wp-json\/wp\/v2\/users\/1"}],"replies":[{"embeddable":true,"href":"https:\/\/hepsor.ee\/ojakalda\/wp-json\/wp\/v2\/comments?post=5149"}],"version-history":[{"count":153,"href":"https:\/\/hepsor.ee\/ojakalda\/wp-json\/wp\/v2\/pages\/5149\/revisions"}],"predecessor-version":[{"id":9060,"href":"https:\/\/hepsor.ee\/ojakalda\/wp-json\/wp\/v2\/pages\/5149\/revisions\/9060"}],"wp:attachment":[{"href":"https:\/\/hepsor.ee\/ojakalda\/wp-json\/wp\/v2\/media?parent=5149"}],"curies":[{"name":"wp","href":"https:\/\/api.w.org\/{rel}","templated":true}]}}