{"id":5213,"date":"2023-02-01T17:52:07","date_gmt":"2023-02-01T14:52:07","guid":{"rendered":"https:\/\/hepsor.ee\/ojakalda\/?page_id=5213"},"modified":"2024-12-03T11:21:00","modified_gmt":"2024-12-03T08:21:00","slug":"%d1%81%d0%bf%d0%b5%d1%86%d0%b8%d0%b0%d0%bb%d1%8c%d0%bd%d1%8b%d0%b5-%d0%bf%d1%80%d0%b5%d0%b4%d0%bb%d0%be%d0%b6%d0%b5%d0%bd%d0%b8%d1%8f","status":"publish","type":"page","link":"https:\/\/hepsor.ee\/ojakalda\/ru\/%d1%81%d0%bf%d0%b5%d1%86%d0%b8%d0%b0%d0%bb%d1%8c%d0%bd%d1%8b%d0%b5-%d0%bf%d1%80%d0%b5%d0%b4%d0%bb%d0%be%d0%b6%d0%b5%d0%bd%d0%b8%d1%8f\/","title":{"rendered":"\u0421\u043f\u0435\u0446\u0438\u0430\u043b\u044c\u043d\u044b\u0435 \u043f\u0440\u0435\u0434\u043b\u043e\u0436\u0435\u043d\u0438\u044f"},"content":{"rendered":"\n<div class=\"offers-block\">    \n            <div class=\"header_image_wrap position-relative\">\n            <img loading=\"lazy\" decoding=\"async\" class=\"w100 h100\" src=\"https:\/\/hepsor.ee\/ojakalda\/wp-content\/uploads\/2024\/07\/kaupokalda-com-DJI_20240528193531_0058_D-Pano-scaled.jpg\" width=\"2560\" height=\"1024\" alt=\"\" \/>\n        <\/div>\n                <div class=\"offer_links d-flex align-items-center justify-content-center flex-wrap text-center\">\n                                            <a class=\"offer_link btn\" href=\"#\u041a\u0430\u043c\u043f\u0430\u043d\u0438\u044f\" target=\"_self\">\u041a\u0430\u043c\u043f\u0430\u043d\u0438\u044f<\/a>\n                                            <a class=\"offer_link btn\" href=\"#\u0417\u0430\u043c\u0435\u043d\u0430\u00a0\u0436\u0438\u043b\u044c\u044f\" target=\"_self\">\u0417\u0430\u043c\u0435\u043d\u0430\u00a0\u0436\u0438\u043b\u044c\u044f<\/a>\n                                            <a class=\"offer_link btn d-none\" href=\"#\u0414\u0435\u043d\u044c \u043a\u043b\u0438\u0435\u043d\u0442\u0430\" target=\"_self\">\u0414\u0435\u043d\u044c \u043a\u043b\u0438\u0435\u043d\u0442\u0430<\/a>\n                                            <a class=\"offer_link btn d-none\" href=\"#sisustus\" target=\"_self\">Sisustus<\/a>\n                                            <a class=\"offer_link btn\" href=\"#banki\" target=\"_self\">\u0411\u0430\u043d\u043a<\/a>\n                    <\/div>\n                <div class=\"offers\">\n                                            <div class=\"offer position-relative flex-column align-items-center justify-content-center text-center d-flex\" data-anchor=\"\u041a\u0430\u043c\u043f\u0430\u043d\u0438\u044f\">\n                                            <h2>\u041a\u0430\u043c\u043f\u0430\u043d\u0438\u044f<\/h2>\n                                                                <div class=\"content w100\">\n                                                            <p><span style=\"font-size: 18pt;\"><strong>\u0414\u043e\u043c\u0430 \u0432 \u041e\u044f\u043a\u0430\u043b\u0434\u0435 \u0442\u0435\u043f\u0435\u0440\u044c \u043f\u043e \u043b\u0443\u0447\u0448\u0435\u0439 \u0446\u0435\u043d\u0435 \u0432 \u0440\u0435\u0433\u0438\u043e\u043d\u0435! \u041f\u0435\u0440\u0435\u0435\u0437\u0436\u0430\u0439\u0442\u0435 \u0441\u0435\u0439\u0447\u0430\u0441.<\/strong><\/span><\/p>\n<p>\u0412\u0438\u0434 \u043d\u0430 \u043e\u0437\u0435\u0440\u043e \u0425\u0430\u0440\u043a\u0443 \u0438 \u043b\u0435\u0441, \u043f\u0440\u043e\u0441\u0442\u043e\u0440\u043d\u044b\u0439 \u0434\u0432\u043e\u0440 \u0441 \u0446\u0432\u0435\u0442\u043e\u0447\u043d\u043e\u0439 \u043f\u043e\u043b\u044f\u043d\u043e\u0439 \u0438 \u043d\u0435\u0441\u043a\u043e\u043b\u044c\u043a\u0438\u043c\u0438 \u0438\u0433\u0440\u043e\u0432\u044b\u043c\u0438 \u043f\u043b\u043e\u0449\u0430\u0434\u043a\u0430\u043c\u0438, \u0445\u043e\u0440\u043e\u0448\u0430\u044f \u043f\u043b\u0430\u043d\u0438\u0440\u043e\u0432\u043a\u0430 \u0434\u0435\u043b\u0430\u044e\u0442 \u041e\u044f\u043a\u0430\u043b\u0434\u0443 \u043f\u0440\u0438\u044f\u0442\u043d\u044b\u043c \u0434\u043e\u043c\u043e\u043c.<\/p>\n<p>\u0421\u0432\u044f\u0436\u0438\u0442\u0435\u0441\u044c \u0441 \u043d\u0430\u043c\u0438 \u0438 \u043f\u0440\u0438\u0445\u043e\u0434\u0438\u0442\u0435 \u0441\u043c\u043e\u0442\u0440\u0435\u0442\u044c \u0434\u043e\u043c\u0430!<\/p>\n<p><strong>\u0410\u043a\u0446\u0438\u044f \u0434\u0435\u0439\u0441\u0442\u0432\u0443\u0435\u0442 \u0434\u043e 18 \u0434\u0435\u043a\u0430\u0431\u0440\u044f.<\/strong><\/p>\n                                                                                                                        <a class=\"btn\" href=\"https:\/\/hepsor.ee\/ojakalda\/ru\/%d1%86%d0%b5%d0%bd%d1%8b-%d0%b8-%d0%bf%d0%bb%d0%b0%d0%bd%d1%8b\/\" target=\"_self\">\u041f\u043e\u0437\u043d\u0430\u043a\u043e\u043c\u0438\u0442\u044c\u0441\u044f \u0441 \u0430\u043f\u0430\u0440\u0442\u0430\u043c\u0435\u043d\u0442\u0430\u043c\u0438<\/a>\n                                                    <\/div>\n                                                        <\/div>\n                                            <div class=\"offer position-relative flex-column align-items-center justify-content-center text-center d-flex\" data-anchor=\"\u0417\u0430\u043c\u0435\u043d\u0430\u00a0\u0436\u0438\u043b\u044c\u044f\">\n                                            <h2>\u0417\u0430\u043c\u0435\u043d\u0430\u00a0\u0436\u0438\u043b\u044c\u044f<\/h2>\n                                                                <div class=\"content w100\">\n                                                            <p>\u041f\u043e\u043c\u043e\u0436\u0435\u043c \u0412\u0430\u043c \u043f\u0440\u043e\u0434\u0430\u0442\u044c \u0438\u043c\u0435\u044e\u0449\u0443\u044e\u0441\u044f \u043d\u0435\u0434\u0432\u0438\u0436\u0438\u043c\u043e\u0441\u0442\u044c!<\/p>\n<p>\u0416\u0435\u043b\u0430\u0435\u043c \u0412\u0430\u043c \u043f\u043e\u043c\u043e\u0447\u044c \u043f\u0435\u0440\u0435\u0435\u0445\u0430\u0442\u044c \u0432 \u0412\u0430\u0448 \u043d\u043e\u0432\u044b\u0439 \u0434\u043e\u043c \u0431\u044b\u0441\u0442\u0440\u043e \u0438 \u0443\u0434\u043e\u0431\u043d\u043e. \u041d\u0430\u0448 \u043f\u0430\u0440\u0442\u043d\u0451\u0440\u00a0<a class=\"fui-Link ___1rxvrpe f2hkw1w f3rmtva f1ewtqcl fyind8e f1k6fduh f1w7gpdv fk6fouc fjoy568 figsok6 f1hu3pq6 f11qmguv f19f4twv f1tyq0we f1g0x7ka fhxju0i f1qch9an f1cnd47f fqv5qza f1vmzxwi f1o700av f13mvf36 f1cmlufx f9n3di6 f1ids18y f1tx3yz7 f1deo86v f1eh06m1 f1iescvh fhgqx19 f1olyrje f1p93eir f1nev41a f1h8hb77 f1lqvz6u f10aw75t fsle3fq f17ae5zn\" title=\"https:\/\/www.pindi.ee\/\" href=\"https:\/\/www.pindi.ee\/\" target=\"_blank\" rel=\"noreferrer noopener\" aria-label=\"Link Pindi\u00a0Kinnisvara\">Pindi\u00a0Kinnisvara<\/a> \u0433\u043e\u0442\u043e\u0432\u044b \u043d\u0430\u0439\u0442\u0438 \u043d\u0430 \u0412\u0430\u0448\u0435 \u0438\u043c\u0435\u044e\u0449\u0435\u0435\u0441\u044f \u0436\u0438\u043b\u044c\u0451 \u043d\u043e\u0432\u043e\u0433\u043e \u0441\u043e\u0431\u0441\u0442\u0432\u0435\u043d\u043d\u0438\u043a\u0430 \u043d\u0430 \u043e\u0447\u0435\u043d\u044c \u0445\u043e\u0440\u043e\u0448\u0438\u0445 \u0443\u0441\u043b\u043e\u0432\u0438\u044f\u0445.<\/p>\n<p>\u0421\u0432\u044f\u0436\u0438\u0441\u044c \u0441 \u043d\u0430\u0448\u0438\u043c \u043c\u044d\u043d\u0435\u0434\u0436\u0435\u0440\u043e\u043c \u043f\u0440\u043e\u0434\u0430\u0436, \u0438 \u0443\u0437\u043d\u0430\u0439 \u0442\u043e\u0447\u043d\u044b\u0435 \u0443\u0441\u043b\u043e\u0432\u0438\u044f!<br \/>\nJanek\u00a0Saveljev, +372 502 8581,\u00a0<a class=\"fui-Link ___1rxvrpe f2hkw1w f3rmtva f1ewtqcl fyind8e f1k6fduh f1w7gpdv fk6fouc fjoy568 figsok6 f1hu3pq6 f11qmguv f19f4twv f1tyq0we f1g0x7ka fhxju0i f1qch9an f1cnd47f fqv5qza f1vmzxwi f1o700av f13mvf36 f1cmlufx f9n3di6 f1ids18y f1tx3yz7 f1deo86v f1eh06m1 f1iescvh fhgqx19 f1olyrje f1p93eir f1nev41a f1h8hb77 f1lqvz6u f10aw75t fsle3fq f17ae5zn\" title=\"mailto:janek@hepsor.ee\" href=\"mailto:janek@hepsor.ee\" target=\"_blank\" rel=\"noreferrer noopener\" aria-label=\"Link janek@hepsor.ee\">janek@hepsor.ee<\/a><\/p>\n                                                                                <\/div>\n                                                        <\/div>\n                                            <div class=\"offer position-relative flex-column align-items-center justify-content-center text-center d-none\" data-anchor=\"\u0414\u0435\u043d\u044c \u043a\u043b\u0438\u0435\u043d\u0442\u0430\">\n                                            <h2>\u0414\u0435\u043d\u044c \u043a\u043b\u0438\u0435\u043d\u0442\u0430<\/h2>\n                                                                <div class=\"content w100\">\n                                                            <p>\u0414\u043e\u043c\u0430 \u0432 \u041e\u044f\u043a\u0430\u043b\u0434\u0435 \u0433\u043e\u0442\u043e\u0432\u044b \u0438 \u043c\u044b \u0436\u0434\u0435\u043c \u0432\u0430\u0441 \u0432 \u0434\u0435\u043d\u044c \u043a\u043b\u0438\u0435\u043d\u0442\u0430!<\/p>\n<p><strong>\u0414\u0435\u043d\u044c \u043a\u043b\u0438\u0435\u043d\u0442\u0430 \u043f\u0440\u043e\u0439\u0434\u0435\u0442 26 \u0438\u044e\u043d\u044f \u0441 16:00 \u0434\u043e 18:00.<\/strong><\/p>\n<p>\u0414\u043b\u044f \u0442\u043e\u0433\u043e, \u0447\u0442\u043e\u0431\u044b \u043c\u044b \u043c\u043e\u0433\u043b\u0438 \u0433\u0430\u0440\u0430\u043d\u0442\u0438\u0440\u043e\u0432\u0430\u0442\u044c \u043b\u0438\u0447\u043d\u044b\u0439 \u0432\u0438\u0437\u0438\u0442, \u043f\u043e\u0436\u0430\u043b\u0443\u0439\u0441\u0442\u0430, \u0437\u0430\u0440\u0435\u0433\u0438\u0441\u0442\u0440\u0438\u0440\u0443\u0439\u0442\u0435\u0441\u044c \u0437\u0430\u0440\u0430\u043d\u0435\u0435:<\/p>\n<p>Janek Saveljev <a href=\"mailto:janek@hepsor.ee\">janek@hepsor.ee<\/a><\/p>\n                                                                                <\/div>\n                                                        <\/div>\n                                            <div class=\"offer position-relative flex-column align-items-center justify-content-center text-center d-none\" data-anchor=\"sisustus\">\n                                            <h2>Sisustus<\/h2>\n                                                                <div class=\"content w100\">\n                                                            <p>K\u00f5ik vajaliku kodu sisustamiseks leiad meie heade koost\u00f6\u00f6partnerite juurest.<br \/>\nHepsori klientidele kehtivad eripakkumised.<\/p>\n                                                                                <\/div>\n                                                        <\/div>\n                                            <div class=\"offer position-relative flex-column align-items-center justify-content-center text-center d-flex\" data-anchor=\"banki\">\n                                            <h2>\u0411\u0430\u043d\u043a<\/h2>\n                                                                <div class=\"content w100\">\n                                                            <p>\u041e\u0437\u043d\u0430\u043a\u043e\u043c\u044c\u0442\u0435\u0441\u044c \u0441 \u043f\u0440\u0435\u0434\u043b\u043e\u0436\u0435\u043d\u0438\u044f\u043c\u0438 \u0438\u043f\u043e\u0442\u0435\u0447\u043d\u043e\u0433\u043e \u043a\u0440\u0435\u0434\u0438\u0442\u0430 \u043e\u0442 \u043d\u0430\u0448\u0438\u0445 \u043f\u0430\u0440\u0442\u043d\u0435\u0440\u043e\u0432.<\/p>\n                                                                                <\/div>\n                                                                <div class=\"images row align-items-center w100\">\n                                                                                            <div class=\"col item-0 d-flex align-items-center justify-content-center flex-column w100\">\n                                    <a class=\"position-relative w100\" href=\"https:\/\/www.lhv.ee\/ru\/zhilisnyj-kredit\/hodatajstvo\" target=\"_blank\">\n                                        <div class=\"image_container w100 h100\">\n                                            <div class=\"image_inside position-relative w100 h100\">\n                                                <img loading=\"lazy\" decoding=\"async\" class=\"w100 h100\" src=\"https:\/\/hepsor.ee\/ojakalda\/wp-content\/uploads\/2023\/10\/kodulaen_500x500px_iti_2023.06_RU.png\" width=\"500\" height=\"500\" alt=\"\" \/>\n                                            <\/div>\n                                        <\/div>\n                                    <\/a>\n                                <\/div>\n                                                    <\/div>\n                                    <\/div>\n                    <\/div>\n    <\/div>","protected":false},"excerpt":{"rendered":"","protected":false},"author":1,"featured_media":0,"parent":0,"menu_order":0,"comment_status":"closed","ping_status":"closed","template":"","meta":{"_acf_changed":false,"footnotes":""},"acf":[],"yoast_head":"<!-- This site is optimized with the Yoast SEO plugin v22.9 - https:\/\/yoast.com\/wordpress\/plugins\/seo\/ -->\n<title>\u0421\u043f\u0435\u0446\u0438\u0430\u043b\u044c\u043d\u044b\u0435 \u043f\u0440\u0435\u0434\u043b\u043e\u0436\u0435\u043d\u0438\u044f - Ojakalda<\/title>\n<meta name=\"robots\" content=\"index, follow, max-snippet:-1, max-image-preview:large, max-video-preview:-1\" \/>\n<link rel=\"canonical\" href=\"https:\/\/hepsor.ee\/ojakalda\/ru\/%d1%81%d0%bf%d0%b5%d1%86%d0%b8%d0%b0%d0%bb%d1%8c%d0%bd%d1%8b%d0%b5-%d0%bf%d1%80%d0%b5%d0%b4%d0%bb%d0%be%d0%b6%d0%b5%d0%bd%d0%b8%d1%8f\/\" \/>\n<meta property=\"og:locale\" content=\"ru_RU\" \/>\n<meta property=\"og:type\" content=\"article\" \/>\n<meta property=\"og:title\" content=\"\u0421\u043f\u0435\u0446\u0438\u0430\u043b\u044c\u043d\u044b\u0435 \u043f\u0440\u0435\u0434\u043b\u043e\u0436\u0435\u043d\u0438\u044f - Ojakalda\" \/>\n<meta property=\"og:url\" content=\"https:\/\/hepsor.ee\/ojakalda\/ru\/%d1%81%d0%bf%d0%b5%d1%86%d0%b8%d0%b0%d0%bb%d1%8c%d0%bd%d1%8b%d0%b5-%d0%bf%d1%80%d0%b5%d0%b4%d0%bb%d0%be%d0%b6%d0%b5%d0%bd%d0%b8%d1%8f\/\" \/>\n<meta property=\"og:site_name\" content=\"Ojakalda\" \/>\n<meta property=\"article:modified_time\" content=\"2024-12-03T08:21:00+00:00\" \/>\n<meta name=\"twitter:card\" content=\"summary_large_image\" \/>\n<script type=\"application\/ld+json\" class=\"yoast-schema-graph\">{\"@context\":\"https:\/\/schema.org\",\"@graph\":[{\"@type\":\"WebPage\",\"@id\":\"https:\/\/hepsor.ee\/ojakalda\/ru\/%d1%81%d0%bf%d0%b5%d1%86%d0%b8%d0%b0%d0%bb%d1%8c%d0%bd%d1%8b%d0%b5-%d0%bf%d1%80%d0%b5%d0%b4%d0%bb%d0%be%d0%b6%d0%b5%d0%bd%d0%b8%d1%8f\/\",\"url\":\"https:\/\/hepsor.ee\/ojakalda\/ru\/%d1%81%d0%bf%d0%b5%d1%86%d0%b8%d0%b0%d0%bb%d1%8c%d0%bd%d1%8b%d0%b5-%d0%bf%d1%80%d0%b5%d0%b4%d0%bb%d0%be%d0%b6%d0%b5%d0%bd%d0%b8%d1%8f\/\",\"name\":\"\u0421\u043f\u0435\u0446\u0438\u0430\u043b\u044c\u043d\u044b\u0435 \u043f\u0440\u0435\u0434\u043b\u043e\u0436\u0435\u043d\u0438\u044f - Ojakalda\",\"isPartOf\":{\"@id\":\"https:\/\/hepsor.ee\/ojakalda\/ru\/#website\"},\"datePublished\":\"2023-02-01T14:52:07+00:00\",\"dateModified\":\"2024-12-03T08:21:00+00:00\",\"breadcrumb\":{\"@id\":\"https:\/\/hepsor.ee\/ojakalda\/ru\/%d1%81%d0%bf%d0%b5%d1%86%d0%b8%d0%b0%d0%bb%d1%8c%d0%bd%d1%8b%d0%b5-%d0%bf%d1%80%d0%b5%d0%b4%d0%bb%d0%be%d0%b6%d0%b5%d0%bd%d0%b8%d1%8f\/#breadcrumb\"},\"inLanguage\":\"ru-RU\",\"potentialAction\":[{\"@type\":\"ReadAction\",\"target\":[\"https:\/\/hepsor.ee\/ojakalda\/ru\/%d1%81%d0%bf%d0%b5%d1%86%d0%b8%d0%b0%d0%bb%d1%8c%d0%bd%d1%8b%d0%b5-%d0%bf%d1%80%d0%b5%d0%b4%d0%bb%d0%be%d0%b6%d0%b5%d0%bd%d0%b8%d1%8f\/\"]}]},{\"@type\":\"BreadcrumbList\",\"@id\":\"https:\/\/hepsor.ee\/ojakalda\/ru\/%d1%81%d0%bf%d0%b5%d1%86%d0%b8%d0%b0%d0%bb%d1%8c%d0%bd%d1%8b%d0%b5-%d0%bf%d1%80%d0%b5%d0%b4%d0%bb%d0%be%d0%b6%d0%b5%d0%bd%d0%b8%d1%8f\/#breadcrumb\",\"itemListElement\":[{\"@type\":\"ListItem\",\"position\":1,\"name\":\"Home\",\"item\":\"https:\/\/hepsor.ee\/ojakalda\/ru\/\"},{\"@type\":\"ListItem\",\"position\":2,\"name\":\"\u0421\u043f\u0435\u0446\u0438\u0430\u043b\u044c\u043d\u044b\u0435 \u043f\u0440\u0435\u0434\u043b\u043e\u0436\u0435\u043d\u0438\u044f\"}]},{\"@type\":\"WebSite\",\"@id\":\"https:\/\/hepsor.ee\/ojakalda\/ru\/#website\",\"url\":\"https:\/\/hepsor.ee\/ojakalda\/ru\/\",\"name\":\"Ojakalda\",\"description\":\"\",\"publisher\":{\"@id\":\"https:\/\/hepsor.ee\/ojakalda\/ru\/#organization\"},\"potentialAction\":[{\"@type\":\"SearchAction\",\"target\":{\"@type\":\"EntryPoint\",\"urlTemplate\":\"https:\/\/hepsor.ee\/ojakalda\/ru\/?s={search_term_string}\"},\"query-input\":\"required name=search_term_string\"}],\"inLanguage\":\"ru-RU\"},{\"@type\":\"Organization\",\"@id\":\"https:\/\/hepsor.ee\/ojakalda\/ru\/#organization\",\"name\":\"Ojakalda\",\"url\":\"https:\/\/hepsor.ee\/ojakalda\/ru\/\",\"logo\":{\"@type\":\"ImageObject\",\"inLanguage\":\"ru-RU\",\"@id\":\"https:\/\/hepsor.ee\/ojakalda\/ru\/#\/schema\/logo\/image\/\",\"url\":\"https:\/\/hepsor.ee\/ojakalda\/wp-content\/uploads\/2022\/01\/Group-38-Copy.svg\",\"contentUrl\":\"https:\/\/hepsor.ee\/ojakalda\/wp-content\/uploads\/2022\/01\/Group-38-Copy.svg\",\"width\":110,\"height\":78,\"caption\":\"Ojakalda\"},\"image\":{\"@id\":\"https:\/\/hepsor.ee\/ojakalda\/ru\/#\/schema\/logo\/image\/\"}}]}<\/script>\n<!-- \/ Yoast SEO plugin. -->","yoast_head_json":{"title":"\u0421\u043f\u0435\u0446\u0438\u0430\u043b\u044c\u043d\u044b\u0435 \u043f\u0440\u0435\u0434\u043b\u043e\u0436\u0435\u043d\u0438\u044f - Ojakalda","robots":{"index":"index","follow":"follow","max-snippet":"max-snippet:-1","max-image-preview":"max-image-preview:large","max-video-preview":"max-video-preview:-1"},"canonical":"https:\/\/hepsor.ee\/ojakalda\/ru\/%d1%81%d0%bf%d0%b5%d1%86%d0%b8%d0%b0%d0%bb%d1%8c%d0%bd%d1%8b%d0%b5-%d0%bf%d1%80%d0%b5%d0%b4%d0%bb%d0%be%d0%b6%d0%b5%d0%bd%d0%b8%d1%8f\/","og_locale":"ru_RU","og_type":"article","og_title":"\u0421\u043f\u0435\u0446\u0438\u0430\u043b\u044c\u043d\u044b\u0435 \u043f\u0440\u0435\u0434\u043b\u043e\u0436\u0435\u043d\u0438\u044f - Ojakalda","og_url":"https:\/\/hepsor.ee\/ojakalda\/ru\/%d1%81%d0%bf%d0%b5%d1%86%d0%b8%d0%b0%d0%bb%d1%8c%d0%bd%d1%8b%d0%b5-%d0%bf%d1%80%d0%b5%d0%b4%d0%bb%d0%be%d0%b6%d0%b5%d0%bd%d0%b8%d1%8f\/","og_site_name":"Ojakalda","article_modified_time":"2024-12-03T08:21:00+00:00","twitter_card":"summary_large_image","schema":{"@context":"https:\/\/schema.org","@graph":[{"@type":"WebPage","@id":"https:\/\/hepsor.ee\/ojakalda\/ru\/%d1%81%d0%bf%d0%b5%d1%86%d0%b8%d0%b0%d0%bb%d1%8c%d0%bd%d1%8b%d0%b5-%d0%bf%d1%80%d0%b5%d0%b4%d0%bb%d0%be%d0%b6%d0%b5%d0%bd%d0%b8%d1%8f\/","url":"https:\/\/hepsor.ee\/ojakalda\/ru\/%d1%81%d0%bf%d0%b5%d1%86%d0%b8%d0%b0%d0%bb%d1%8c%d0%bd%d1%8b%d0%b5-%d0%bf%d1%80%d0%b5%d0%b4%d0%bb%d0%be%d0%b6%d0%b5%d0%bd%d0%b8%d1%8f\/","name":"\u0421\u043f\u0435\u0446\u0438\u0430\u043b\u044c\u043d\u044b\u0435 \u043f\u0440\u0435\u0434\u043b\u043e\u0436\u0435\u043d\u0438\u044f - Ojakalda","isPartOf":{"@id":"https:\/\/hepsor.ee\/ojakalda\/ru\/#website"},"datePublished":"2023-02-01T14:52:07+00:00","dateModified":"2024-12-03T08:21:00+00:00","breadcrumb":{"@id":"https:\/\/hepsor.ee\/ojakalda\/ru\/%d1%81%d0%bf%d0%b5%d1%86%d0%b8%d0%b0%d0%bb%d1%8c%d0%bd%d1%8b%d0%b5-%d0%bf%d1%80%d0%b5%d0%b4%d0%bb%d0%be%d0%b6%d0%b5%d0%bd%d0%b8%d1%8f\/#breadcrumb"},"inLanguage":"ru-RU","potentialAction":[{"@type":"ReadAction","target":["https:\/\/hepsor.ee\/ojakalda\/ru\/%d1%81%d0%bf%d0%b5%d1%86%d0%b8%d0%b0%d0%bb%d1%8c%d0%bd%d1%8b%d0%b5-%d0%bf%d1%80%d0%b5%d0%b4%d0%bb%d0%be%d0%b6%d0%b5%d0%bd%d0%b8%d1%8f\/"]}]},{"@type":"BreadcrumbList","@id":"https:\/\/hepsor.ee\/ojakalda\/ru\/%d1%81%d0%bf%d0%b5%d1%86%d0%b8%d0%b0%d0%bb%d1%8c%d0%bd%d1%8b%d0%b5-%d0%bf%d1%80%d0%b5%d0%b4%d0%bb%d0%be%d0%b6%d0%b5%d0%bd%d0%b8%d1%8f\/#breadcrumb","itemListElement":[{"@type":"ListItem","position":1,"name":"Home","item":"https:\/\/hepsor.ee\/ojakalda\/ru\/"},{"@type":"ListItem","position":2,"name":"\u0421\u043f\u0435\u0446\u0438\u0430\u043b\u044c\u043d\u044b\u0435 \u043f\u0440\u0435\u0434\u043b\u043e\u0436\u0435\u043d\u0438\u044f"}]},{"@type":"WebSite","@id":"https:\/\/hepsor.ee\/ojakalda\/ru\/#website","url":"https:\/\/hepsor.ee\/ojakalda\/ru\/","name":"Ojakalda","description":"","publisher":{"@id":"https:\/\/hepsor.ee\/ojakalda\/ru\/#organization"},"potentialAction":[{"@type":"SearchAction","target":{"@type":"EntryPoint","urlTemplate":"https:\/\/hepsor.ee\/ojakalda\/ru\/?s={search_term_string}"},"query-input":"required name=search_term_string"}],"inLanguage":"ru-RU"},{"@type":"Organization","@id":"https:\/\/hepsor.ee\/ojakalda\/ru\/#organization","name":"Ojakalda","url":"https:\/\/hepsor.ee\/ojakalda\/ru\/","logo":{"@type":"ImageObject","inLanguage":"ru-RU","@id":"https:\/\/hepsor.ee\/ojakalda\/ru\/#\/schema\/logo\/image\/","url":"https:\/\/hepsor.ee\/ojakalda\/wp-content\/uploads\/2022\/01\/Group-38-Copy.svg","contentUrl":"https:\/\/hepsor.ee\/ojakalda\/wp-content\/uploads\/2022\/01\/Group-38-Copy.svg","width":110,"height":78,"caption":"Ojakalda"},"image":{"@id":"https:\/\/hepsor.ee\/ojakalda\/ru\/#\/schema\/logo\/image\/"}}]}},"_links":{"self":[{"href":"https:\/\/hepsor.ee\/ojakalda\/ru\/wp-json\/wp\/v2\/pages\/5213"}],"collection":[{"href":"https:\/\/hepsor.ee\/ojakalda\/ru\/wp-json\/wp\/v2\/pages"}],"about":[{"href":"https:\/\/hepsor.ee\/ojakalda\/ru\/wp-json\/wp\/v2\/types\/page"}],"author":[{"embeddable":true,"href":"https:\/\/hepsor.ee\/ojakalda\/ru\/wp-json\/wp\/v2\/users\/1"}],"replies":[{"embeddable":true,"href":"https:\/\/hepsor.ee\/ojakalda\/ru\/wp-json\/wp\/v2\/comments?post=5213"}],"version-history":[{"count":57,"href":"https:\/\/hepsor.ee\/ojakalda\/ru\/wp-json\/wp\/v2\/pages\/5213\/revisions"}],"predecessor-version":[{"id":9008,"href":"https:\/\/hepsor.ee\/ojakalda\/ru\/wp-json\/wp\/v2\/pages\/5213\/revisions\/9008"}],"wp:attachment":[{"href":"https:\/\/hepsor.ee\/ojakalda\/ru\/wp-json\/wp\/v2\/media?parent=5213"}],"curies":[{"name":"wp","href":"https:\/\/api.w.org\/{rel}","templated":true}]}}