{"id":5183,"date":"2023-02-01T17:46:53","date_gmt":"2023-02-01T14:46:53","guid":{"rendered":"https:\/\/hepsor.ee\/ojakalda\/?page_id=5183"},"modified":"2024-12-03T11:20:49","modified_gmt":"2024-12-03T08:20:49","slug":"special-offers","status":"publish","type":"page","link":"https:\/\/hepsor.ee\/ojakalda\/en\/special-offers\/","title":{"rendered":"Special offers"},"content":{"rendered":"\n<div class=\"offers-block\">    \n            <div class=\"header_image_wrap position-relative\">\n            <img loading=\"lazy\" decoding=\"async\" class=\"w100 h100\" src=\"https:\/\/hepsor.ee\/ojakalda\/wp-content\/uploads\/2024\/07\/kaupokalda-com-DJI_20240528193531_0058_D-Pano-scaled.jpg\" width=\"2560\" height=\"1024\" alt=\"\" \/>\n        <\/div>\n                <div class=\"offer_links d-flex align-items-center justify-content-center flex-wrap text-center\">\n                                            <a class=\"offer_link btn\" href=\"#Campaign\" target=\"_self\">Campaign<\/a>\n                                            <a class=\"offer_link btn\" href=\"#Selling an existing property\" target=\"_self\">Selling an existing property<\/a>\n                                            <a class=\"offer_link btn d-none\" href=\"#sisustus\" target=\"_self\">Sisustus<\/a>\n                                            <a class=\"offer_link btn\" href=\"#banks\" target=\"_self\">Bank<\/a>\n                    <\/div>\n                <div class=\"offers\">\n                                            <div class=\"offer position-relative flex-column align-items-center justify-content-center text-center d-flex\" data-anchor=\"Campaign\">\n                                            <h2>Campaign<\/h2>\n                                                                <div class=\"content w100\">\n                                                            <p><span style=\"font-size: 18pt;\"><strong>Ojakalda homes now with the best price in the region. Move in now!<\/strong><\/span><\/p>\n<p>Views of the Harku lake and forests, a spacious yard area with a flower meadow and several playgrounds, and good layouts make Ojakalda a pleasant home.<\/p>\n<p>Contact us and come see the homes!<\/p>\n<p><strong>The campaign is valid until December 18.<\/strong><\/p>\n                                                                                                                        <a class=\"btn\" href=\"https:\/\/hepsor.ee\/ojakalda\/en\/prices-and-plans\/\" target=\"_self\">Prices and plans<\/a>\n                                                    <\/div>\n                                                        <\/div>\n                                            <div class=\"offer position-relative flex-column align-items-center justify-content-center text-center d-flex\" data-anchor=\"Selling an existing property\">\n                                            <h2>Selling an existing property<\/h2>\n                                                                <div class=\"content w100\">\n                                                            <p><span style=\"font-size: 14pt;\">We help sell your existing property!<\/span><\/p>\n<p>We want to make your move to a new home quick and comfortable and help you sell your old home.<\/p>\n<p>Our long-term partner <a href=\"https:\/\/www.pindi.ee\/\"><strong>Pindi Kinnisvara<\/strong><\/a> is ready to find a nice new owner for your existing property, and on particularly good terms.<\/p>\n<p>Contact our sales manager and find out more about the offer!<br \/>\nJanek Saveljev, +372 502 8581, <a href=\"mailto:janek@hepsor.ee\">janek@hepsor.ee<\/a><\/p>\n                                                                                <\/div>\n                                                        <\/div>\n                                            <div class=\"offer position-relative flex-column align-items-center justify-content-center text-center d-none\" data-anchor=\"sisustus\">\n                                            <h2>Sisustus<\/h2>\n                                                                <div class=\"content w100\">\n                                                            <p>K\u00f5ik vajaliku kodu sisustamiseks leiad meie heade koost\u00f6\u00f6partnerite juurest.<br \/>\nHepsori klientidele kehtivad eripakkumised.<\/p>\n                                                                                <\/div>\n                                                        <\/div>\n                                            <div class=\"offer position-relative flex-column align-items-center justify-content-center text-center d-flex\" data-anchor=\"banks\">\n                                            <h2>Bank<\/h2>\n                                                                <div class=\"content w100\">\n                                                            <p>Explore home loan offers from our partner.<\/p>\n                                                                                <\/div>\n                                                                <div class=\"images row align-items-center w100\">\n                                                                                            <div class=\"col item-0 d-flex align-items-center justify-content-center flex-column w100\">\n                                    <a class=\"position-relative w100\" href=\"https:\/\/www.lhv.ee\/en\/green\/products\" target=\"_blank\">\n                                        <div class=\"image_container w100 h100\">\n                                            <div class=\"image_inside position-relative w100 h100\">\n                                                <img loading=\"lazy\" decoding=\"async\" class=\"w100 h100\" src=\"https:\/\/hepsor.ee\/ojakalda\/wp-content\/uploads\/2023\/10\/kodulaen_500x500px_iti_2023.06_EN.png\" width=\"500\" height=\"500\" alt=\"\" \/>\n                                            <\/div>\n                                        <\/div>\n                                    <\/a>\n                                <\/div>\n                                                    <\/div>\n                                    <\/div>\n                    <\/div>\n    <\/div>","protected":false},"excerpt":{"rendered":"","protected":false},"author":1,"featured_media":0,"parent":0,"menu_order":0,"comment_status":"closed","ping_status":"closed","template":"","meta":{"_acf_changed":false,"footnotes":""},"acf":[],"yoast_head":"<!-- This site is optimized with the Yoast SEO plugin v22.9 - https:\/\/yoast.com\/wordpress\/plugins\/seo\/ -->\n<title>Special offers - Ojakalda<\/title>\n<meta name=\"robots\" content=\"index, follow, max-snippet:-1, max-image-preview:large, max-video-preview:-1\" \/>\n<link rel=\"canonical\" href=\"https:\/\/hepsor.ee\/ojakalda\/en\/special-offers\/\" \/>\n<meta property=\"og:locale\" content=\"en_US\" \/>\n<meta property=\"og:type\" content=\"article\" \/>\n<meta property=\"og:title\" content=\"Special offers - Ojakalda\" \/>\n<meta property=\"og:url\" content=\"https:\/\/hepsor.ee\/ojakalda\/en\/special-offers\/\" \/>\n<meta property=\"og:site_name\" content=\"Ojakalda\" \/>\n<meta property=\"article:modified_time\" content=\"2024-12-03T08:20:49+00:00\" \/>\n<meta name=\"twitter:card\" content=\"summary_large_image\" \/>\n<script type=\"application\/ld+json\" class=\"yoast-schema-graph\">{\"@context\":\"https:\/\/schema.org\",\"@graph\":[{\"@type\":\"WebPage\",\"@id\":\"https:\/\/hepsor.ee\/ojakalda\/en\/special-offers\/\",\"url\":\"https:\/\/hepsor.ee\/ojakalda\/en\/special-offers\/\",\"name\":\"Special offers - Ojakalda\",\"isPartOf\":{\"@id\":\"https:\/\/hepsor.ee\/ojakalda\/en\/#website\"},\"datePublished\":\"2023-02-01T14:46:53+00:00\",\"dateModified\":\"2024-12-03T08:20:49+00:00\",\"breadcrumb\":{\"@id\":\"https:\/\/hepsor.ee\/ojakalda\/en\/special-offers\/#breadcrumb\"},\"inLanguage\":\"en-US\",\"potentialAction\":[{\"@type\":\"ReadAction\",\"target\":[\"https:\/\/hepsor.ee\/ojakalda\/en\/special-offers\/\"]}]},{\"@type\":\"BreadcrumbList\",\"@id\":\"https:\/\/hepsor.ee\/ojakalda\/en\/special-offers\/#breadcrumb\",\"itemListElement\":[{\"@type\":\"ListItem\",\"position\":1,\"name\":\"Home\",\"item\":\"https:\/\/hepsor.ee\/ojakalda\/en\/\"},{\"@type\":\"ListItem\",\"position\":2,\"name\":\"Special offers\"}]},{\"@type\":\"WebSite\",\"@id\":\"https:\/\/hepsor.ee\/ojakalda\/en\/#website\",\"url\":\"https:\/\/hepsor.ee\/ojakalda\/en\/\",\"name\":\"Ojakalda\",\"description\":\"\",\"publisher\":{\"@id\":\"https:\/\/hepsor.ee\/ojakalda\/en\/#organization\"},\"potentialAction\":[{\"@type\":\"SearchAction\",\"target\":{\"@type\":\"EntryPoint\",\"urlTemplate\":\"https:\/\/hepsor.ee\/ojakalda\/en\/?s={search_term_string}\"},\"query-input\":\"required name=search_term_string\"}],\"inLanguage\":\"en-US\"},{\"@type\":\"Organization\",\"@id\":\"https:\/\/hepsor.ee\/ojakalda\/en\/#organization\",\"name\":\"Ojakalda\",\"url\":\"https:\/\/hepsor.ee\/ojakalda\/en\/\",\"logo\":{\"@type\":\"ImageObject\",\"inLanguage\":\"en-US\",\"@id\":\"https:\/\/hepsor.ee\/ojakalda\/en\/#\/schema\/logo\/image\/\",\"url\":\"https:\/\/hepsor.ee\/ojakalda\/wp-content\/uploads\/2022\/01\/Group-38-Copy.svg\",\"contentUrl\":\"https:\/\/hepsor.ee\/ojakalda\/wp-content\/uploads\/2022\/01\/Group-38-Copy.svg\",\"width\":110,\"height\":78,\"caption\":\"Ojakalda\"},\"image\":{\"@id\":\"https:\/\/hepsor.ee\/ojakalda\/en\/#\/schema\/logo\/image\/\"}}]}<\/script>\n<!-- \/ Yoast SEO plugin. -->","yoast_head_json":{"title":"Special offers - Ojakalda","robots":{"index":"index","follow":"follow","max-snippet":"max-snippet:-1","max-image-preview":"max-image-preview:large","max-video-preview":"max-video-preview:-1"},"canonical":"https:\/\/hepsor.ee\/ojakalda\/en\/special-offers\/","og_locale":"en_US","og_type":"article","og_title":"Special offers - Ojakalda","og_url":"https:\/\/hepsor.ee\/ojakalda\/en\/special-offers\/","og_site_name":"Ojakalda","article_modified_time":"2024-12-03T08:20:49+00:00","twitter_card":"summary_large_image","schema":{"@context":"https:\/\/schema.org","@graph":[{"@type":"WebPage","@id":"https:\/\/hepsor.ee\/ojakalda\/en\/special-offers\/","url":"https:\/\/hepsor.ee\/ojakalda\/en\/special-offers\/","name":"Special offers - Ojakalda","isPartOf":{"@id":"https:\/\/hepsor.ee\/ojakalda\/en\/#website"},"datePublished":"2023-02-01T14:46:53+00:00","dateModified":"2024-12-03T08:20:49+00:00","breadcrumb":{"@id":"https:\/\/hepsor.ee\/ojakalda\/en\/special-offers\/#breadcrumb"},"inLanguage":"en-US","potentialAction":[{"@type":"ReadAction","target":["https:\/\/hepsor.ee\/ojakalda\/en\/special-offers\/"]}]},{"@type":"BreadcrumbList","@id":"https:\/\/hepsor.ee\/ojakalda\/en\/special-offers\/#breadcrumb","itemListElement":[{"@type":"ListItem","position":1,"name":"Home","item":"https:\/\/hepsor.ee\/ojakalda\/en\/"},{"@type":"ListItem","position":2,"name":"Special offers"}]},{"@type":"WebSite","@id":"https:\/\/hepsor.ee\/ojakalda\/en\/#website","url":"https:\/\/hepsor.ee\/ojakalda\/en\/","name":"Ojakalda","description":"","publisher":{"@id":"https:\/\/hepsor.ee\/ojakalda\/en\/#organization"},"potentialAction":[{"@type":"SearchAction","target":{"@type":"EntryPoint","urlTemplate":"https:\/\/hepsor.ee\/ojakalda\/en\/?s={search_term_string}"},"query-input":"required name=search_term_string"}],"inLanguage":"en-US"},{"@type":"Organization","@id":"https:\/\/hepsor.ee\/ojakalda\/en\/#organization","name":"Ojakalda","url":"https:\/\/hepsor.ee\/ojakalda\/en\/","logo":{"@type":"ImageObject","inLanguage":"en-US","@id":"https:\/\/hepsor.ee\/ojakalda\/en\/#\/schema\/logo\/image\/","url":"https:\/\/hepsor.ee\/ojakalda\/wp-content\/uploads\/2022\/01\/Group-38-Copy.svg","contentUrl":"https:\/\/hepsor.ee\/ojakalda\/wp-content\/uploads\/2022\/01\/Group-38-Copy.svg","width":110,"height":78,"caption":"Ojakalda"},"image":{"@id":"https:\/\/hepsor.ee\/ojakalda\/en\/#\/schema\/logo\/image\/"}}]}},"_links":{"self":[{"href":"https:\/\/hepsor.ee\/ojakalda\/en\/wp-json\/wp\/v2\/pages\/5183"}],"collection":[{"href":"https:\/\/hepsor.ee\/ojakalda\/en\/wp-json\/wp\/v2\/pages"}],"about":[{"href":"https:\/\/hepsor.ee\/ojakalda\/en\/wp-json\/wp\/v2\/types\/page"}],"author":[{"embeddable":true,"href":"https:\/\/hepsor.ee\/ojakalda\/en\/wp-json\/wp\/v2\/users\/1"}],"replies":[{"embeddable":true,"href":"https:\/\/hepsor.ee\/ojakalda\/en\/wp-json\/wp\/v2\/comments?post=5183"}],"version-history":[{"count":53,"href":"https:\/\/hepsor.ee\/ojakalda\/en\/wp-json\/wp\/v2\/pages\/5183\/revisions"}],"predecessor-version":[{"id":9007,"href":"https:\/\/hepsor.ee\/ojakalda\/en\/wp-json\/wp\/v2\/pages\/5183\/revisions\/9007"}],"wp:attachment":[{"href":"https:\/\/hepsor.ee\/ojakalda\/en\/wp-json\/wp\/v2\/media?parent=5183"}],"curies":[{"name":"wp","href":"https:\/\/api.w.org\/{rel}","templated":true}]}}