{"id":594,"date":"2025-02-11T10:38:27","date_gmt":"2025-02-11T07:38:27","guid":{"rendered":"https:\/\/hepsor.ee\/manufaktuurivabrik\/?page_id=594"},"modified":"2026-03-24T13:37:09","modified_gmt":"2026-03-24T10:37:09","slug":"hoonest","status":"publish","type":"page","link":"https:\/\/hepsor.ee\/manufaktuurivabrik\/hoonest\/","title":{"rendered":"Hoonest"},"content":{"rendered":"\n<section class=\"front-header-block position-relative\">\n    <div class=\"background position-absolute top-0 start-0 w-100 h-100\">\n                    <div class=\"image w-100 h-100 bg-center no-lazy d-md-block d-none\" style=\"background-image: url(https:\/\/hepsor.ee\/manufaktuurivabrik\/wp-content\/uploads\/2026\/03\/6-manufaktuur-scaled.jpg);\"><\/div>\n        \n                    <div class=\"image w-100 h-100 bg-center no-lazy d-md-none d-block\" style=\"background-image: url(https:\/\/hepsor.ee\/manufaktuurivabrik\/wp-content\/uploads\/2026\/03\/tulevik_mob.png);\"><\/div>\n            <\/div>\n<\/section>\n\n\n<section class=\"text-column-block py-md-136 py-80\">\n    <div class=\"container\">\n        <div class=\"row gx-xl-64 gx-md-48\">\n                            <div class=\"col col-xl-6 col-12 text-xl-end text-center\">\n                    <div class=\"col-title d-flex flex-column fade-accent\">\n                                                    <div class=\"col-main-title position-relative\">\n                                <div class=\"col-main-title-bg bg-white position-absolute w-100 h-100\"><\/div>\n                                <h1 class=\"position-relative mb-0\">silmapaistev<\/h1>\n                            <\/div>\n                        \n                                                    <div class=\"col-accent-title\">\n                                <h1 class=\"h-accent mb-0\">tervik<\/h1>\n                            <\/div>\n                                            <\/div>\n                <\/div>\n                                        <div class=\"col col-xl-6 col-12\">\n                    <div class=\"col-text text-xl-start text-center\">\n                        <div class=\"col-text-content\">\n                            <p>Kuuekorruseline hoone \u00fchendab ajaloolise arhitektuuri ja t\u00e4nap\u00e4evased elulahendused. Maa-alusel korrusel paiknevad parkla ja panipaigad, esimesel korrusel aga kodud ja \u00e4ripinnad koos \u00fchiskasutatavate rattaruumide ja lapsevankrite hoiualadega. Hoone keskseks ruumiks on avar ja valgusk\u00fcllane aatrium, mis seob erinevad funktsioonid \u00fchtseks tervikuks.<\/p>\n                        <\/div>\n                                            <\/div>\n                <\/div>\n                    <\/div>\n    <\/div>\n<\/section>\n\n\n<section class=\"icons-list-block py-lg-136 py-56 text-center\">\n    <div class=\"container\">\n        <div class=\"row justify-content-lg-between justify-content-center gy-lg-80 gy-md-72 gy-48 gx-md-48 gx-24\">\n                                            <div class=\"icon col-12 col-md-6 col-lg-4 d-flex flex-column align-items-center\">\n                    <div class=\"image-wrapper w-100 d-flex justify-content-center align-items-center mb-md-32 mb-16\">\n                        <img loading=\"lazy\" decoding=\"async\"\n                            class=\"object-fit-contain\"\n                            src=\"https:\/\/hepsor.ee\/manufaktuurivabrik\/wp-content\/uploads\/2026\/02\/A.svg\"\n                            width=\"39\"\n                            height=\"40\"\n                            alt=\"\"\n                        \/>\n                    <\/div>\n                    <div class=\"text-wrapper d-flex align-items-center fs-20 text-uppercase\">\n                        <p>ENERGIA-<br \/>\r\nKLASS<\/p>\n                    <\/div>\n                <\/div>\n                                            <div class=\"icon col-12 col-md-6 col-lg-4 d-flex flex-column align-items-center\">\n                    <div class=\"image-wrapper w-100 d-flex justify-content-center align-items-center mb-md-32 mb-16\">\n                        <img loading=\"lazy\" decoding=\"async\"\n                            class=\"object-fit-contain\"\n                            src=\"https:\/\/hepsor.ee\/manufaktuurivabrik\/wp-content\/uploads\/2026\/02\/Group-2773.svg\"\n                            width=\"76\"\n                            height=\"44\"\n                            alt=\"\"\n                        \/>\n                    <\/div>\n                    <div class=\"text-wrapper d-flex align-items-center fs-20 text-uppercase\">\n                        <p>AJALOOLISES OSAS<br \/>\r\nFASSAAD TELLISTEST <br \/>\r\nJA PAEKIVIST<br \/>\r\n<\/p>\n                    <\/div>\n                <\/div>\n                                            <div class=\"icon col-12 col-md-6 col-lg-4 d-flex flex-column align-items-center\">\n                    <div class=\"image-wrapper w-100 d-flex justify-content-center align-items-center mb-md-32 mb-16\">\n                        <img loading=\"lazy\" decoding=\"async\"\n                            class=\"object-fit-contain\"\n                            src=\"https:\/\/hepsor.ee\/manufaktuurivabrik\/wp-content\/uploads\/2026\/02\/Layer_1-2-1.svg\"\n                            width=\"33\"\n                            height=\"56\"\n                            alt=\"\"\n                        \/>\n                    <\/div>\n                    <div class=\"text-wrapper d-flex align-items-center fs-20 text-uppercase\">\n                        <p>K\u00d5RGED <br \/>\r\nAKNAD<\/p>\n                    <\/div>\n                <\/div>\n                                            <div class=\"icon col-12 col-md-6 col-lg-4 d-flex flex-column align-items-center\">\n                    <div class=\"image-wrapper w-100 d-flex justify-content-center align-items-center mb-md-32 mb-16\">\n                        <img loading=\"lazy\" decoding=\"async\"\n                            class=\"object-fit-contain\"\n                            src=\"https:\/\/hepsor.ee\/manufaktuurivabrik\/wp-content\/uploads\/2026\/02\/Layer_1-1-1.svg\"\n                            width=\"30\"\n                            height=\"56\"\n                            alt=\"\"\n                        \/>\n                    <\/div>\n                    <div class=\"text-wrapper d-flex align-items-center fs-20 text-uppercase\">\n                        <p>Energiat\u00f5hus<br \/>\r\nkaugk\u00fcte ja -jahutus<\/p>\n                    <\/div>\n                <\/div>\n                                            <div class=\"icon col-12 col-md-6 col-lg-4 d-flex flex-column align-items-center\">\n                    <div class=\"image-wrapper w-100 d-flex justify-content-center align-items-center mb-md-32 mb-16\">\n                        <img loading=\"lazy\" decoding=\"async\"\n                            class=\"object-fit-contain\"\n                            src=\"https:\/\/hepsor.ee\/manufaktuurivabrik\/wp-content\/uploads\/2026\/02\/Frame-42.svg\"\n                            width=\"65\"\n                            height=\"65\"\n                            alt=\"\"\n                        \/>\n                    <\/div>\n                    <div class=\"text-wrapper d-flex align-items-center fs-20 text-uppercase\">\n                        <p>TSENTRAALNE<br \/>\r\nVENTILATSIOON<\/p>\n                    <\/div>\n                <\/div>\n                                            <div class=\"icon col-12 col-md-6 col-lg-4 d-flex flex-column align-items-center\">\n                    <div class=\"image-wrapper w-100 d-flex justify-content-center align-items-center mb-md-32 mb-16\">\n                        <img loading=\"lazy\" decoding=\"async\"\n                            class=\"object-fit-contain\"\n                            src=\"https:\/\/hepsor.ee\/manufaktuurivabrik\/wp-content\/uploads\/2025\/09\/Layer_1-6.svg\"\n                            width=\"50\"\n                            height=\"61\"\n                            alt=\"\"\n                        \/>\n                    <\/div>\n                    <div class=\"text-wrapper d-flex align-items-center fs-20 text-uppercase\">\n                        <p>\u00d5\u00d5NESBETOON-<br \/>\r\nPLOKID<\/p>\n                    <\/div>\n                <\/div>\n                    <\/div>\n    <\/div>\n<\/section>\n\n\n<section class=\"container-text-image-block overflow-hidden pt-lg-68 pb-lg-136 py-80\">\n    <div class=\"container\">\n        <div class=\"row align-items-center gx-xl-80 flex-row-reverse\">\n            <div class=\"text-col mb-xl-0 mb-80 col col-lg col-12\">\n                <div class=\"text-col-content text-lg-start text-center\">\n                    <div class=\"col-title fade-accent d-flex flex-column mb-40\">\n                                                    <div class=\"col-accent-title\">\n                                <h1 class=\"h-accent mb-0\">Kadarik T\u00fc\u00fcr<\/h1>\n                            <\/div>\n                                                                            <div class=\"col-main-title position-relative\">\n                                <div class=\"col-main-title-bg bg-white position-absolute w-100 h-100\"><\/div>\n                                <h1 class=\"position-relative mb-0\">arhitektid<\/h1>\n                            <\/div>\n                                            <\/div>\n                    <div class=\"text-wrapper\">\n                        <div class=\"text-wrapper-content\">\n                            <p>Manufaktuuri Vabriku hoone on saanud uue elu t\u00e4nu arhitektuurib\u00fcroo Kadarik T\u00fc\u00fcr Arhitektid l\u00e4bim\u00f5eldud ja tundlikule l\u00e4henemisele. Nende eesm\u00e4rk ei olnud pelgalt vana tehasehoonet renoveerida, vaid s\u00e4ilitada selle tugev industriaalne iseloom ning tuua see kaasaegsesse linnaruumi.<\/p>\n                        <\/div>\n                                            <\/div>\n                <\/div>\n            <\/div>\n            <div class=\"image-col col col-lg col-12\">\n                <div class=\"image-wrap position-relative translate-image translate-image-left edged-left\">\n                    <img loading=\"lazy\" decoding=\"async\" class=\"\" src=\"https:\/\/hepsor.ee\/manufaktuurivabrik\/wp-content\/uploads\/2026\/02\/image-20.png\" width=\"752\" height=\"774\" alt=\"\" \/>\n                                    <\/div>\n            <\/div>\n        <\/div>\n    <\/div>\n<\/section>\n\n\n<section class=\"timeline-block position-relative bg-project-secondary-2 py-lg-136 py-80\">\n    <div class=\"container\">\n                    <h2 class=\"mb-80 text-center\">vaadates tulevikku<\/h2>\n                <div class=\"years d-flex flex-lg-row flex-column justify-content-center\">\n                            \n                                    <div class=\"spacer overflow-hidden animate-year\">\n                        <svg class=\"d-lg-block d-none\" xmlns=\"http:\/\/www.w3.org\/2000\/svg\" width=\"65\" height=\"13\" viewBox=\"0 0 65 13\" fill=\"none\">\n                            <path d=\"M64.2803 7.03033C64.5732 6.73744 64.5732 6.26256 64.2803 5.96967L59.5074 1.1967C59.2145 0.903806 58.7396 0.903806 58.4467 1.1967C58.1538 1.48959 58.1538 1.96447 58.4467 2.25736L62.6893 6.5L58.4467 10.7426C58.1538 11.0355 58.1538 11.5104 58.4467 11.8033C58.7396 12.0962 59.2145 12.0962 59.5074 11.8033L64.2803 7.03033ZM0.75 7.25H63.75V5.75H0.75V7.25Z\" fill=\"#000\"\/>\n                        <\/svg>\n                        <svg class=\"d-lg-none d-block\" xmlns=\"http:\/\/www.w3.org\/2000\/svg\" width=\"13\" height=\"64\" viewBox=\"0 0 13 64\" fill=\"none\">\n                            <path d=\"M5.96967 63.5303C6.26256 63.8232 6.73744 63.8232 7.03033 63.5303L11.8033 58.7574C12.0962 58.4645 12.0962 57.9896 11.8033 57.6967C11.5104 57.4038 11.0355 57.4038 10.7426 57.6967L6.5 61.9393L2.25736 57.6967C1.96447 57.4038 1.48959 57.4038 1.1967 57.6967C0.903806 57.9896 0.903806 58.4645 1.1967 58.7574L5.96967 63.5303ZM5.75 0L5.75 63H7.25L7.25 0L5.75 0Z\" fill=\"#000\"\/>\n                        <\/svg>\n                    <\/div>\n                \n                <div class=\"year overflow-hidden animate-year\">\n                    <div class=\"year-content d-flex flex-column align-items-center justify-content-center gap-8 fs-20\">\n                        <p class=\"mb-0 text-center\">BALTI<br \/>\r\nPUUVILLAVABRIK<\/p>                        <p class=\"mb-0 h2-accent fs-56 color-black\">1898-2006<\/p>                                            <\/div>\n                <\/div>\n                \n                                            \n                                    <div class=\"spacer overflow-hidden animate-year\">\n                        <svg class=\"d-lg-block d-none\" xmlns=\"http:\/\/www.w3.org\/2000\/svg\" width=\"33\" height=\"3\" viewBox=\"0 0 33 3\" fill=\"none\">\n                            <path d=\"M0.75 1.5H32.25\" stroke=\"#000\" stroke-width=\"1.5\"\/>\n                        <\/svg>\n                        <svg class=\"d-lg-none d-block\" xmlns=\"http:\/\/www.w3.org\/2000\/svg\" width=\"3\" height=\"32\" viewBox=\"0 0 3 32\" fill=\"none\">\n                            <path d=\"M1.5 31.5L1.5 2.38419e-07\" stroke=\"#000\" stroke-width=\"1.5\"\/>\n                        <\/svg>\n                    <\/div>\n                \n                <div class=\"year overflow-hidden animate-year\">\n                    <div class=\"year-content d-flex flex-column align-items-center justify-content-center gap-8 fs-20\">\n                        <p class=\"mb-0 text-center\">VALMIB VABRIKU<br \/>\r\nI ETAPP<\/p>                        <p class=\"mb-0 h2-accent fs-56 color-black\">2027<\/p>                                            <\/div>\n                <\/div>\n                \n                                            \n                                    <div class=\"spacer overflow-hidden animate-year\">\n                        <svg class=\"d-lg-block d-none\" xmlns=\"http:\/\/www.w3.org\/2000\/svg\" width=\"33\" height=\"3\" viewBox=\"0 0 33 3\" fill=\"none\">\n                            <path d=\"M0.75 1.5H32.25\" stroke=\"#000\" stroke-width=\"1.5\"\/>\n                        <\/svg>\n                        <svg class=\"d-lg-none d-block\" xmlns=\"http:\/\/www.w3.org\/2000\/svg\" width=\"3\" height=\"32\" viewBox=\"0 0 3 32\" fill=\"none\">\n                            <path d=\"M1.5 31.5L1.5 2.38419e-07\" stroke=\"#000\" stroke-width=\"1.5\"\/>\n                        <\/svg>\n                    <\/div>\n                \n                <div class=\"year overflow-hidden animate-year\">\n                    <div class=\"year-content d-flex flex-column align-items-center justify-content-center gap-8 fs-20\">\n                        <p class=\"mb-0 text-center\">VALMIB VABRIKU<br \/>\r\nII ETAPP<\/p>                        <p class=\"mb-0 h2-accent fs-56 color-black\">2028<\/p>                                            <\/div>\n                <\/div>\n                \n                                            \n                                    <div class=\"spacer overflow-hidden animate-year\">\n                        <svg class=\"d-lg-block d-none\" xmlns=\"http:\/\/www.w3.org\/2000\/svg\" width=\"33\" height=\"3\" viewBox=\"0 0 33 3\" fill=\"none\">\n                            <path d=\"M0.75 1.5H32.25\" stroke=\"#000\" stroke-width=\"1.5\"\/>\n                        <\/svg>\n                        <svg class=\"d-lg-none d-block\" xmlns=\"http:\/\/www.w3.org\/2000\/svg\" width=\"3\" height=\"32\" viewBox=\"0 0 3 32\" fill=\"none\">\n                            <path d=\"M1.5 31.5L1.5 2.38419e-07\" stroke=\"#000\" stroke-width=\"1.5\"\/>\n                        <\/svg>\n                    <\/div>\n                \n                <div class=\"year overflow-hidden animate-year\">\n                    <div class=\"year-content d-flex flex-column align-items-center justify-content-center gap-8 fs-20\">\n                        <p class=\"mb-0 text-center\">VALMIB VABRIKU<br \/>\r\nIII ETAPP<\/p>                        <p class=\"mb-0 h2-accent fs-56 color-black\">2030<\/p>                                            <\/div>\n                <\/div>\n                \n                                    <div class=\"spacer overflow-hidden animate-year\">\n                        <svg class=\"d-lg-block d-none\" xmlns=\"http:\/\/www.w3.org\/2000\/svg\" width=\"65\" height=\"13\" viewBox=\"0 0 65 13\" fill=\"none\">\n                            <path d=\"M64.2803 7.03033C64.5732 6.73744 64.5732 6.26256 64.2803 5.96967L59.5074 1.1967C59.2145 0.903806 58.7396 0.903806 58.4467 1.1967C58.1538 1.48959 58.1538 1.96447 58.4467 2.25736L62.6893 6.5L58.4467 10.7426C58.1538 11.0355 58.1538 11.5104 58.4467 11.8033C58.7396 12.0962 59.2145 12.0962 59.5074 11.8033L64.2803 7.03033ZM0.75 7.25H63.75V5.75H0.75V7.25Z\" fill=\"#000\"\/>\n                        <\/svg>\n                        <svg class=\"d-lg-none d-block\" xmlns=\"http:\/\/www.w3.org\/2000\/svg\" width=\"13\" height=\"64\" viewBox=\"0 0 13 64\" fill=\"none\">\n                            <path d=\"M5.96967 63.5303C6.26256 63.8232 6.73744 63.8232 7.03033 63.5303L11.8033 58.7574C12.0962 58.4645 12.0962 57.9896 11.8033 57.6967C11.5104 57.4038 11.0355 57.4038 10.7426 57.6967L6.5 61.9393L2.25736 57.6967C1.96447 57.4038 1.48959 57.4038 1.1967 57.6967C0.903806 57.9896 0.903806 58.4645 1.1967 58.7574L5.96967 63.5303ZM5.75 0L5.75 63H7.25L7.25 0L5.75 0Z\" fill=\"#000\"\/>\n                        <\/svg>\n                    <\/div>\n                                    <\/div>\n    <\/div>\n<\/section>\n\n\n<section class=\"image-block position-relative\">\n    \n    <img loading=\"lazy\" decoding=\"async\" class=\"\" src=\"https:\/\/hepsor.ee\/manufaktuurivabrik\/wp-content\/uploads\/2026\/02\/image-19.png\" width=\"2160\" height=\"1236\" alt=\"\" \/>\n\n        <\/section>\n\n\n<section class=\"developers-block position-relative py-lg-136 py-80\">\n    <div class=\"container\">\n        <div class=\"row gx-xl-80 gy-80\">\n                                            <div class=\"col col-lg-6 col-12\">\n                    <div class=\"developer-content w-100 mx-auto d-flex flex-column align-items-center justify-content-center text-center\">\n                        <p class=\"mb-24 fs-20\">ARENDAJA<\/p>                        \n                                                    <a class=\"developer-logo d-inline-block\" href=\"https:\/\/hepsor.ee\/\" target=\"_blank\">\n                                <img loading=\"lazy\" decoding=\"async\" class=\"w-100 h-100 object-fit-contain\" src=\"https:\/\/hepsor.ee\/manufaktuurivabrik\/wp-content\/uploads\/2026\/02\/Logo.svg\" width=\"130\" height=\"42\" alt=\"\" \/>\n                            <\/a>\n                        \n                        <div class=\"developer-description mt-24 fs-12\">15 aastat arendust\u00f6\u00f6d on andnud Hepsorile selge k\u00e4ekirja ja kogemuse. Tegutseme Eestis, L\u00e4tis ja Kanadas, arendades projekte, mis arvestavad nii asukoha kui kasutajatega. Iga projekt on meie jaoks ainulaadne ja eeldab personaalset l\u00e4henemist. Loome nii kodusid kui \u00e4ripindu, mille puhul on fookuses l\u00e4bim\u00f5eldud ruum, kvaliteetsed lahendused ja ajas kestvus.<\/div>                    <\/div>\n                <\/div>\n                                            <div class=\"col col-lg-6 col-12\">\n                    <div class=\"developer-content w-100 mx-auto d-flex flex-column align-items-center justify-content-center text-center\">\n                        <p class=\"mb-24 fs-20\">PARTNER<\/p>                        \n                                                    <a class=\"developer-logo d-inline-block\" href=\"https:\/\/www.tolaram.com\/\" target=\"_blank\" rel=\"noopener\">\n                                <img loading=\"lazy\" decoding=\"async\" class=\"w-100 h-100 object-fit-contain\" src=\"https:\/\/hepsor.ee\/manufaktuurivabrik\/wp-content\/uploads\/2026\/03\/Tolaram_bw.svg\" width=\"203\" height=\"42\" alt=\"\" \/>\n                            <\/a>\n                        \n                        <div class=\"developer-description mt-24 fs-12\">Tolaram on Singapuri ettev\u00f5te, mis loob majandust toetavaid ja kogukondi arendavaid projekte \u00fcle kogu maailma. Alustades 75 aastat tagasi vaid \u00fchest jaem\u00fc\u00fcgipoest Indoneesias, on t\u00e4naseks Tolaram kasvanud ettev\u00f5tteks, mille haare ulatub Aasiast Aafrika ja Euroopani, andes t\u00f6\u00f6d rohkem kui 20 000 inimesele ning mille tooteid kasutab maailmas \u00fcle miljardi tarbija.<\/div>                    <\/div>\n                <\/div>\n                    <\/div>\n    <\/div>\n<\/section>","protected":false},"excerpt":{"rendered":"","protected":false},"author":1,"featured_media":0,"parent":0,"menu_order":0,"comment_status":"closed","ping_status":"closed","template":"","meta":{"_acf_changed":false,"footnotes":""},"class_list":["post-594","page","type-page","status-publish","hentry"],"acf":[],"_links":{"self":[{"href":"https:\/\/hepsor.ee\/manufaktuurivabrik\/wp-json\/wp\/v2\/pages\/594","targetHints":{"allow":["GET"]}}],"collection":[{"href":"https:\/\/hepsor.ee\/manufaktuurivabrik\/wp-json\/wp\/v2\/pages"}],"about":[{"href":"https:\/\/hepsor.ee\/manufaktuurivabrik\/wp-json\/wp\/v2\/types\/page"}],"author":[{"embeddable":true,"href":"https:\/\/hepsor.ee\/manufaktuurivabrik\/wp-json\/wp\/v2\/users\/1"}],"replies":[{"embeddable":true,"href":"https:\/\/hepsor.ee\/manufaktuurivabrik\/wp-json\/wp\/v2\/comments?post=594"}],"version-history":[{"count":23,"href":"https:\/\/hepsor.ee\/manufaktuurivabrik\/wp-json\/wp\/v2\/pages\/594\/revisions"}],"predecessor-version":[{"id":3507,"href":"https:\/\/hepsor.ee\/manufaktuurivabrik\/wp-json\/wp\/v2\/pages\/594\/revisions\/3507"}],"wp:attachment":[{"href":"https:\/\/hepsor.ee\/manufaktuurivabrik\/wp-json\/wp\/v2\/media?parent=594"}],"curies":[{"name":"wp","href":"https:\/\/api.w.org\/{rel}","templated":true}]}}