{"id":592,"date":"2025-02-11T10:38:20","date_gmt":"2025-02-11T07:38:20","guid":{"rendered":"https:\/\/hepsor.ee\/manufaktuurivabrik\/?page_id=592"},"modified":"2026-04-20T21:51:22","modified_gmt":"2026-04-20T18:51:22","slug":"arendajast","status":"publish","type":"page","link":"https:\/\/hepsor.ee\/manufaktuurivabrik\/arendajast\/","title":{"rendered":"Arendajast"},"content":{"rendered":"\n<section class=\"front-header-block position-relative\">\n    <div class=\"background position-absolute top-0 start-0 w-100 h-100\">\n                    <div class=\"image w-100 h-100 bg-center no-lazy\" style=\"background-image: url(https:\/\/hepsor.ee\/manufaktuurivabrik\/wp-content\/uploads\/2026\/04\/KlientMarkas_BritaB-24.jpg);\"><\/div>\n        \n            <\/div>\n<\/section>\n\n\n<section class=\"green-thinking-block overflow-hidden py-lg-136 py-80\" data-anchor=\"roheline-motteviis\">\n    <div class=\"container\">\n        \n        <div class=\"row\">\n            <div class=\"title-col col-xl-6 col-12 text-xl-end text-center\">\n                <div class=\"text-col-content\">\n                    <div class=\"col-title fade-accent mb-32\">\n                                                    <div class=\"col-accent-title\">\n                                <h1 class=\"h-accent mb-0\">elamiseks<\/h1>\n                            <\/div>\n                                                                            <div class=\"col-main-title position-relative\">\n                                <div class=\"col-main-title-bg bg-white position-absolute w-100 h-100\"><\/div>\n                                <h1 class=\"position-relative mb-0\">loodud<\/h1>\n                            <\/div>\n                                            <\/div>\n                <\/div>\n            <\/div>\n            <div class=\"text-col col-xl-6 col-12\">\n                <div class=\"text-wrapper text-xl-start text-center\">\n                    <div class=\"text-wrapper-content\">\n                        <p>Hepsor on koduarendaja, kes m\u00f5tleb nagu tulevane elanik. Me kuulame, arvestame ja otsime nutikaid lahendusi igap\u00e4evaeluks. Loome keskkondi, kus kvaliteet ei ole lubadus, vaid standard. Kodusid, kus elaksime ka ise.<\/p>\n<p>Manufaktuuri kvartalit arendab Hepsor koost\u00f6\u00f6s Tolaram Grupiga, ehitajaks on Mitt &amp; Perlebach.<\/p>\n                    <\/div>\n                                    <\/div>\n            <\/div>\n        <\/div>\n    <\/div>\n<\/section>\n\n\n<section class=\"icons-list-block py-lg-136 py-56 text-center\">\n    <div class=\"container\">\n        <div class=\"row justify-content-lg-between justify-content-center gy-lg-80 gy-md-72 gy-48 gx-md-48 gx-24\">\n                                            <div class=\"icon col-12 col-md-6 col-lg-5-custom d-flex flex-column align-items-center\">\n                    <div class=\"image-wrapper w-100 d-flex justify-content-center align-items-center mb-md-32 mb-16\">\n                        <img loading=\"lazy\" decoding=\"async\"\n                            class=\"object-fit-contain\"\n                            src=\"https:\/\/hepsor.ee\/manufaktuurivabrik\/wp-content\/uploads\/2026\/02\/Layer_5.svg\"\n                            width=\"82\"\n                            height=\"89\"\n                            alt=\"\"\n                        \/>\n                    <\/div>\n                    <div class=\"text-wrapper d-flex align-items-center fs-20 text-uppercase\">\n                        <p>43<br \/>\r\nvalminud<br \/>\r\nprojekti<\/p>\n                    <\/div>\n                <\/div>\n                                            <div class=\"icon col-12 col-md-6 col-lg-5-custom d-flex flex-column align-items-center\">\n                    <div class=\"image-wrapper w-100 d-flex justify-content-center align-items-center mb-md-32 mb-16\">\n                        <img loading=\"lazy\" decoding=\"async\"\n                            class=\"object-fit-contain\"\n                            src=\"https:\/\/hepsor.ee\/manufaktuurivabrik\/wp-content\/uploads\/2026\/02\/Layer_5-1.svg\"\n                            width=\"78\"\n                            height=\"78\"\n                            alt=\"\"\n                        \/>\n                    <\/div>\n                    <div class=\"text-wrapper d-flex align-items-center fs-20 text-uppercase\">\n                        <p>1890<br \/>\r\nuut kodu<\/p>\n                    <\/div>\n                <\/div>\n                                            <div class=\"icon col-12 col-md-6 col-lg-5-custom d-flex flex-column align-items-center\">\n                    <div class=\"image-wrapper w-100 d-flex justify-content-center align-items-center mb-md-32 mb-16\">\n                        <img loading=\"lazy\" decoding=\"async\"\n                            class=\"object-fit-contain\"\n                            src=\"https:\/\/hepsor.ee\/manufaktuurivabrik\/wp-content\/uploads\/2026\/02\/Layer_5-2.svg\"\n                            width=\"80\"\n                            height=\"90\"\n                            alt=\"\"\n                        \/>\n                    <\/div>\n                    <div class=\"text-wrapper d-flex align-items-center fs-20 text-uppercase\">\n                        <p>35 808 m\u00b2<br \/>\r\nkaasaegseid<br \/>\r\n\u00e4ripindu<\/p>\n                    <\/div>\n                <\/div>\n                                            <div class=\"icon col-12 col-md-6 col-lg-5-custom d-flex flex-column align-items-center\">\n                    <div class=\"image-wrapper w-100 d-flex justify-content-center align-items-center mb-md-32 mb-16\">\n                        <img loading=\"lazy\" decoding=\"async\"\n                            class=\"object-fit-contain\"\n                            src=\"https:\/\/hepsor.ee\/manufaktuurivabrik\/wp-content\/uploads\/2026\/02\/Layer_5-3.svg\"\n                            width=\"79\"\n                            height=\"84\"\n                            alt=\"\"\n                        \/>\n                    <\/div>\n                    <div class=\"text-wrapper d-flex align-items-center fs-20 text-uppercase\">\n                        <p>145 798 m\u00b2<br \/>\r\narendatud<br \/>\r\nkogupind<\/p>\n                    <\/div>\n                <\/div>\n                                            <div class=\"icon col-12 col-md-6 col-lg-5-custom d-flex flex-column align-items-center\">\n                    <div class=\"image-wrapper w-100 d-flex justify-content-center align-items-center mb-md-32 mb-16\">\n                        <img loading=\"lazy\" decoding=\"async\"\n                            class=\"object-fit-contain\"\n                            src=\"https:\/\/hepsor.ee\/manufaktuurivabrik\/wp-content\/uploads\/2026\/02\/Layer_5-4.svg\"\n                            width=\"97\"\n                            height=\"71\"\n                            alt=\"\"\n                        \/>\n                    <\/div>\n                    <div class=\"text-wrapper d-flex align-items-center fs-20 text-uppercase\">\n                        <p>156 243 m\u00b2<br \/>\r\nplaneerimisel<\/p>\n                    <\/div>\n                <\/div>\n                    <\/div>\n    <\/div>\n<\/section>\n\n\n<section class=\"text-image-block overflow-hidden pt-lg-136 pb-lg-136 py-80\">\n    <div class=\"container\">\n        <div class=\"row align-items-center gx-xl-80 flex-row-reverse\">\n            <div class=\"text-col mb-xl-0 mb-80 col col-xl-6 col-12\">\n                <div class=\"text-col-content text-lg-start text-center\">\n                    <div class=\"col-title d-flex flex-column fade-accent mb-40\">\n                                                    <div class=\"col-accent-title\">\n                                <h1 class=\"h-accent mb-0\">paindlik<\/h1>\n                            <\/div>\n                                                                            <div class=\"col-main-title position-relative\">\n                                <div class=\"col-main-title-bg bg-white position-absolute w-100 h-100\"><\/div>\n                                <h1 class=\"position-relative mb-0\">l\u00e4henemine<\/h1>\n                            <\/div>\n                                            <\/div>\n                    <div class=\"text-wrapper\">\n                        <div class=\"text-wrapper-content\">\n                            <p>Pea 15 aastat arendust\u00f6\u00f6d on andnud Hepsorile selge k\u00e4ekirja ja kogemuse. Tegutseme Eestis, L\u00e4tis ja Kanadas, arendades projekte, mis arvestavad nii asukoha kui kasutajatega. Iga projekt on meie jaoks ainulaadne ja eeldab personaalset l\u00e4henemist. Loome nii kodusid kui \u00e4ripindu, mille puhul on fookuses l\u00e4bim\u00f5eldud ruum, kvaliteetsed lahendused ja ajas kestvus.<\/p>\n                        <\/div>\n                                            <\/div>\n                <\/div>\n            <\/div>\n            <div class=\"image-col col col-xl-6 col-12\">\n                <div class=\"image-wrap position-relative edged translate-image translate-image-left edged-left\">\n                    <img loading=\"lazy\" decoding=\"async\" class=\"d-sm-block d-none\" src=\"https:\/\/hepsor.ee\/manufaktuurivabrik\/wp-content\/uploads\/2026\/03\/AdobeStock_267333678-scaled-1.webp\" width=\"2560\" height=\"1649\" alt=\"\" \/>\n                                            <img class=\"d-sm-none d-block\"src=\"https:\/\/hepsor.ee\/manufaktuurivabrik\/wp-content\/uploads\/2026\/03\/flexible-mob.png\" width=\"716\" height=\"1074\" alt=\"\" \/>\n                                    <\/div>\n            <\/div>\n        <\/div>\n    <\/div>\n<\/section>\n\n\n<section class=\"text-image-block overflow-hidden pt-lg-136 pb-lg-136 py-80\">\n    <div class=\"container\">\n        <div class=\"row align-items-center gx-xl-80\">\n            <div class=\"text-col mb-xl-0 mb-80 col col-xl-5 col-12\">\n                <div class=\"text-col-content text-lg-start text-center\">\n                    <div class=\"col-title d-flex flex-column fade-accent mb-40\">\n                                                    <div class=\"col-accent-title\">\n                                <h1 class=\"h-accent mb-0\">roheline<\/h1>\n                            <\/div>\n                                                                            <div class=\"col-main-title position-relative\">\n                                <div class=\"col-main-title-bg bg-white position-absolute w-100 h-100\"><\/div>\n                                <h1 class=\"position-relative mb-0\">m\u00f5tteviis<\/h1>\n                            <\/div>\n                                            <\/div>\n                    <div class=\"text-wrapper\">\n                        <div class=\"text-wrapper-content\">\n                            <p>Esimese arendajana Balti riikides oleme rakendanud paljusid uuenduslikke insener-tehnilisi lahendusi, mis muudavad meie rajatavad hooned energias\u00e4\u00e4stlikumaks ja seel\u00e4bi keskkonnas\u00f5bralikumaks. Roheline m\u00f5tteviis ja innovatsioon on oluline ning loomulik osa meie t\u00f6\u00f6st.<\/p>\n                        <\/div>\n                                            <\/div>\n                <\/div>\n            <\/div>\n            <div class=\"image-col col col-xl-7 col-12\">\n                <div class=\"image-wrap position-relative edged translate-image translate-image-right edged-right\">\n                    <img loading=\"lazy\" decoding=\"async\" class=\"d-sm-block d-none\" src=\"https:\/\/hepsor.ee\/manufaktuurivabrik\/wp-content\/uploads\/2026\/02\/Manufaktuuri-Cam-6-Final-1.png\" width=\"1097\" height=\"624\" alt=\"\" \/>\n                                            <img class=\"d-sm-none d-block\"src=\"https:\/\/hepsor.ee\/manufaktuurivabrik\/wp-content\/uploads\/2026\/03\/apples-mob.png\" width=\"716\" height=\"770\" alt=\"\" \/>\n                                    <\/div>\n            <\/div>\n        <\/div>\n    <\/div>\n<\/section>\n\n\n<section class=\"image-block position-relative\">\n    \n    <img loading=\"lazy\" decoding=\"async\" class=\" d-md-block d-none\" src=\"https:\/\/hepsor.ee\/manufaktuurivabrik\/wp-content\/uploads\/2026\/03\/developer_footer-scaled.png\" width=\"2560\" height=\"1125\" alt=\"\" \/>\n\n            <img loading=\"lazy\" decoding=\"async\" class=\"mobile-image d-md-none d-block\" src=\"https:\/\/hepsor.ee\/manufaktuurivabrik\/wp-content\/uploads\/2026\/03\/developer_footer_mob.png\" width=\"786\" height=\"1200\" alt=\"\" \/>\n        <\/section>\n\n\n\n\n\n\n<section class=\"developers-block position-relative py-lg-136 py-80\">\n    <div class=\"container\">\n        <div class=\"row gx-xl-80 gy-80\">\n                                            <div class=\"col col-lg-12 col-12\">\n                    <div class=\"developer-content w-100 mx-auto d-flex flex-column align-items-center justify-content-center text-center\">\n                        <p class=\"mb-24 fs-20\">PARTNER<\/p>                        \n                                                    <a class=\"developer-logo d-inline-block\" href=\"https:\/\/www.tolaram.com\/\" target=\"_blank\" rel=\"noopener\">\n                                <img loading=\"lazy\" decoding=\"async\" class=\"w-100 h-100 object-fit-contain\" src=\"https:\/\/hepsor.ee\/manufaktuurivabrik\/wp-content\/uploads\/2026\/03\/Tolaram_bw.svg\" width=\"203\" height=\"42\" alt=\"\" \/>\n                            <\/a>\n                        \n                        <div class=\"developer-description mt-24 fs-12\">Tolaram on Singapuri ettev\u00f5te, mis loob majandust toetavaid ja kogukondi arendavaid projekte \u00fcle kogu maailma. <br \/>\r\nAlustades 75 aastat tagasi vaid \u00fchest jaem\u00fc\u00fcgipoest Indoneesias, on t\u00e4naseks Tolaram kasvanud ettev\u00f5tteks, mille <br \/>\r\nhaare ulatub Aasiast Aafrika ja Euroopani, andes t\u00f6\u00f6d rohkem kui 20 000 inimesele ning mille tooteid kasutab maailmas<br \/>\r\n\u00fcle miljardi tarbija.<\/div>                    <\/div>\n                <\/div>\n                    <\/div>\n    <\/div>\n<\/section>","protected":false},"excerpt":{"rendered":"","protected":false},"author":1,"featured_media":0,"parent":0,"menu_order":0,"comment_status":"closed","ping_status":"closed","template":"","meta":{"_acf_changed":false,"footnotes":""},"class_list":["post-592","page","type-page","status-publish","hentry"],"acf":[],"_links":{"self":[{"href":"https:\/\/hepsor.ee\/manufaktuurivabrik\/wp-json\/wp\/v2\/pages\/592","targetHints":{"allow":["GET"]}}],"collection":[{"href":"https:\/\/hepsor.ee\/manufaktuurivabrik\/wp-json\/wp\/v2\/pages"}],"about":[{"href":"https:\/\/hepsor.ee\/manufaktuurivabrik\/wp-json\/wp\/v2\/types\/page"}],"author":[{"embeddable":true,"href":"https:\/\/hepsor.ee\/manufaktuurivabrik\/wp-json\/wp\/v2\/users\/1"}],"replies":[{"embeddable":true,"href":"https:\/\/hepsor.ee\/manufaktuurivabrik\/wp-json\/wp\/v2\/comments?post=592"}],"version-history":[{"count":24,"href":"https:\/\/hepsor.ee\/manufaktuurivabrik\/wp-json\/wp\/v2\/pages\/592\/revisions"}],"predecessor-version":[{"id":5712,"href":"https:\/\/hepsor.ee\/manufaktuurivabrik\/wp-json\/wp\/v2\/pages\/592\/revisions\/5712"}],"wp:attachment":[{"href":"https:\/\/hepsor.ee\/manufaktuurivabrik\/wp-json\/wp\/v2\/media?parent=592"}],"curies":[{"name":"wp","href":"https:\/\/api.w.org\/{rel}","templated":true}]}}