{"id":2184,"date":"2026-02-25T14:37:53","date_gmt":"2026-02-25T11:37:53","guid":{"rendered":"https:\/\/hepsor.ee\/manufaktuurivabrik\/?page_id=2184"},"modified":"2026-03-24T10:47:23","modified_gmt":"2026-03-24T07:47:23","slug":"pakkumised","status":"publish","type":"page","link":"https:\/\/hepsor.ee\/manufaktuurivabrik\/pakkumised\/","title":{"rendered":"Pakkumised"},"content":{"rendered":"\n<section class=\"front-header-block position-relative\">\n    <div class=\"background position-absolute top-0 start-0 w-100 h-100\">\n                    <div class=\"image w-100 h-100 bg-center no-lazy\" style=\"background-image: url(https:\/\/hepsor.ee\/manufaktuurivabrik\/wp-content\/uploads\/2026\/03\/pakkumised.png);\"><\/div>\n        \n            <\/div>\n<\/section>\n\n\n<section class=\"text-column-block py-md-136 py-80\">\n    <div class=\"container\">\n        <div class=\"row gx-xl-64 gx-md-48\">\n                            <div class=\"col col-xl-6 col-12 text-xl-end text-center\">\n                    <div class=\"col-title d-flex flex-column fade-accent\">\n                                                    <div class=\"col-main-title position-relative\">\n                                <div class=\"col-main-title-bg bg-white position-absolute w-100 h-100\"><\/div>\n                                <h1 class=\"position-relative mb-0\">kliendip\u00e4ev<\/h1>\n                            <\/div>\n                        \n                                                    <div class=\"col-accent-title\">\n                                <h1 class=\"h-accent mb-0\">11. aprill<\/h1>\n                            <\/div>\n                                            <\/div>\n                <\/div>\n                                        <div class=\"col col-xl-6 col-12\">\n                    <div class=\"col-text text-xl-start text-center\">\n                        <div class=\"col-text-content\">\n                            <p>Manufaktuuri kvartali showroom avab esmakordselt uksed \u2013 oled oodatud!<\/p>\n<p>Tule avastama kvartali arengut ja tutvuma sissekolimiseks valmis kodudega aadressil Manufaktuuri 7\/2 kell 11.00\u201315.00. P\u00e4eva jooksul toimuvad ka eksklusiivsed k\u00fclastused Vabrikuhoonesse (kell 12.00 ja 13.00), kus tutvustame tulevast visiooni ja n\u00e4itame loft-kodu makettkorterit.<\/p>\n<p>Osalejaid ootavad eripakkumised ja loosiauhinnad ning Manufaktuuri 12 kodu broneerijatele kuni 17 000 \u20ac soodustus.<\/p>\n                        <\/div>\n                                                    <a class=\"btn d-inline-block mt-40\" href=\"https:\/\/www.facebook.com\/events\/2340544479689751\/?acontext=%7B%22event_action_history%22%3A[%7B%22surface%22%3A%22home%22%7D%2C%7B%22mechanism%22%3A%22search_results%22%2C%22surface%22%3A%22search%22%7D]%2C%22ref_notif_type%22%3Anull%7D\" target=\"_blank\" rel=\"noopener\">Rohkem infot<\/a>\n                                            <\/div>\n                <\/div>\n                    <\/div>\n    <\/div>\n<\/section>\n\n","protected":false},"excerpt":{"rendered":"","protected":false},"author":1,"featured_media":0,"parent":0,"menu_order":0,"comment_status":"closed","ping_status":"closed","template":"","meta":{"_acf_changed":false,"footnotes":""},"class_list":["post-2184","page","type-page","status-publish","hentry"],"acf":[],"_links":{"self":[{"href":"https:\/\/hepsor.ee\/manufaktuurivabrik\/wp-json\/wp\/v2\/pages\/2184","targetHints":{"allow":["GET"]}}],"collection":[{"href":"https:\/\/hepsor.ee\/manufaktuurivabrik\/wp-json\/wp\/v2\/pages"}],"about":[{"href":"https:\/\/hepsor.ee\/manufaktuurivabrik\/wp-json\/wp\/v2\/types\/page"}],"author":[{"embeddable":true,"href":"https:\/\/hepsor.ee\/manufaktuurivabrik\/wp-json\/wp\/v2\/users\/1"}],"replies":[{"embeddable":true,"href":"https:\/\/hepsor.ee\/manufaktuurivabrik\/wp-json\/wp\/v2\/comments?post=2184"}],"version-history":[{"count":8,"href":"https:\/\/hepsor.ee\/manufaktuurivabrik\/wp-json\/wp\/v2\/pages\/2184\/revisions"}],"predecessor-version":[{"id":3410,"href":"https:\/\/hepsor.ee\/manufaktuurivabrik\/wp-json\/wp\/v2\/pages\/2184\/revisions\/3410"}],"wp:attachment":[{"href":"https:\/\/hepsor.ee\/manufaktuurivabrik\/wp-json\/wp\/v2\/media?parent=2184"}],"curies":[{"name":"wp","href":"https:\/\/api.w.org\/{rel}","templated":true}]}}