{"id":7,"date":"2020-09-17T18:31:54","date_gmt":"2020-09-17T15:31:54","guid":{"rendered":"https:\/\/hepsor.ee\/lillekylakodud\/?page_id=7"},"modified":"2025-11-05T10:56:18","modified_gmt":"2025-11-05T08:56:18","slug":"home","status":"publish","type":"page","link":"https:\/\/hepsor.ee\/lillekylakodud\/","title":{"rendered":"Tutvustus"},"content":{"rendered":"\n<section class=\"front-header-block color-white position-relative overflow-hidden 0\">\n            <div class=\"background_image position-absolute top-0 start-0 w100 h100 bg-center no-lazy d-flex align-items-end justify-content-center\" style=\"background-image: url(https:\/\/hepsor.ee\/lillekylakodud\/wp-content\/uploads\/2024\/07\/Nomme-tee_MBA1232_MarisTomba-Copy.png);\">\n                            <div class=\"text position-relative text-center\">\n                    <div class=\"container\">\n                        <h1 class=\"mb-0\">Saadaval viimane kodu, korter on sisustatud. Koli kohe!<\/h1>\n                    <\/div>\n                <\/div>\n                                        <div class=\"icon position-absolute\">\n                    <a class=\"icon_link\" href=\"https:\/\/hepsor.ee\/lillekylakodud\/roheline-motteviis\/\">\n                        <img decoding=\"async\" loading=\"lazy\" src=\"https:\/\/hepsor.ee\/lillekylakodud\/wp-content\/uploads\/2023\/02\/energy_icon.png\" width=\"266\" height=\"278\" alt=\"\">\n                    <\/a>\n                <\/div>\n                        <div class=\"banner_shading\"><\/div>\n        <\/div>\n    <\/section>\n\n\n<section class=\"text-image-block position-relative br-end-150 bg-beige pt-1 pb-9 py-lg-11\">\n    <div class=\"container pt-8\">\n        <div class=\"row row-cols-1 row-cols-lg-2 justify-content-between\">\n                            <div class=\"first_col text-center text-lg-start\">\n                                            <div class=\"title mb-6 mb-lg-8 fade-in-up\">\n                            <h2>K\u00f5ik, mida vajad<\/h2>\n                        <\/div>\n                    \n                                            <div class=\"text_wrapper w100 fade-in-up\">\n                            <p>Hinnatud Kristiine linnaosas asuv vaid 26-korteriga hubane Lillek\u00fcla Kodude maja paikneb otse uueneva R\u00e4\u00e4gu Pargi vastas, luues meeldivalt rohelise kodukeskkonna ja pakkudes ohtralt vaba aja veetmise v\u00f5imalusi.<\/p>\n<p>Kristiine vaiksetel k\u00f5rvalt\u00e4navatel jalutades v\u00f5ib lausa \u00e4ra unustada, et oled Tallinna kesklinnast vaid m\u00f5ne kilomeetri kaugusel. Siin linnaosas on s\u00e4ilinud palju parke ja rohelust ning l\u00e4heduses ootavad avastamist ka mitmed metsarajad.<\/p>\n                        <\/div>\n                    \n                                            <div class=\"timeline position-relative row row-cols-1 br-end-90 bg-white pt-9 pt-lg-6 pb-6 pb-lg-4 mt-10 mt-lg-6 mx-0 fade\">\n                                                                                            <div class=\"col d-flex flex-column text-center\">\n                                    \n                                    \n                                                                            <span class=\"ff-ogg fs-40 fw-medium pb-0 pb-lg-4 mb-2 mb-lg-0\">Lillek\u00fcla Kodud <\/br>on valmis!<\/span>\n                                                                    <\/div>\n                            \n                            <div id=\"lottie-block_4d362ff68346fc40629a8e0359c00034\" class=\"lottie_animation leaves position-absolute px-0\" data-path=\"https:\/\/hepsor.ee\/lillekylakodud\/wp-content\/themes\/lillekula\/lottie\/leaves\/data.json\" data-speed=\"1.25\"><\/div>\n                        <\/div>\n                                    <\/div>\n            \n                            <div class=\"second_col text-center text-lg-start\">\n                                            <div class=\"image_wrapper\">\n                            <div class=\"image bg-center br-end-90 mb-9 fade\" style=\"background-image:url(https:\/\/hepsor.ee\/lillekylakodud\/wp-content\/uploads\/2024\/07\/Nomme-tee_MBA1319_MarisTomba.png);\"><\/div>\n                        <\/div>\n                    \n                                            <div class=\"text_wrapper w100 mt-4 fade-in-up\">\n                            <p>\u00dchtaegu modernses ent sooja ja s\u00f5braliku aedlinnaga sobituvas majas leidub nii hubaseid ja kompaktseid 1-toalisi kui ka avaraid ja funktsionaalseid 4-toalisi kortereid.<\/p>\n<p>Siin leiab v\u00e4\u00e4rt pelgupaiga nii s\u00fcdalinna meeleolukat melu nautiv noor professionaal kui veidi rahulikumat elutempot eelistav perekond.<\/p>\n                        <\/div>\n                                    <\/div>\n                    <\/div>\n    <\/div>\n\n            <a class=\"btn position-absolute top-100 start-50 translate-middle fade\" href=\"https:\/\/hepsor.ee\/lillekylakodud\/hinnad-ja-plaanid\/\" target=\"_self\">\n            Tutvu kodudega        <\/a>\n    <\/section>\n\n\n<section class=\"icons-list-block position-relative pt-10 pt-lg-11 pb-9 pb-lg-10 text-center text-lg-start overflow-hidden\">\n    <div class=\"container\">\n                    <h2 class=\"mb-9 fade-in-up\">Kaasaegsed ja mugavad kodud<\/h2>\n                                        <div class=\"row box align-items-center gx-4\">\n                <div class=\"icons col col-lg-6 col-12\">\n                                                                    <div class=\"icon d-flex flex-column flex-lg-row align-items-center align-items-lg-start fade-in-up mb-9\">\n                                                            <div class=\"image_container d-flex justify-content-center align-items-center flex-shrink-0 me-0 me-lg-6 mb-4 mb-lg-0\">\n                                    <img decoding=\"async\" loading=\"lazy\" src=\"https:\/\/hepsor.ee\/lillekylakodud\/wp-content\/uploads\/2022\/11\/floors.svg\" width=\"57\" height=\"39\" alt=\"\" \/>\n                                <\/div>\n                                                                                        <div class=\"text_wrapper\">\n                                    <p>Hubases hoones on vaid 3 korrust ja 26 korterit. Seda on just parasjagu v\u00e4he, et \u00f5ppida tundma ka majanaabreid ning kogeda Kristiinele iseloomulikku \u00fchtsust ja kogukonnatunnet.<\/p>\n                                <\/div>\n                                                    <\/div>\n                                                                    <div class=\"icon d-flex flex-column flex-lg-row align-items-center align-items-lg-start fade-in-up mb-0\">\n                                                            <div class=\"image_container d-flex justify-content-center align-items-center flex-shrink-0 me-0 me-lg-6 mb-4 mb-lg-0\">\n                                    <img decoding=\"async\" loading=\"lazy\" src=\"https:\/\/hepsor.ee\/lillekylakodud\/wp-content\/uploads\/2022\/11\/apartments.svg\" width=\"55\" height=\"55\" alt=\"\" \/>\n                                <\/div>\n                                                                                        <div class=\"text_wrapper\">\n                                    <p>Lillek\u00fcla Kodude valikus on nii kompaktsed 1- ja 2-toalised kui ka avarad 3- ja 4-toalised korterid. Nii leiab iga\u00fcks endale meelep\u00e4rase suurusega kodu.<\/p>\n                                <\/div>\n                                                    <\/div>\n                                    <\/div>\n                <div class=\"box col col-lg-6 col-12\">\n                                            <div class=\"slogan_wrap position-relative bg-beige br-end-90 fs-40 ff-ogg text-center py-10 px-5 mb-9 mb-lg-0 mx-auto fade\">\n                            <div id=\"lottie-block_85ab3de2bc80a3e95f27af32fcb600f5\" class=\"lottie_animation energy position-absolute top-0 start-50 translate-middle mt-0 mt-lg-1\" data-path=\"https:\/\/hepsor.ee\/lillekylakodud\/wp-content\/themes\/lillekula\/lottie\/energy\/data.json\" data-speed=\"1.25\"><\/div>\n                             A-energiaklassi<br>kodud                        <\/div>\n                                    <\/div>\n            <\/div>\n                                <div class=\"row image flex-row-reverse align-items-center gx-4\">\n                <div class=\"icons col col-lg-6 col-12\">\n                                                                    <div class=\"icon d-flex flex-column flex-lg-row align-items-center align-items-lg-start fade-in-up mb-9\">\n                                                            <div class=\"image_container d-flex justify-content-center align-items-center flex-shrink-0 me-0 me-lg-6 mb-4 mb-lg-0\">\n                                    <img decoding=\"async\" loading=\"lazy\" src=\"https:\/\/hepsor.ee\/lillekylakodud\/wp-content\/uploads\/2022\/11\/terrace.svg\" width=\"61\" height=\"56\" alt=\"\" \/>\n                                <\/div>\n                                                                                        <div class=\"text_wrapper\">\n                                    <p>Hommikud algavad palju helgemalt, kui saad esimese kohvis\u00f5\u00f5mu v\u00f5tta oma r\u00f5dul v\u00e4rskes \u00f5hus. Pea k\u00f5igil Lillek\u00fcla Kodude korteritel on \u00fcmbritseva roheluse nautimiseks avar r\u00f5du v\u00f5i terrass.<\/p>\n                                <\/div>\n                                                    <\/div>\n                                                                    <div class=\"icon d-flex flex-column flex-lg-row align-items-center align-items-lg-start fade-in-up mb-0\">\n                                                            <div class=\"image_container d-flex justify-content-center align-items-center flex-shrink-0 me-0 me-lg-6 mb-4 mb-lg-0\">\n                                    <img decoding=\"async\" loading=\"lazy\" src=\"https:\/\/hepsor.ee\/lillekylakodud\/wp-content\/uploads\/2022\/11\/lift.svg\" width=\"54\" height=\"56\" alt=\"\" \/>\n                                <\/div>\n                                                                                        <div class=\"text_wrapper\">\n                                    <p>Majas on mugavaks liikumiseks ruumikas lift ning 0 korrusel k\u00f5ige vajaliku hoiustamiseks ka 1,75 kuni 6 ruutmeetrised panipaigad.<\/p>\n                                <\/div>\n                                                    <\/div>\n                                    <\/div>\n                <div class=\"image col col-lg-6 col-12\">\n                                            <div class=\"image_wrapper mb-9 mb-lg-0 position-relative\">\n                            <div class=\"image bg-center br-end-90 overflow-hidden fade\" style=\"background-image:url(https:\/\/hepsor.ee\/lillekylakodud\/wp-content\/uploads\/2024\/07\/Nomme-tee_MBA1372_MarisTomba.png);\"><\/div>\n                        <\/div>\n                                    <\/div>\n            <\/div>\n                                <div class=\"row image align-items-center gx-4\">\n                <div class=\"icons col col-lg-6 col-12\">\n                                                                    <div class=\"icon d-flex flex-column flex-lg-row align-items-center align-items-lg-start fade-in-up mb-9\">\n                                                            <div class=\"image_container d-flex justify-content-center align-items-center flex-shrink-0 me-0 me-lg-6 mb-4 mb-lg-0\">\n                                    <img decoding=\"async\" loading=\"lazy\" src=\"https:\/\/hepsor.ee\/lillekylakodud\/wp-content\/uploads\/2022\/11\/parking.svg\" width=\"72\" height=\"42\" alt=\"\" \/>\n                                <\/div>\n                                                                                        <div class=\"text_wrapper\">\n                                    <p>Mugavad parkimisv\u00f5imalused on Lillek\u00fcla Kodude elanikele loodud kahes kohas. Maa-aluses parklas on kokku 22 parkimiskohta ning maja taga hoovis veel t\u00e4iendavad 14 parkimiskohta.<\/p>\n                                <\/div>\n                                                    <\/div>\n                                                                    <div class=\"icon d-flex flex-column flex-lg-row align-items-center align-items-lg-start fade-in-up mb-0\">\n                                                            <div class=\"image_container d-flex justify-content-center align-items-center flex-shrink-0 me-0 me-lg-6 mb-4 mb-lg-0\">\n                                    <img decoding=\"async\" loading=\"lazy\" src=\"https:\/\/hepsor.ee\/lillekylakodud\/wp-content\/uploads\/2022\/11\/air.svg\" width=\"53\" height=\"50\" alt=\"\" \/>\n                                <\/div>\n                                                                                        <div class=\"text_wrapper\">\n                                    <p>Hoonet k\u00f6etakse \u00f5hk-vesi soojuspumpadega, mida vajadusel kombineeritakse gaasik\u00fcttega. H\u00e4sti l\u00e4bi m\u00f5eldud ja kaasaegsed k\u00fcttelahendused tagavad nii energia- kui kulus\u00e4\u00e4stlikkuse.<\/p>\n                                <\/div>\n                                                    <\/div>\n                                    <\/div>\n                <div class=\"image col col-lg-6 col-12\">\n                                            <div class=\"image_wrapper mb-9 mb-lg-0 position-relative\">\n                            <div class=\"image bg-center br-end-90 overflow-hidden fade\" style=\"background-image:url(https:\/\/hepsor.ee\/lillekylakodud\/wp-content\/uploads\/2024\/07\/Nomme-tee_MBA1329_MarisTomba.png);\"><\/div>\n                        <\/div>\n                                    <\/div>\n            <\/div>\n            <\/div>\n<\/section>\n\n\n<section class=\"front-location-block position-relative pt-lg-10 pb-lg-10 pt-9 pb-9 text-center text-lg-start overflow-hidden\">\n    <div class=\"container top position-relative\">\n                    <div class=\"row fade-in-up\">\n                <div class=\"title col col-lg-8 col-12\">\n                    <h2 class=\"mb-6\">Vaikne naabruskond, kesklinnale l\u00e4hedal<\/h2>\n                <\/div>\n            <\/div>\n                <div class=\"row fade-in-up\">\n                            <div class=\"col col-lg-6 col-12\">\n                                            <p>Kristiines ei ole sa kunagi millestki liiga kaugel. N\u00f5mme tee 57 aadressiga Lillek\u00fcla Kodud asuvad vaiksete k\u00f5rvalt\u00e4navatega rohelises piirkonnas, kust vaid jalutusk\u00e4igu kaugusele j\u00e4\u00e4vad mitmed pargid ja metsarajad.<\/p>\n                                    <\/div>\n                <div class=\"col col-lg-6 col-12 mt-5 mt-lg-0\">\n                                            <p>V\u00e4ga head transpordi\u00fchendused viivad sind loetud minutitega kuhu iganes soovid minna. Looduss\u00f5bralikuma liikumisviisi eelistajad saavad kulgeda m\u00f6\u00f6da kergliiklusteid ja v\u00e4hese liiklusega k\u00f5rvalt\u00e4navaid, nautides v\u00e4rsket \u00f5hku ja piirkonna rohelust.<\/p>\n                                    <\/div>\n                    <\/div>\n                <div class=\"row mt-6 mt-lg-9 fade\">\n            <div class=\"col-12 d-flex align-items-center justify-content-center\">\n                <a class=\"btn orange\" href=\"https:\/\/hepsor.ee\/lillekylakodud\/asukoht\/\" target=\"_self\">\n                    ASUKOHAST                <\/a>\n             <\/div>\n        <\/div>\n            <\/div>\n    <div class=\"map position-relative pt-lg-10 pt-9\">\n        <img decoding=\"async\" loading=\"lazy\" class=\"map_image d-md-block d-none w100\" src=\"https:\/\/hepsor.ee\/lillekylakodud\/wp-content\/uploads\/2022\/11\/dp_map-scaled.webp\" width=\"2560\" height=\"1242\" alt=\"\" \/>\n        <img decoding=\"async\" loading=\"lazy\" class=\"map_image_mob d-md-none d-block w100\" src=\"https:\/\/hepsor.ee\/lillekylakodud\/wp-content\/uploads\/2022\/11\/mob_map.webp\" width=\"780\" height=\"1388\" alt=\"\" \/>\n                    <div id=\"lottie-block_c502e04868ea5ca7420165fc14456311\" class=\"lottie_animation position-absolute translate-middle-x\" data-path=\"https:\/\/hepsor.ee\/lillekylakodud\/wp-content\/themes\/lillekula\/lottie\/spiral\/data.json\" data-speed=\"1\"><\/div>\n            <a class=\"icon fade-logo position-absolute translate-middle-x\" href=\"https:\/\/goo.gl\/maps\/MaYQQTb56CZGbENk6\" target=\"_blank\">\n                <img decoding=\"async\" loading=\"lazy\" src=\"https:\/\/hepsor.ee\/lillekylakodud\/wp-content\/uploads\/2022\/11\/map_icon.svg\" width=\"67\" height=\"67\" alt=\"\" \/>\n            <\/a>\n            <\/div>\n    <div class=\"bottom_text position-relative bg-beige pt-9 pt-lg-11\">\n        <div class=\"container btm fade-in-up\">\n            <div class=\"row mb-2\">\n                                    <div class=\"col col-lg-6 col-12\">\n                                                    <div class=\"btm_left_content\">\n                                <p>Kodule l\u00e4hedane lasteaed v\u00f5i kool teeb perede elu lihtsamaks ja pereliikmed r\u00f5\u00f5msamaks. L\u00fchike ja turvaline koolitee on ootamas ka Lillek\u00fcla Kodude elanikke \u2013 Kristiine Lasteaed ja Kristiine G\u00fcmnaasium asuvad m\u00f5lemad vaid 500m kaugusel.<\/p>\n                            <\/div>\n                                            <\/div>\n                    <div class=\"col col-lg-6 col-12 mt-6 mt-lg-0\">\n                                                    <div class=\"btm_right_content\">\n                                <p>\u00dcmbruskonnas on mitmed sportimisv\u00f5imalused, tervisekeskused, koolid, lasteaiad ja poed. Kristiines on k\u00f5ik k\u00e4ega katsutaval kaugusel.<\/p>\n                            <\/div>\n                                            <\/div>\n                            <\/div>\n        <\/div>\n    <\/div>\n<\/section>\n\n\n<section class=\"green-thinking-block position-relative text-center text-lg-start overflow-hidden\">\n    <div class=\"container px-0 px-lg-5\">\n        <div class=\"inside_wrap w100 pt-11\">\n\t\t\t<div class=\"d-flex flex-lg-row flex-column flex-wrap justify-content-between\">\n\t\t\t\t\t\t\t\t\t<div class=\"green_thinking_content col col-lg-6 col-12 pb-lg-10 pb-6 fade-in-up\">\n\t\t\t\t\t\t\t\t\t\t\t\t\t<h2 class=\"mb-6\">Roheline m\u00f5tteviis<\/h2>\n\t\t\t\t\t\t\t\t\t\t\t\t<p>A-energiaklassi hoone katusele paigaldatud p\u00e4ikesepaneelid ning soojustagastusega ventilatsioon korterites tagavad energias\u00e4\u00e4stlikkuse ning kvaliteetse sisekliima.<\/p>\n<p>Maja taga asuval mitmekesisel hoovialal on m\u00e4nguv\u00e4ljak, ronimis- ja m\u00e4nguatraktsioonid ning istumisala t\u00e4iskasvanutele. \u00dcle tee asuvas rekonstrueeritavas R\u00e4\u00e4gu pargis hakkab asuma nii uus lastele m\u00f5eldud m\u00e4ngu- ja ronimisala, j\u00f5ulinnak kui mediteerimisala.<\/p>\n\t\t\t\t\t<\/div>\n\t\t\t\t\t\t\t\t<div class=\"animation_col col col-lg-6 col-12\">\n\t\t\t\t\t<div class=\"animation_wrap w100 ms-auto mb-lg-0 mb-9\">\n\t\t\t\t\t\t<div id=\"lottie-block_0e911c50c625ef1dda8d47da2df58401\" class=\"lottie_animation\" data-path=\"https:\/\/hepsor.ee\/lillekylakodud\/wp-content\/themes\/lillekula\/lottie\/palm_leaf\/data.json\" data-speed=\"1\"><\/div>\n\t\t\t\t\t<\/div>\n\t\t\t\t<\/div>\n\t\t\t<\/div>\n\t\t\t\n\t\t\t\t\t\t\t<div class=\"row fade\">\n\t\t\t\t\t<div class=\"col-12 d-flex align-items-center justify-content-center\">\n\t\t\t\t\t\t<a class=\"btn orange\" href=\"https:\/\/hepsor.ee\/lillekylakodud\/roheline-motteviis\/\" target=\"_self\">\n\t\t\t\t\t\t\tLoe l\u00e4hemalt\t\t\t\t\t\t<\/a>\n\t\t\t\t\t<\/div>\n\t\t\t\t<\/div>\n\t\t\t\t\t<\/div>\n    <\/div>\n<\/section>","protected":false},"excerpt":{"rendered":"","protected":false},"author":1,"featured_media":0,"parent":0,"menu_order":0,"comment_status":"closed","ping_status":"closed","template":"","meta":[],"acf":[],"yoast_head":"<!-- This site is optimized with the Yoast SEO plugin v19.12 - https:\/\/yoast.com\/wordpress\/plugins\/seo\/ -->\n<title>Tutvustus - Lillek\u00fcla Kodud<\/title>\n<meta name=\"robots\" content=\"index, follow, max-snippet:-1, max-image-preview:large, max-video-preview:-1\" \/>\n<link rel=\"canonical\" href=\"https:\/\/hepsor.ee\/lillekylakodud\/\" \/>\n<meta property=\"og:locale\" content=\"et_EE\" \/>\n<meta property=\"og:type\" content=\"article\" \/>\n<meta property=\"og:title\" content=\"Tutvustus - Lillek\u00fcla Kodud\" \/>\n<meta property=\"og:url\" content=\"https:\/\/hepsor.ee\/lillekylakodud\/\" \/>\n<meta property=\"og:site_name\" content=\"Lillek\u00fcla Kodud\" \/>\n<meta property=\"article:modified_time\" content=\"2025-11-05T08:56:18+00:00\" \/>\n<meta property=\"og:image\" content=\"https:\/\/hepsor.ee\/lillekylakodud\/wp-content\/uploads\/2022\/12\/Mask-group-2.jpg\" \/>\n\t<meta property=\"og:image:width\" content=\"1200\" \/>\n\t<meta property=\"og:image:height\" content=\"630\" \/>\n\t<meta property=\"og:image:type\" content=\"image\/jpeg\" \/>\n<meta name=\"twitter:card\" content=\"summary_large_image\" \/>\n<script type=\"application\/ld+json\" class=\"yoast-schema-graph\">{\"@context\":\"https:\/\/schema.org\",\"@graph\":[{\"@type\":\"WebPage\",\"@id\":\"https:\/\/hepsor.ee\/lillekylakodud\/\",\"url\":\"https:\/\/hepsor.ee\/lillekylakodud\/\",\"name\":\"Tutvustus - Lillek\u00fcla Kodud\",\"isPartOf\":{\"@id\":\"https:\/\/hepsor.ee\/lillekylakodud\/#website\"},\"datePublished\":\"2020-09-17T15:31:54+00:00\",\"dateModified\":\"2025-11-05T08:56:18+00:00\",\"breadcrumb\":{\"@id\":\"https:\/\/hepsor.ee\/lillekylakodud\/#breadcrumb\"},\"inLanguage\":\"et\",\"potentialAction\":[{\"@type\":\"ReadAction\",\"target\":[\"https:\/\/hepsor.ee\/lillekylakodud\/\"]}]},{\"@type\":\"BreadcrumbList\",\"@id\":\"https:\/\/hepsor.ee\/lillekylakodud\/#breadcrumb\",\"itemListElement\":[{\"@type\":\"ListItem\",\"position\":1,\"name\":\"Home\",\"item\":\"https:\/\/hepsor.ee\/lillekylakodud\/\"},{\"@type\":\"ListItem\",\"position\":2,\"name\":\"Tutvustus\"}]},{\"@type\":\"WebSite\",\"@id\":\"https:\/\/hepsor.ee\/lillekylakodud\/#website\",\"url\":\"https:\/\/hepsor.ee\/lillekylakodud\/\",\"name\":\"Lillek\u00fcla Kodud\",\"description\":\"Hubane linnakodu rohelises Kristiines\",\"publisher\":{\"@id\":\"https:\/\/hepsor.ee\/lillekylakodud\/#organization\"},\"potentialAction\":[{\"@type\":\"SearchAction\",\"target\":{\"@type\":\"EntryPoint\",\"urlTemplate\":\"https:\/\/hepsor.ee\/lillekylakodud\/?s={search_term_string}\"},\"query-input\":\"required name=search_term_string\"}],\"inLanguage\":\"et\"},{\"@type\":\"Organization\",\"@id\":\"https:\/\/hepsor.ee\/lillekylakodud\/#organization\",\"name\":\"Hepsor\",\"url\":\"https:\/\/hepsor.ee\/lillekylakodud\/\",\"logo\":{\"@type\":\"ImageObject\",\"inLanguage\":\"et\",\"@id\":\"https:\/\/hepsor.ee\/lillekylakodud\/#\/schema\/logo\/image\/\",\"url\":\"https:\/\/hepsor.ee\/lillekylakodud\/wp-content\/uploads\/2022\/11\/logo.svg\",\"contentUrl\":\"https:\/\/hepsor.ee\/lillekylakodud\/wp-content\/uploads\/2022\/11\/logo.svg\",\"caption\":\"Hepsor\"},\"image\":{\"@id\":\"https:\/\/hepsor.ee\/lillekylakodud\/#\/schema\/logo\/image\/\"}}]}<\/script>\n<!-- \/ Yoast SEO plugin. -->","yoast_head_json":{"title":"Tutvustus - Lillek\u00fcla Kodud","robots":{"index":"index","follow":"follow","max-snippet":"max-snippet:-1","max-image-preview":"max-image-preview:large","max-video-preview":"max-video-preview:-1"},"canonical":"https:\/\/hepsor.ee\/lillekylakodud\/","og_locale":"et_EE","og_type":"article","og_title":"Tutvustus - Lillek\u00fcla Kodud","og_url":"https:\/\/hepsor.ee\/lillekylakodud\/","og_site_name":"Lillek\u00fcla Kodud","article_modified_time":"2025-11-05T08:56:18+00:00","og_image":[{"width":1200,"height":630,"url":"https:\/\/hepsor.ee\/lillekylakodud\/wp-content\/uploads\/2022\/12\/Mask-group-2.jpg","type":"image\/jpeg"}],"twitter_card":"summary_large_image","schema":{"@context":"https:\/\/schema.org","@graph":[{"@type":"WebPage","@id":"https:\/\/hepsor.ee\/lillekylakodud\/","url":"https:\/\/hepsor.ee\/lillekylakodud\/","name":"Tutvustus - Lillek\u00fcla Kodud","isPartOf":{"@id":"https:\/\/hepsor.ee\/lillekylakodud\/#website"},"datePublished":"2020-09-17T15:31:54+00:00","dateModified":"2025-11-05T08:56:18+00:00","breadcrumb":{"@id":"https:\/\/hepsor.ee\/lillekylakodud\/#breadcrumb"},"inLanguage":"et","potentialAction":[{"@type":"ReadAction","target":["https:\/\/hepsor.ee\/lillekylakodud\/"]}]},{"@type":"BreadcrumbList","@id":"https:\/\/hepsor.ee\/lillekylakodud\/#breadcrumb","itemListElement":[{"@type":"ListItem","position":1,"name":"Home","item":"https:\/\/hepsor.ee\/lillekylakodud\/"},{"@type":"ListItem","position":2,"name":"Tutvustus"}]},{"@type":"WebSite","@id":"https:\/\/hepsor.ee\/lillekylakodud\/#website","url":"https:\/\/hepsor.ee\/lillekylakodud\/","name":"Lillek\u00fcla Kodud","description":"Hubane linnakodu rohelises Kristiines","publisher":{"@id":"https:\/\/hepsor.ee\/lillekylakodud\/#organization"},"potentialAction":[{"@type":"SearchAction","target":{"@type":"EntryPoint","urlTemplate":"https:\/\/hepsor.ee\/lillekylakodud\/?s={search_term_string}"},"query-input":"required name=search_term_string"}],"inLanguage":"et"},{"@type":"Organization","@id":"https:\/\/hepsor.ee\/lillekylakodud\/#organization","name":"Hepsor","url":"https:\/\/hepsor.ee\/lillekylakodud\/","logo":{"@type":"ImageObject","inLanguage":"et","@id":"https:\/\/hepsor.ee\/lillekylakodud\/#\/schema\/logo\/image\/","url":"https:\/\/hepsor.ee\/lillekylakodud\/wp-content\/uploads\/2022\/11\/logo.svg","contentUrl":"https:\/\/hepsor.ee\/lillekylakodud\/wp-content\/uploads\/2022\/11\/logo.svg","caption":"Hepsor"},"image":{"@id":"https:\/\/hepsor.ee\/lillekylakodud\/#\/schema\/logo\/image\/"}}]}},"_links":{"self":[{"href":"https:\/\/hepsor.ee\/lillekylakodud\/wp-json\/wp\/v2\/pages\/7"}],"collection":[{"href":"https:\/\/hepsor.ee\/lillekylakodud\/wp-json\/wp\/v2\/pages"}],"about":[{"href":"https:\/\/hepsor.ee\/lillekylakodud\/wp-json\/wp\/v2\/types\/page"}],"author":[{"embeddable":true,"href":"https:\/\/hepsor.ee\/lillekylakodud\/wp-json\/wp\/v2\/users\/1"}],"replies":[{"embeddable":true,"href":"https:\/\/hepsor.ee\/lillekylakodud\/wp-json\/wp\/v2\/comments?post=7"}],"version-history":[{"count":78,"href":"https:\/\/hepsor.ee\/lillekylakodud\/wp-json\/wp\/v2\/pages\/7\/revisions"}],"predecessor-version":[{"id":3151,"href":"https:\/\/hepsor.ee\/lillekylakodud\/wp-json\/wp\/v2\/pages\/7\/revisions\/3151"}],"wp:attachment":[{"href":"https:\/\/hepsor.ee\/lillekylakodud\/wp-json\/wp\/v2\/media?parent=7"}],"curies":[{"name":"wp","href":"https:\/\/api.w.org\/{rel}","templated":true}]}}