{"id":172,"date":"2022-11-21T14:04:48","date_gmt":"2022-11-21T11:04:48","guid":{"rendered":"https:\/\/hepsor.ee\/lillekylakodud\/?page_id=172"},"modified":"2024-07-16T11:11:32","modified_gmt":"2024-07-16T08:11:32","slug":"hoonest","status":"publish","type":"page","link":"https:\/\/hepsor.ee\/lillekylakodud\/hoonest\/","title":{"rendered":"Hoonest"},"content":{"rendered":"\n<section class=\"image-block d-flex align-items-center justify-content-center overflow-hidden bg-center no-lazy\" style=\"background-image: url('https:\/\/hepsor.ee\/lillekylakodud\/wp-content\/uploads\/2024\/07\/Nomme-tee_MBA1308_MarisTomba.png');\"><\/section>\n\n\n<section class=\"slogan-block position-relative bg-beige py-9 text-center\">\n\t<div class=\"container\">\n\t\t<div class=\"text_wrap d-flex flex-column mx-auto\">\n\t\t\t\t\t\t\t<span class=\"mb-4 fs-20 text\">Lillek\u00fcla Kodude energiat\u00f5hususarv vastab<\/span>\n\t\t\t\n\t\t\t\t\t\t\t<span class=\"fs-40 ff-ogg text_big\">klassile A<\/span>\n\t\t\t\t\t<\/div>\n\t<\/div>\n\n\t<div id=\"lottie-block_255e8f640cc179bfd0bf8f5ae2172eeb\" class=\"lottie_animation energy position-absolute top-100 start-50 translate-middle\" data-path=\"https:\/\/hepsor.ee\/lillekylakodud\/wp-content\/themes\/lillekula\/lottie\/energy\/data.json\" data-speed=\"1.25\"><\/div>\n<\/section>\n\n<section class=\"icons-columns-block py-9 py-lg-11 position-relative overflow-hidden text-center text-lg-start bg-white\">\n    <div class=\"container\">\n\t\t\t\t\t<h2 class=\"mb-9 fade-in-up\">Konstruktsioonid<\/h2>\n\t\t\n        <div class=\"row row-cols-2 row-cols-lg-3 gy-6 gy-lg-7\">\n                                            <div class=\"icon d-flex flex-column align-items-center align-items-lg-start fade-in-up\">\n\t\t\t\t\t\t\t\t\t\t\t<div class=\"image_container mb-3 mb-lg-6\">\n\t\t\t\t\t\t\t<img decoding=\"async\" loading=\"lazy\" src=\"https:\/\/hepsor.ee\/lillekylakodud\/wp-content\/uploads\/2022\/11\/Frame.svg\" width=\"45\" height=\"44\" alt=\"\" \/>\n\t\t\t\t\t\t<\/div>\n\t\t\t\t\t                    <div class=\"text_wrapper d-flex flex-column\">\n\t\t\t\t\t\t\t\t\t\t\t\t\t<h3 class=\"mb-2\">V\u00c4LISSEINAD<\/h3>\n\t\t\t\t\t\t\t\t\t\t\t\t                        \t<p>Betoneeritud \u00f5\u00f5nesplokk.<\/p>\n\t\t\t\t\t\t                    <\/div>\n                <\/div>\n                                            <div class=\"icon d-flex flex-column align-items-center align-items-lg-start fade-in-up\">\n\t\t\t\t\t\t\t\t\t\t\t<div class=\"image_container mb-3 mb-lg-6\">\n\t\t\t\t\t\t\t<img decoding=\"async\" loading=\"lazy\" src=\"https:\/\/hepsor.ee\/lillekylakodud\/wp-content\/uploads\/2022\/11\/Frame-1.svg\" width=\"46\" height=\"46\" alt=\"\" \/>\n\t\t\t\t\t\t<\/div>\n\t\t\t\t\t                    <div class=\"text_wrapper d-flex flex-column\">\n\t\t\t\t\t\t\t\t\t\t\t\t\t<h3 class=\"mb-2\">KORTERITE VAHESEINAD<\/h3>\n\t\t\t\t\t\t\t\t\t\t\t\t                        \t<p>Betoneeritud \u00f5\u00f5nesplokk.<\/p>\n\t\t\t\t\t\t                    <\/div>\n                <\/div>\n                                            <div class=\"icon d-flex flex-column align-items-center align-items-lg-start fade-in-up\">\n\t\t\t\t\t\t\t\t\t\t\t<div class=\"image_container mb-3 mb-lg-6\">\n\t\t\t\t\t\t\t<img decoding=\"async\" loading=\"lazy\" src=\"https:\/\/hepsor.ee\/lillekylakodud\/wp-content\/uploads\/2022\/11\/Frame-2.svg\" width=\"51\" height=\"51\" alt=\"\" \/>\n\t\t\t\t\t\t<\/div>\n\t\t\t\t\t                    <div class=\"text_wrapper d-flex flex-column\">\n\t\t\t\t\t\t\t\t\t\t\t\t\t<h3 class=\"mb-2\">KORTERITE SISESEINAD<\/h3>\n\t\t\t\t\t\t\t\t\t\t\t\t                        \t<p>Teraskarkassil kipsseinad.<\/p>\n\t\t\t\t\t\t                    <\/div>\n                <\/div>\n                                            <div class=\"icon d-flex flex-column align-items-center align-items-lg-start fade-in-up\">\n\t\t\t\t\t\t\t\t\t\t\t<div class=\"image_container mb-3 mb-lg-6\">\n\t\t\t\t\t\t\t<img decoding=\"async\" loading=\"lazy\" src=\"https:\/\/hepsor.ee\/lillekylakodud\/wp-content\/uploads\/2022\/11\/Frame-3.svg\" width=\"45\" height=\"45\" alt=\"\" \/>\n\t\t\t\t\t\t<\/div>\n\t\t\t\t\t                    <div class=\"text_wrapper d-flex flex-column\">\n\t\t\t\t\t\t\t\t\t\t\t\t\t<h3 class=\"mb-2\">VAHELAED<\/h3>\n\t\t\t\t\t\t\t\t\t\t\t\t                        \t<p>\u00d5\u00f5nespaneelvahelaed.<\/p>\n\t\t\t\t\t\t                    <\/div>\n                <\/div>\n                                            <div class=\"icon d-flex flex-column align-items-center align-items-lg-start fade-in-up\">\n\t\t\t\t\t\t\t\t\t\t\t<div class=\"image_container mb-3 mb-lg-6\">\n\t\t\t\t\t\t\t<img decoding=\"async\" loading=\"lazy\" src=\"https:\/\/hepsor.ee\/lillekylakodud\/wp-content\/uploads\/2022\/11\/Frame-4.svg\" width=\"68\" height=\"36\" alt=\"\" \/>\n\t\t\t\t\t\t<\/div>\n\t\t\t\t\t                    <div class=\"text_wrapper d-flex flex-column\">\n\t\t\t\t\t\t\t\t\t\t\t\t\t<h3 class=\"mb-2\">KATUS<\/h3>\n\t\t\t\t\t\t\t\t\t\t\t\t                        \t<p>\u00d5\u00f5nespaneel, soojustus, rullkattematerjal.<\/p>\n\t\t\t\t\t\t                    <\/div>\n                <\/div>\n                                            <div class=\"icon d-flex flex-column align-items-center align-items-lg-start fade-in-up\">\n\t\t\t\t\t\t\t\t\t\t\t<div class=\"image_container mb-3 mb-lg-6\">\n\t\t\t\t\t\t\t<img decoding=\"async\" loading=\"lazy\" src=\"https:\/\/hepsor.ee\/lillekylakodud\/wp-content\/uploads\/2022\/11\/Frame-5.svg\" width=\"45\" height=\"45\" alt=\"\" \/>\n\t\t\t\t\t\t<\/div>\n\t\t\t\t\t                    <div class=\"text_wrapper d-flex flex-column\">\n\t\t\t\t\t\t\t\t\t\t\t\t\t<h3 class=\"mb-2\">AKNAD<\/h3>\n\t\t\t\t\t\t\t\t\t\t\t\t                        \t<p>Kolmekordse klaaspaketiga plastikaknad.<\/p>\n\t\t\t\t\t\t                    <\/div>\n                <\/div>\n                    <\/div>\n\n            <\/div>\n<\/section>\n\n<section class=\"icons-columns-block rounded_corners br-start-200 bg-beige ms-lg-7 me-lg-7 pt-9 pb-9 py-lg-11 mb-lg-10 text-center text-lg-start\">\n    <div class=\"container d-flex flex-wrap justify-content-between\">\n\t\t\t\t\t<h2 class=\"mb-9 fade-in-up w100\">Kommunikatsioonid<\/h2>\n\t\t\n        <div class=\"row rounded_row row-cols-1 row-cols-lg-2 gy-6 gy-lg-7\">\n                                            <div class=\"icon d-flex flex-column align-items-center align-items-lg-start fade-in-up\">\n\t\t\t\t\t\t\t\t\t\t\t<div class=\"image_container mb-3 mb-lg-6\">\n\t\t\t\t\t\t\t<img decoding=\"async\" loading=\"lazy\" src=\"https:\/\/hepsor.ee\/lillekylakodud\/wp-content\/uploads\/2022\/11\/Frame-6.svg\" width=\"34\" height=\"67\" alt=\"\" \/>\n\t\t\t\t\t\t<\/div>\n\t\t\t\t\t                    <div class=\"text_wrapper d-flex flex-column\">\n\t\t\t\t\t\t\t\t\t\t\t\t\t<h3 class=\"mb-2\">ENERGIAT\u00d5HUSUS<\/h3>\n\t\t\t\t\t\t\t\t\t\t\t\t                        \t<p>A-energiaklass<\/p>\n\t\t\t\t\t\t                    <\/div>\n                <\/div>\n                                            <div class=\"icon d-flex flex-column align-items-center align-items-lg-start fade-in-up\">\n\t\t\t\t\t\t\t\t\t\t\t<div class=\"image_container mb-3 mb-lg-6\">\n\t\t\t\t\t\t\t<img decoding=\"async\" loading=\"lazy\" src=\"https:\/\/hepsor.ee\/lillekylakodud\/wp-content\/uploads\/2022\/11\/Frame-1-1.svg\" width=\"37\" height=\"53\" alt=\"\" \/>\n\t\t\t\t\t\t<\/div>\n\t\t\t\t\t                    <div class=\"text_wrapper d-flex flex-column\">\n\t\t\t\t\t\t\t\t\t\t\t\t\t<h3 class=\"mb-2\">K\u00dcTE<\/h3>\n\t\t\t\t\t\t\t\t\t\t\t\t                        \t<p>Hoonet k\u00f6etakse \u00f5hk-vesi soojuspumpadega, mida vajadusel kombineeritakse gaasik\u00fcttega.<\/p>\n\t\t\t\t\t\t                    <\/div>\n                <\/div>\n                                            <div class=\"icon d-flex flex-column align-items-center align-items-lg-start fade-in-up\">\n\t\t\t\t\t\t\t\t\t\t\t<div class=\"image_container mb-3 mb-lg-6\">\n\t\t\t\t\t\t\t<img decoding=\"async\" loading=\"lazy\" src=\"https:\/\/hepsor.ee\/lillekylakodud\/wp-content\/uploads\/2022\/11\/Frame-2-1.svg\" width=\"62\" height=\"39\" alt=\"\" \/>\n\t\t\t\t\t\t<\/div>\n\t\t\t\t\t                    <div class=\"text_wrapper d-flex flex-column\">\n\t\t\t\t\t\t\t\t\t\t\t\t\t<h3 class=\"mb-2\">VENTILATSIOON<\/h3>\n\t\t\t\t\t\t\t\t\t\t\t\t                        \t<p>Energias\u00e4\u00e4stlik korterip\u00f5hine soojustagastusega sundventilatsioon.<\/p>\n\t\t\t\t\t\t                    <\/div>\n                <\/div>\n                                            <div class=\"icon d-flex flex-column align-items-center align-items-lg-start fade-in-up\">\n\t\t\t\t\t\t\t\t\t\t\t<div class=\"image_container mb-3 mb-lg-6\">\n\t\t\t\t\t\t\t<img decoding=\"async\" loading=\"lazy\" src=\"https:\/\/hepsor.ee\/lillekylakodud\/wp-content\/uploads\/2022\/11\/Frame-3-1.svg\" width=\"45\" height=\"49\" alt=\"\" \/>\n\t\t\t\t\t\t<\/div>\n\t\t\t\t\t                    <div class=\"text_wrapper d-flex flex-column\">\n\t\t\t\t\t\t\t\t\t\t\t\t\t<h3 class=\"mb-2\">VESI JA KANALISATSIOON<\/h3>\n\t\t\t\t\t\t\t\t\t\t\t\t                        \t<p>Tsentraalne tarbevesi ja kanalisatsioon, kaugloetavad veearvestid.<\/p>\n\t\t\t\t\t\t                    <\/div>\n                <\/div>\n                                            <div class=\"icon d-flex flex-column align-items-center align-items-lg-start fade-in-up\">\n\t\t\t\t\t\t\t\t\t\t\t<div class=\"image_container mb-3 mb-lg-6\">\n\t\t\t\t\t\t\t<img decoding=\"async\" loading=\"lazy\" src=\"https:\/\/hepsor.ee\/lillekylakodud\/wp-content\/uploads\/2022\/11\/Frame-4-1.svg\" width=\"34\" height=\"52\" alt=\"\" \/>\n\t\t\t\t\t\t<\/div>\n\t\t\t\t\t                    <div class=\"text_wrapper d-flex flex-column\">\n\t\t\t\t\t\t\t\t\t\t\t\t\t<h3 class=\"mb-2\">ELEKTER JA N\u00d5RKVOOL<\/h3>\n\t\t\t\t\t\t\t\t\t\t\t\t                        \t<p>Elektripaigaldis ja andmesides\u00fcsteemide kaabeldus vastavalt korteri planeeringule, elektri ja n\u00f5rkvoolu kilp korteri garderoobikapis.<\/p>\n\t\t\t\t\t\t                    <\/div>\n                <\/div>\n                    <\/div>\n\n                    <div class=\"flower_wrap d-flex justify-content-center\">\n                <div id=\"lottie-block_40fc575593aeb078e2770eb66d7b8f6b\" class=\"lottie_animation flower d-none d-lg-block\" data-path=\"https:\/\/hepsor.ee\/lillekylakodud\/wp-content\/themes\/lillekula\/lottie\/palm_leaf\/data.json\" data-speed=\"1.25\"><\/div>\n            <\/div>\n            <\/div>\n<\/section>\n\n<section class=\"developers-block pt-9 pt-lg-5 pb-9 pb-lg-11 text-center text-lg-start overflow-hidden\">\n    <div class=\"container\">\n                                <div class=\"row align-items-center row-cols-1 row-cols-lg-2 gx-4 mb-9 mb-lg-10\">\n                <div class=\"col text\">\n                    <div class=\"text_wrapper d-flex flex-column fade-in-up\">\n\t\t\t\t\t\t\t\t\t\t\t\t\t<h4 class=\"d-none d-lg-block ff-fraunces fw-light fs-16 mb-2 text-uppercase\">ARENDAJA<\/h4>\n\t\t\t\t\t\t                                                    <div class=\"d-none d-lg-block logo_wrapper mb-5 mb-lg-8\">\n                                <img decoding=\"async\" loading=\"lazy\" src=\"https:\/\/hepsor.ee\/lillekylakodud\/wp-content\/uploads\/2022\/11\/Frame-14.svg\" width=\"118\" height=\"39\" alt=\"\" \/>\n                            <\/div>\n                        \t\t\t\t\t\t                        \t<p>Hepsor \u2013 see on 13 aastat v\u00e4ga head elu- ja \u00e4rikeskkonda, rohelist m\u00f5tteviisi, innovatsiooni ning kaasaegset arhitektuuri. Oleme \u00fcks suuremaid ja kiirema kasvuga kinnisvaraarendajaid Eestis, samas suunas liigume juba 7 aastat ka L\u00e4tis. Me ei arenda pelgalt ruutmeetreid, vaid loome kodusid inimestele ja ettev\u00f5tetele.<\/p>\n\t\t\t\t\t\t                    <\/div>\n                <\/div>\n                <div class=\"col image mb-6 mb-lg-0\">\n                                            <h4 class=\"d-lg-none ff-fraunces fw-light fs-16 mb-2 text-uppercase\">ARENDAJA<\/h4>\n                                                                <div class=\"d-lg-none logo_wrapper mb-6 mb-lg-8\">\n                            <img decoding=\"async\" loading=\"lazy\" src=\"https:\/\/hepsor.ee\/lillekylakodud\/wp-content\/uploads\/2022\/11\/Frame-14.svg\" width=\"118\" height=\"39\" alt=\"\" \/>\n                        <\/div>\n                                        \t\t\t\t\t\t<div class=\"image_wrapper overflow-hidden fade br-start-90 ms-lg-auto me-lg-0\">\n\t\t\t\t\t\t\t<img decoding=\"async\" loading=\"lazy\" src=\"https:\/\/hepsor.ee\/lillekylakodud\/wp-content\/uploads\/2022\/11\/Mask-group-1.jpg\" width=\"812\" height=\"728\" alt=\"\" \/>\n\t\t\t\t\t\t<\/div>\n\t\t\t\t\t                <\/div>\n            <\/div>\n                                <div class=\"row align-items-center row-cols-1 row-cols-lg-2 gx-4 flex-row-reverse mb-lg-0\">\n                <div class=\"col text\">\n                    <div class=\"text_wrapper d-flex flex-column fade-in-up\">\n\t\t\t\t\t\t\t\t\t\t\t\t\t<h4 class=\"d-none d-lg-block ff-fraunces fw-light fs-16 mb-2 text-uppercase\">Ehitaja<\/h4>\n\t\t\t\t\t\t                                                    <div class=\"d-none d-lg-block logo_wrapper mb-5 mb-lg-8\">\n                                <img decoding=\"async\" loading=\"lazy\" src=\"https:\/\/hepsor.ee\/lillekylakodud\/wp-content\/uploads\/2022\/11\/Group-47-Copy.svg\" width=\"321\" height=\"51\" alt=\"\" \/>\n                            <\/div>\n                        \t\t\t\t\t\t                        \t<p>Mitt &amp; Perlebach on hinnatud ja suurte kogemustega ehitusettev\u00f5te, kelle fookus on kortermajade, ladude, tootmis- ja kaubanduspindade ehitamisel.<\/p>\n\t\t\t\t\t\t                    <\/div>\n                <\/div>\n                <div class=\"col image mb-6 mb-lg-0\">\n                                            <h4 class=\"d-lg-none ff-fraunces fw-light fs-16 mb-2 text-uppercase\">Ehitaja<\/h4>\n                                                                <div class=\"d-lg-none logo_wrapper mb-6 mb-lg-8\">\n                            <img decoding=\"async\" loading=\"lazy\" src=\"https:\/\/hepsor.ee\/lillekylakodud\/wp-content\/uploads\/2022\/11\/Group-47-Copy.svg\" width=\"321\" height=\"51\" alt=\"\" \/>\n                        <\/div>\n                                        \t\t\t\t\t\t<div class=\"image_wrapper overflow-hidden fade br-end-90\">\n\t\t\t\t\t\t\t<img decoding=\"async\" loading=\"lazy\" src=\"https:\/\/hepsor.ee\/lillekylakodud\/wp-content\/uploads\/2022\/11\/Mask-group-1-1.jpg\" width=\"812\" height=\"728\" alt=\"\" \/>\n\t\t\t\t\t\t<\/div>\n\t\t\t\t\t                <\/div>\n            <\/div>\n            <\/div>\n<\/section>","protected":false},"excerpt":{"rendered":"","protected":false},"author":1,"featured_media":0,"parent":0,"menu_order":0,"comment_status":"closed","ping_status":"closed","template":"","meta":[],"acf":[],"yoast_head":"<!-- This site is optimized with the Yoast SEO plugin v19.12 - https:\/\/yoast.com\/wordpress\/plugins\/seo\/ -->\n<title>Hoonest - Lillek\u00fcla Kodud<\/title>\n<meta name=\"robots\" content=\"index, follow, max-snippet:-1, max-image-preview:large, max-video-preview:-1\" \/>\n<link rel=\"canonical\" href=\"https:\/\/hepsor.ee\/lillekylakodud\/hoonest\/\" \/>\n<meta property=\"og:locale\" content=\"et_EE\" \/>\n<meta property=\"og:type\" content=\"article\" \/>\n<meta property=\"og:title\" content=\"Hoonest - Lillek\u00fcla Kodud\" \/>\n<meta property=\"og:url\" content=\"https:\/\/hepsor.ee\/lillekylakodud\/hoonest\/\" \/>\n<meta property=\"og:site_name\" content=\"Lillek\u00fcla Kodud\" \/>\n<meta property=\"article:modified_time\" content=\"2024-07-16T08:11:32+00:00\" \/>\n<meta property=\"og:image\" content=\"https:\/\/hepsor.ee\/lillekylakodud\/wp-content\/uploads\/2022\/12\/Mask-group-2.jpg\" \/>\n\t<meta property=\"og:image:width\" content=\"1200\" \/>\n\t<meta property=\"og:image:height\" content=\"630\" \/>\n\t<meta property=\"og:image:type\" content=\"image\/jpeg\" \/>\n<meta name=\"twitter:card\" content=\"summary_large_image\" \/>\n<script type=\"application\/ld+json\" class=\"yoast-schema-graph\">{\"@context\":\"https:\/\/schema.org\",\"@graph\":[{\"@type\":\"WebPage\",\"@id\":\"https:\/\/hepsor.ee\/lillekylakodud\/hoonest\/\",\"url\":\"https:\/\/hepsor.ee\/lillekylakodud\/hoonest\/\",\"name\":\"Hoonest - Lillek\u00fcla Kodud\",\"isPartOf\":{\"@id\":\"https:\/\/hepsor.ee\/lillekylakodud\/#website\"},\"datePublished\":\"2022-11-21T11:04:48+00:00\",\"dateModified\":\"2024-07-16T08:11:32+00:00\",\"breadcrumb\":{\"@id\":\"https:\/\/hepsor.ee\/lillekylakodud\/hoonest\/#breadcrumb\"},\"inLanguage\":\"et\",\"potentialAction\":[{\"@type\":\"ReadAction\",\"target\":[\"https:\/\/hepsor.ee\/lillekylakodud\/hoonest\/\"]}]},{\"@type\":\"BreadcrumbList\",\"@id\":\"https:\/\/hepsor.ee\/lillekylakodud\/hoonest\/#breadcrumb\",\"itemListElement\":[{\"@type\":\"ListItem\",\"position\":1,\"name\":\"Home\",\"item\":\"https:\/\/hepsor.ee\/lillekylakodud\/\"},{\"@type\":\"ListItem\",\"position\":2,\"name\":\"Hoonest\"}]},{\"@type\":\"WebSite\",\"@id\":\"https:\/\/hepsor.ee\/lillekylakodud\/#website\",\"url\":\"https:\/\/hepsor.ee\/lillekylakodud\/\",\"name\":\"Lillek\u00fcla Kodud\",\"description\":\"Hubane linnakodu rohelises Kristiines\",\"publisher\":{\"@id\":\"https:\/\/hepsor.ee\/lillekylakodud\/#organization\"},\"potentialAction\":[{\"@type\":\"SearchAction\",\"target\":{\"@type\":\"EntryPoint\",\"urlTemplate\":\"https:\/\/hepsor.ee\/lillekylakodud\/?s={search_term_string}\"},\"query-input\":\"required name=search_term_string\"}],\"inLanguage\":\"et\"},{\"@type\":\"Organization\",\"@id\":\"https:\/\/hepsor.ee\/lillekylakodud\/#organization\",\"name\":\"Hepsor\",\"url\":\"https:\/\/hepsor.ee\/lillekylakodud\/\",\"logo\":{\"@type\":\"ImageObject\",\"inLanguage\":\"et\",\"@id\":\"https:\/\/hepsor.ee\/lillekylakodud\/#\/schema\/logo\/image\/\",\"url\":\"https:\/\/hepsor.ee\/lillekylakodud\/wp-content\/uploads\/2022\/11\/logo.svg\",\"contentUrl\":\"https:\/\/hepsor.ee\/lillekylakodud\/wp-content\/uploads\/2022\/11\/logo.svg\",\"caption\":\"Hepsor\"},\"image\":{\"@id\":\"https:\/\/hepsor.ee\/lillekylakodud\/#\/schema\/logo\/image\/\"}}]}<\/script>\n<!-- \/ Yoast SEO plugin. -->","yoast_head_json":{"title":"Hoonest - Lillek\u00fcla Kodud","robots":{"index":"index","follow":"follow","max-snippet":"max-snippet:-1","max-image-preview":"max-image-preview:large","max-video-preview":"max-video-preview:-1"},"canonical":"https:\/\/hepsor.ee\/lillekylakodud\/hoonest\/","og_locale":"et_EE","og_type":"article","og_title":"Hoonest - Lillek\u00fcla Kodud","og_url":"https:\/\/hepsor.ee\/lillekylakodud\/hoonest\/","og_site_name":"Lillek\u00fcla Kodud","article_modified_time":"2024-07-16T08:11:32+00:00","og_image":[{"width":1200,"height":630,"url":"https:\/\/hepsor.ee\/lillekylakodud\/wp-content\/uploads\/2022\/12\/Mask-group-2.jpg","type":"image\/jpeg"}],"twitter_card":"summary_large_image","schema":{"@context":"https:\/\/schema.org","@graph":[{"@type":"WebPage","@id":"https:\/\/hepsor.ee\/lillekylakodud\/hoonest\/","url":"https:\/\/hepsor.ee\/lillekylakodud\/hoonest\/","name":"Hoonest - Lillek\u00fcla Kodud","isPartOf":{"@id":"https:\/\/hepsor.ee\/lillekylakodud\/#website"},"datePublished":"2022-11-21T11:04:48+00:00","dateModified":"2024-07-16T08:11:32+00:00","breadcrumb":{"@id":"https:\/\/hepsor.ee\/lillekylakodud\/hoonest\/#breadcrumb"},"inLanguage":"et","potentialAction":[{"@type":"ReadAction","target":["https:\/\/hepsor.ee\/lillekylakodud\/hoonest\/"]}]},{"@type":"BreadcrumbList","@id":"https:\/\/hepsor.ee\/lillekylakodud\/hoonest\/#breadcrumb","itemListElement":[{"@type":"ListItem","position":1,"name":"Home","item":"https:\/\/hepsor.ee\/lillekylakodud\/"},{"@type":"ListItem","position":2,"name":"Hoonest"}]},{"@type":"WebSite","@id":"https:\/\/hepsor.ee\/lillekylakodud\/#website","url":"https:\/\/hepsor.ee\/lillekylakodud\/","name":"Lillek\u00fcla Kodud","description":"Hubane linnakodu rohelises Kristiines","publisher":{"@id":"https:\/\/hepsor.ee\/lillekylakodud\/#organization"},"potentialAction":[{"@type":"SearchAction","target":{"@type":"EntryPoint","urlTemplate":"https:\/\/hepsor.ee\/lillekylakodud\/?s={search_term_string}"},"query-input":"required name=search_term_string"}],"inLanguage":"et"},{"@type":"Organization","@id":"https:\/\/hepsor.ee\/lillekylakodud\/#organization","name":"Hepsor","url":"https:\/\/hepsor.ee\/lillekylakodud\/","logo":{"@type":"ImageObject","inLanguage":"et","@id":"https:\/\/hepsor.ee\/lillekylakodud\/#\/schema\/logo\/image\/","url":"https:\/\/hepsor.ee\/lillekylakodud\/wp-content\/uploads\/2022\/11\/logo.svg","contentUrl":"https:\/\/hepsor.ee\/lillekylakodud\/wp-content\/uploads\/2022\/11\/logo.svg","caption":"Hepsor"},"image":{"@id":"https:\/\/hepsor.ee\/lillekylakodud\/#\/schema\/logo\/image\/"}}]}},"_links":{"self":[{"href":"https:\/\/hepsor.ee\/lillekylakodud\/wp-json\/wp\/v2\/pages\/172"}],"collection":[{"href":"https:\/\/hepsor.ee\/lillekylakodud\/wp-json\/wp\/v2\/pages"}],"about":[{"href":"https:\/\/hepsor.ee\/lillekylakodud\/wp-json\/wp\/v2\/types\/page"}],"author":[{"embeddable":true,"href":"https:\/\/hepsor.ee\/lillekylakodud\/wp-json\/wp\/v2\/users\/1"}],"replies":[{"embeddable":true,"href":"https:\/\/hepsor.ee\/lillekylakodud\/wp-json\/wp\/v2\/comments?post=172"}],"version-history":[{"count":27,"href":"https:\/\/hepsor.ee\/lillekylakodud\/wp-json\/wp\/v2\/pages\/172\/revisions"}],"predecessor-version":[{"id":2720,"href":"https:\/\/hepsor.ee\/lillekylakodud\/wp-json\/wp\/v2\/pages\/172\/revisions\/2720"}],"wp:attachment":[{"href":"https:\/\/hepsor.ee\/lillekylakodud\/wp-json\/wp\/v2\/media?parent=172"}],"curies":[{"name":"wp","href":"https:\/\/api.w.org\/{rel}","templated":true}]}}