{"id":170,"date":"2022-11-21T14:04:39","date_gmt":"2022-11-21T11:04:39","guid":{"rendered":"https:\/\/hepsor.ee\/lillekylakodud\/?page_id=170"},"modified":"2024-07-08T12:43:01","modified_gmt":"2024-07-08T09:43:01","slug":"roheline-motteviis","status":"publish","type":"page","link":"https:\/\/hepsor.ee\/lillekylakodud\/roheline-motteviis\/","title":{"rendered":"Roheline m\u00f5tteviis"},"content":{"rendered":"<section class=\"energy-text-slogan-block mt-0 pt-11 pb-0 mt-lg-7 py-lg-11 text-center text-lg-start overflow-hidden\">\n    <div class=\"container\">\n        <div class=\"row row-cols-1 row-cols-lg-auto align-items-center\">\n\t\t\t<div class=\"slogan flex-grow-1\">\n\t\t\t\t<div class=\"slogan_wrap position-relative bg-beige br-end-90 fs-40 ff-ogg text-center pt-10 pb-5 pb-lg-9 px-5 mx-auto ms-lg-0\">\n                    <img decoding=\"async\" loading=\"lazy\" class=\"slogan_icon\" src=\"https:\/\/hepsor.ee\/lillekylakodud\/wp-content\/uploads\/2023\/02\/energy_icon_black.png\" width=\"290\" height=\"302\" alt=\"\">\n\t\t\t\t\t A-energiaklassi <br>kodud\t\t\t\t<\/div>\n\t\t\t<\/div>\n            <div class=\"text flex-grow-1 pb-9 pb-lg-0\">\n                <div class=\"text_wrap fade-in-up\">\n\t\t\t\t    <p>Meie rohelise m\u00f5tteviisi majasid iseloomustavad hoolikalt valitud materjalid, energias\u00e4\u00e4stlikud lahendused ja loodusl\u00e4hedane ning keskkonnas\u00f5bralik eluviis. Lillek\u00fcla Kodude puhul ei ehita me ainult maja, vaid loome m\u00f5nusa ja nauditava keskkonna, mis harmoneerub Kristiinele iseloomuliku rahuliku ja rohelise eluviisiga.<\/p>\n                <\/div>\n\t\t\t<\/div>\n\t\t<\/div>\n    <\/div>\n<\/section>\n\n<section class=\"text-image-icons-block bg-beige pb-9 pb-lg-11 ms-0 ms-lg-7 me-0 me-lg-7 br-start-200 text-center text-lg-start overflow-hidden\">\n    <div class=\"container\">\n        <div class=\"row row-cols-1 row-cols-lg-2 flex-lg-nowrap\">\n            <div class=\"text pt-9 pt-lg-11 fade-in-up\">\n                                    <h2 class=\"mb-6 mb-lg-5\">Energias\u00e4\u00e4stlikud ja kaasaegsed lahendused<\/h2>\n                \n                                    <p>Lillek\u00fcla Kodudes on energias\u00e4\u00e4stlik soojustagastusega sundventilatsioon, mis annab peamise eelise just v\u00e4henenud k\u00fcttekuludes, aga tagab ka ruumides alati puhta, \u00fchtlase soojusega \u00f5hu ning loob tervisliku sisekliima. Valgus koridorides on juhitud liikumisanduritega, ehk tuled s\u00fcttivad vaid siis, kui seda p\u00e4riselt vaja on.<\/p>\n                            <\/div>\n\n                            <div class=\"image_col\">\n                    <div class=\"image_wrapper position-relative start-0\">\n                        <div class=\"image position-relative bg-center br-start-90 fade\" style=\"background-image: url('https:\/\/hepsor.ee\/lillekylakodud\/wp-content\/uploads\/2024\/07\/Nomme57_cam_09c-2-1-1.png');\"><\/div>\n                    <\/div>\n                <\/div>\n                    <\/div>\n\n                    <div class=\"row points row-cols-1 row-cols-lg-auto justify-content-center mt-0 mt-lg-11 gy-6 gx-5\">\n                                                        <div class=\"point d-flex flex-column flex-lg-row align-items-center align-items-lg-start align-items-lg-center text-uppercase fade-in-up\">\n                        <div class=\"icon_wrapper d-flex align-items-center justify-content-center flex-shrink-0 mb-3 mb-lg-0 me-0 me-lg-5\">\n                            <img decoding=\"async\" loading=\"lazy\" src=\"https:\/\/hepsor.ee\/lillekylakodud\/wp-content\/uploads\/2022\/11\/Frame-7.svg\" width=\"45\" height=\"43\" alt=\"\" \/>\n                        <\/div>\n                        <span>Energiat\u00f5husad k\u00fcttelahendused<\/span>\n                    <\/div>\n                                                        <div class=\"point d-flex flex-column flex-lg-row align-items-center align-items-lg-start align-items-lg-center text-uppercase fade-in-up\">\n                        <div class=\"icon_wrapper d-flex align-items-center justify-content-center flex-shrink-0 mb-3 mb-lg-0 me-0 me-lg-5\">\n                            <img decoding=\"async\" loading=\"lazy\" src=\"https:\/\/hepsor.ee\/lillekylakodud\/wp-content\/uploads\/2022\/11\/Frame-1-2.svg\" width=\"69\" height=\"48\" alt=\"\" \/>\n                        <\/div>\n                        <span>Elektriautode laadimise v\u00f5imalus<\/span>\n                    <\/div>\n                                                        <div class=\"point d-flex flex-column flex-lg-row align-items-center align-items-lg-start align-items-lg-center text-uppercase fade-in-up\">\n                        <div class=\"icon_wrapper d-flex align-items-center justify-content-center flex-shrink-0 mb-3 mb-lg-0 me-0 me-lg-5\">\n                            <img decoding=\"async\" loading=\"lazy\" src=\"https:\/\/hepsor.ee\/lillekylakodud\/wp-content\/uploads\/2022\/11\/Frame-2-2.svg\" width=\"80\" height=\"46\" alt=\"\" \/>\n                        <\/div>\n                        <span>Turvaline jalgrataste ja k\u00e4rude hoiuruum<\/span>\n                    <\/div>\n                            <\/div>\n            <\/div>\n<\/section>\n\n\n<section class=\"image-text-columns-block pb-9 py-lg-11 text-center text-lg-start overflow-hidden\">\n    <div class=\"container\">\n        <div class=\"row row-cols-1 row-cols-lg-2 gy-6 gx-4\">\n                            <div class=\"first_col d-flex flex-column justify-content-end\">\n                    <div id=\"lottie-block_fec8484d01a1bc2457bb46c9035c59a3\" class=\"lottie_animation plant mx-auto ms-lg-10 flex-grow-1\" data-path=\"https:\/\/hepsor.ee\/lillekylakodud\/wp-content\/themes\/lillekula\/lottie\/plant\/data.json\" data-speed=\"1.5\"><\/div>\n\n                                            <h2 class=\"mb-6 mb-lg-8 fade-in-up\">Roheline kodukant kaunis Kristiines<\/h2>\n                    \n                    <div class=\"text_wrapper fade-in-up\">\n                        <p>Kristiine linnaosa pakub rahulikumat piirkonda otsivale linnainimesele just seda, mida vaja \u0336 ohtralt rohelust m\u00f5nusalt vaiksetel k\u00f5rvalt\u00e4navatel, ent \u00fchtlasi ka v\u00e4ga h\u00e4id \u00fchendusi kesklinna ja teiste linnaosadega. Piirkonnas on mitmeid koole ja lasteaedu, sportimisv\u00f5imalusi, ning kaubandust ja meelelahutust.<\/p>\n                    <\/div>\n                <\/div>\n            \n                            <div class=\"second_col d-flex flex-column justify-content-end position-relative\">\n                                            <div class=\"image_wrapper mb-9 br-start-90 overflow-hidden fade\">\n                            <img decoding=\"async\" loading=\"lazy\" src=\"https:\/\/hepsor.ee\/lillekylakodud\/wp-content\/uploads\/2024\/07\/Nomme-57_c2_2-2-1.png\" width=\"990\" height=\"678\" alt=\"\" \/>\n                        <\/div>\n                                        \n                    <div class=\"text_wrapper fade-in-up\">\n                        <p>Lillek\u00fcla Kodude k\u00f5rgete puudega haljastatud territooriumil asuv turvaline m\u00e4nguplats pakub pisematele elanikele l\u00f5busat tegevust koduhoovist lahkumata. Otse \u00fcle tee on uuenduskuuri l\u00e4biv R\u00e4\u00e4gu Park, kuhu lisaks laste m\u00e4nguv\u00e4ljakule on planeeritud ka j\u00f5ulinnak ja puhke-ja mediteerimisala, ehk tervislikku ja sportlikku tegevust jagub kodu l\u00e4hedal ka t\u00e4iskasvanutele.<\/p>\n                    <\/div>\n                <\/div>\n                    <\/div>\n    <\/div>\n<\/section>","protected":false},"excerpt":{"rendered":"","protected":false},"author":1,"featured_media":0,"parent":0,"menu_order":0,"comment_status":"closed","ping_status":"closed","template":"","meta":[],"acf":[],"yoast_head":"<!-- This site is optimized with the Yoast SEO plugin v19.12 - https:\/\/yoast.com\/wordpress\/plugins\/seo\/ -->\n<title>Roheline m\u00f5tteviis - Lillek\u00fcla Kodud<\/title>\n<meta name=\"robots\" content=\"index, follow, max-snippet:-1, max-image-preview:large, max-video-preview:-1\" \/>\n<link rel=\"canonical\" href=\"https:\/\/hepsor.ee\/lillekylakodud\/roheline-motteviis\/\" \/>\n<meta property=\"og:locale\" content=\"et_EE\" \/>\n<meta property=\"og:type\" content=\"article\" \/>\n<meta property=\"og:title\" content=\"Roheline m\u00f5tteviis - Lillek\u00fcla Kodud\" \/>\n<meta property=\"og:url\" content=\"https:\/\/hepsor.ee\/lillekylakodud\/roheline-motteviis\/\" \/>\n<meta property=\"og:site_name\" content=\"Lillek\u00fcla Kodud\" \/>\n<meta property=\"article:modified_time\" content=\"2024-07-08T09:43:01+00:00\" \/>\n<meta property=\"og:image\" content=\"https:\/\/hepsor.ee\/lillekylakodud\/wp-content\/uploads\/2022\/12\/Mask-group-2.jpg\" \/>\n\t<meta property=\"og:image:width\" content=\"1200\" \/>\n\t<meta property=\"og:image:height\" content=\"630\" \/>\n\t<meta property=\"og:image:type\" content=\"image\/jpeg\" \/>\n<meta name=\"twitter:card\" content=\"summary_large_image\" \/>\n<script type=\"application\/ld+json\" class=\"yoast-schema-graph\">{\"@context\":\"https:\/\/schema.org\",\"@graph\":[{\"@type\":\"WebPage\",\"@id\":\"https:\/\/hepsor.ee\/lillekylakodud\/roheline-motteviis\/\",\"url\":\"https:\/\/hepsor.ee\/lillekylakodud\/roheline-motteviis\/\",\"name\":\"Roheline m\u00f5tteviis - Lillek\u00fcla Kodud\",\"isPartOf\":{\"@id\":\"https:\/\/hepsor.ee\/lillekylakodud\/#website\"},\"datePublished\":\"2022-11-21T11:04:39+00:00\",\"dateModified\":\"2024-07-08T09:43:01+00:00\",\"breadcrumb\":{\"@id\":\"https:\/\/hepsor.ee\/lillekylakodud\/roheline-motteviis\/#breadcrumb\"},\"inLanguage\":\"et\",\"potentialAction\":[{\"@type\":\"ReadAction\",\"target\":[\"https:\/\/hepsor.ee\/lillekylakodud\/roheline-motteviis\/\"]}]},{\"@type\":\"BreadcrumbList\",\"@id\":\"https:\/\/hepsor.ee\/lillekylakodud\/roheline-motteviis\/#breadcrumb\",\"itemListElement\":[{\"@type\":\"ListItem\",\"position\":1,\"name\":\"Home\",\"item\":\"https:\/\/hepsor.ee\/lillekylakodud\/\"},{\"@type\":\"ListItem\",\"position\":2,\"name\":\"Roheline m\u00f5tteviis\"}]},{\"@type\":\"WebSite\",\"@id\":\"https:\/\/hepsor.ee\/lillekylakodud\/#website\",\"url\":\"https:\/\/hepsor.ee\/lillekylakodud\/\",\"name\":\"Lillek\u00fcla Kodud\",\"description\":\"Hubane linnakodu rohelises Kristiines\",\"publisher\":{\"@id\":\"https:\/\/hepsor.ee\/lillekylakodud\/#organization\"},\"potentialAction\":[{\"@type\":\"SearchAction\",\"target\":{\"@type\":\"EntryPoint\",\"urlTemplate\":\"https:\/\/hepsor.ee\/lillekylakodud\/?s={search_term_string}\"},\"query-input\":\"required name=search_term_string\"}],\"inLanguage\":\"et\"},{\"@type\":\"Organization\",\"@id\":\"https:\/\/hepsor.ee\/lillekylakodud\/#organization\",\"name\":\"Hepsor\",\"url\":\"https:\/\/hepsor.ee\/lillekylakodud\/\",\"logo\":{\"@type\":\"ImageObject\",\"inLanguage\":\"et\",\"@id\":\"https:\/\/hepsor.ee\/lillekylakodud\/#\/schema\/logo\/image\/\",\"url\":\"https:\/\/hepsor.ee\/lillekylakodud\/wp-content\/uploads\/2022\/11\/logo.svg\",\"contentUrl\":\"https:\/\/hepsor.ee\/lillekylakodud\/wp-content\/uploads\/2022\/11\/logo.svg\",\"caption\":\"Hepsor\"},\"image\":{\"@id\":\"https:\/\/hepsor.ee\/lillekylakodud\/#\/schema\/logo\/image\/\"}}]}<\/script>\n<!-- \/ Yoast SEO plugin. -->","yoast_head_json":{"title":"Roheline m\u00f5tteviis - Lillek\u00fcla Kodud","robots":{"index":"index","follow":"follow","max-snippet":"max-snippet:-1","max-image-preview":"max-image-preview:large","max-video-preview":"max-video-preview:-1"},"canonical":"https:\/\/hepsor.ee\/lillekylakodud\/roheline-motteviis\/","og_locale":"et_EE","og_type":"article","og_title":"Roheline m\u00f5tteviis - Lillek\u00fcla Kodud","og_url":"https:\/\/hepsor.ee\/lillekylakodud\/roheline-motteviis\/","og_site_name":"Lillek\u00fcla Kodud","article_modified_time":"2024-07-08T09:43:01+00:00","og_image":[{"width":1200,"height":630,"url":"https:\/\/hepsor.ee\/lillekylakodud\/wp-content\/uploads\/2022\/12\/Mask-group-2.jpg","type":"image\/jpeg"}],"twitter_card":"summary_large_image","schema":{"@context":"https:\/\/schema.org","@graph":[{"@type":"WebPage","@id":"https:\/\/hepsor.ee\/lillekylakodud\/roheline-motteviis\/","url":"https:\/\/hepsor.ee\/lillekylakodud\/roheline-motteviis\/","name":"Roheline m\u00f5tteviis - Lillek\u00fcla Kodud","isPartOf":{"@id":"https:\/\/hepsor.ee\/lillekylakodud\/#website"},"datePublished":"2022-11-21T11:04:39+00:00","dateModified":"2024-07-08T09:43:01+00:00","breadcrumb":{"@id":"https:\/\/hepsor.ee\/lillekylakodud\/roheline-motteviis\/#breadcrumb"},"inLanguage":"et","potentialAction":[{"@type":"ReadAction","target":["https:\/\/hepsor.ee\/lillekylakodud\/roheline-motteviis\/"]}]},{"@type":"BreadcrumbList","@id":"https:\/\/hepsor.ee\/lillekylakodud\/roheline-motteviis\/#breadcrumb","itemListElement":[{"@type":"ListItem","position":1,"name":"Home","item":"https:\/\/hepsor.ee\/lillekylakodud\/"},{"@type":"ListItem","position":2,"name":"Roheline m\u00f5tteviis"}]},{"@type":"WebSite","@id":"https:\/\/hepsor.ee\/lillekylakodud\/#website","url":"https:\/\/hepsor.ee\/lillekylakodud\/","name":"Lillek\u00fcla Kodud","description":"Hubane linnakodu rohelises Kristiines","publisher":{"@id":"https:\/\/hepsor.ee\/lillekylakodud\/#organization"},"potentialAction":[{"@type":"SearchAction","target":{"@type":"EntryPoint","urlTemplate":"https:\/\/hepsor.ee\/lillekylakodud\/?s={search_term_string}"},"query-input":"required name=search_term_string"}],"inLanguage":"et"},{"@type":"Organization","@id":"https:\/\/hepsor.ee\/lillekylakodud\/#organization","name":"Hepsor","url":"https:\/\/hepsor.ee\/lillekylakodud\/","logo":{"@type":"ImageObject","inLanguage":"et","@id":"https:\/\/hepsor.ee\/lillekylakodud\/#\/schema\/logo\/image\/","url":"https:\/\/hepsor.ee\/lillekylakodud\/wp-content\/uploads\/2022\/11\/logo.svg","contentUrl":"https:\/\/hepsor.ee\/lillekylakodud\/wp-content\/uploads\/2022\/11\/logo.svg","caption":"Hepsor"},"image":{"@id":"https:\/\/hepsor.ee\/lillekylakodud\/#\/schema\/logo\/image\/"}}]}},"_links":{"self":[{"href":"https:\/\/hepsor.ee\/lillekylakodud\/wp-json\/wp\/v2\/pages\/170"}],"collection":[{"href":"https:\/\/hepsor.ee\/lillekylakodud\/wp-json\/wp\/v2\/pages"}],"about":[{"href":"https:\/\/hepsor.ee\/lillekylakodud\/wp-json\/wp\/v2\/types\/page"}],"author":[{"embeddable":true,"href":"https:\/\/hepsor.ee\/lillekylakodud\/wp-json\/wp\/v2\/users\/1"}],"replies":[{"embeddable":true,"href":"https:\/\/hepsor.ee\/lillekylakodud\/wp-json\/wp\/v2\/comments?post=170"}],"version-history":[{"count":34,"href":"https:\/\/hepsor.ee\/lillekylakodud\/wp-json\/wp\/v2\/pages\/170\/revisions"}],"predecessor-version":[{"id":2657,"href":"https:\/\/hepsor.ee\/lillekylakodud\/wp-json\/wp\/v2\/pages\/170\/revisions\/2657"}],"wp:attachment":[{"href":"https:\/\/hepsor.ee\/lillekylakodud\/wp-json\/wp\/v2\/media?parent=170"}],"curies":[{"name":"wp","href":"https:\/\/api.w.org\/{rel}","templated":true}]}}