{"id":168,"date":"2022-11-21T14:04:30","date_gmt":"2022-11-21T11:04:30","guid":{"rendered":"https:\/\/hepsor.ee\/lillekylakodud\/?page_id=168"},"modified":"2023-04-11T14:15:17","modified_gmt":"2023-04-11T11:15:17","slug":"siseviimistlus","status":"publish","type":"page","link":"https:\/\/hepsor.ee\/lillekylakodud\/siseviimistlus\/","title":{"rendered":"Siseviimistlus"},"content":{"rendered":"<section class=\"finishes-block text-center text-lg-start\">\n    <div class=\"container-fluid px-0\">\n        <div class=\"finishes\">\n            <div class=\"finising_backgrounds position-relative\">\n                                                                                                <div class=\"bg_image bg-center position-absolute top-0 start-0 w100 h100 active first_active\" style=\"background-image:url(https:\/\/hepsor.ee\/lillekylakodud\/wp-content\/uploads\/2022\/12\/N57_Elutuba_Kvarts-1.jpg);\" data-finish=\"kvarts\" data-type=\"living_room\"><\/div>\n                                                                                        <div class=\"bg_image bg-center position-absolute top-0 start-0 w100 h100\" style=\"background-image:url(https:\/\/hepsor.ee\/lillekylakodud\/wp-content\/uploads\/2022\/12\/N57_Vannituba_Kvarts_14.12.22.jpg);\" data-finish=\"kvarts\" data-type=\"bathroom\"><\/div>\n                                                                                                    <div class=\"bg_image bg-center position-absolute top-0 start-0 w100 h100\" style=\"background-image:url(https:\/\/hepsor.ee\/lillekylakodud\/wp-content\/uploads\/2022\/12\/N57_Elutuba_Boho-1.jpg);\" data-finish=\"boho\" data-type=\"living_room\"><\/div>\n                                                                                        <div class=\"bg_image bg-center position-absolute top-0 start-0 w100 h100\" style=\"background-image:url(https:\/\/hepsor.ee\/lillekylakodud\/wp-content\/uploads\/2022\/12\/N57_Vannituba_Boho_14.12.22.jpg);\" data-finish=\"boho\" data-type=\"bathroom\"><\/div>\n                                                                                                    <div class=\"bg_image bg-center position-absolute top-0 start-0 w100 h100\" style=\"background-image:url(https:\/\/hepsor.ee\/lillekylakodud\/wp-content\/uploads\/2022\/12\/N57_Elutuba_Basalt-1.jpg);\" data-finish=\"basalt\" data-type=\"living_room\"><\/div>\n                                                                                        <div class=\"bg_image bg-center position-absolute top-0 start-0 w100 h100\" style=\"background-image:url(https:\/\/hepsor.ee\/lillekylakodud\/wp-content\/uploads\/2022\/12\/N57_Vannituba_Basalt_14.12.22.jpg);\" data-finish=\"basalt\" data-type=\"bathroom\"><\/div>\n                                                                                                    <div class=\"bg_image bg-center position-absolute top-0 start-0 w100 h100\" style=\"background-image:url(https:\/\/hepsor.ee\/lillekylakodud\/wp-content\/uploads\/2022\/12\/N57_Elutuba_Terrazzo-1.jpg);\" data-finish=\"terrazzo\" data-type=\"living_room\"><\/div>\n                                                                                        <div class=\"bg_image bg-center position-absolute top-0 start-0 w100 h100\" style=\"background-image:url(https:\/\/hepsor.ee\/lillekylakodud\/wp-content\/uploads\/2022\/12\/N57_Vannituba_Terrazzo_14.12.22.jpg);\" data-finish=\"terrazzo\" data-type=\"bathroom\"><\/div>\n                                                    \n                <div class=\"finishing_filters d-flex flex-nowrap align-items-center justify-content-center position-absolute text-center\">\n                                                                    <div class=\"finishing_filter btn transparent active\" data-finish=\"kvarts\">\n                            KVARTS                        <\/div>\n                                                                    <div class=\"finishing_filter btn transparent\" data-finish=\"boho\">\n                            BOHO                        <\/div>\n                                                                    <div class=\"finishing_filter btn transparent\" data-finish=\"basalt\">\n                            BASALT                        <\/div>\n                                                                    <div class=\"finishing_filter btn transparent\" data-finish=\"terrazzo\">\n                            TERRAZZO                        <\/div>\n                     \n                <\/div>\n\n\t\t\t\t<div class=\"toggle_wrap d-flex flex-nowrap position-absolute text-center left\">\n\t\t\t\t\t<button class=\"toggle text-uppercase color-white position-relative active\" data-type=\"living_room\">Elutuba<\/button>\n\t\t\t\t\t<button class=\"toggle text-uppercase color-white position-relative\" data-type=\"bathroom\">Vannituba<\/button>\n\t\t\t\t<\/div>\n\t\t\t<\/div>\n\n            <div id=\"finishes\">\n                <div class=\"container\">\n                                                                    \t\t\t\t\t\t\t<div class=\"finish_item active\" style=\"display:block;\" data-finish=\"kvarts\">\n\t\t\t\t\t\t\t\t<div class=\"row row-cols-1 row-cols-lg-2 pt-10 pb-9 py-11\">\n\t\t\t\t\t\t\t\t\t<div class=\"d-flex flex-column align-items-center align-items-lg-start fade-in-up\">\n\t\t\t\t\t\t\t\t\t\t<h2 class=\"position-relative d-inline-block mb-8 mb-lg-5\">\n\t\t\t\t\t\t\t\t\t\t\tKVARTS\t\t\t\t\t\t\t\t\t\t<\/h2>\n\n                                                                                    <div class=\"finish_image d-block d-lg-none position-relative mb-6\">\n                                                <div class=\"finish_img d-flex align-items-center justify-content-end position-relative fade-in-up\">\n                                                    <img decoding=\"async\" loading=\"lazy\" src=\"https:\/\/hepsor.ee\/lillekylakodud\/wp-content\/uploads\/2022\/11\/Kvarts-2x-2.png\" width=\"816\" height=\"490\" alt=\"\" \/>\n                                                <\/div>\n                                            <\/div>\n                                        \n\t\t\t\t\t\t\t\t\t\t<p>Helgetes toonides ja p\u00f5hjamaiselt karge tunnetusega viimistluspaketile saab soovi korral anda paraja annuse v\u00e4rvikust erinevate sisustusdetailidega. Hele parkett ning satiinmatid valged uksed loovad avarust ning \u00f5hulisust.<\/p>\n\t\t\t\t\t\t\t\t\t<\/div>\n\n\t\t\t\t\t\t\t\t\t\t\t\t\t\t\t\t\t\t\t<div class=\"finish_image d-none d-lg-block position-relative\">\n                                            <div class=\"finish_img d-flex justify-content-end position-relative fade-in-up\">\n                                                <img decoding=\"async\" loading=\"lazy\" src=\"https:\/\/hepsor.ee\/lillekylakodud\/wp-content\/uploads\/2022\/11\/Kvarts-2x-2.png\" width=\"816\" height=\"490\" alt=\"\" \/>\n                                            <\/div>\n\t\t\t\t\t\t\t\t\t\t<\/div>\n\t\t\t\t\t\t\t\t\t\n\t\t\t\t\t\t\t\t\t\t\t\t\t\t\t\t\t\t\t<div class=\"d-flex justify-content-center w100 mt-6 mt-lg-7\">\n\t\t\t\t\t\t\t\t\t\t\t<a href=\"https:\/\/hepsor.ee\/lillekylakodud\/wp-content\/uploads\/2023\/04\/Lillekyla_PAKETT_KVARTS-1.pdf\" target=\"_blank\" class=\"btn btn__standard\">Vaata l\u00e4hemalt<\/a>\n\t\t\t\t\t\t\t\t\t\t<\/div>\n\t\t\t\t\t\t\t\t\t\t\t\t\t\t\t\t\t<\/div>\n\t\t\t\t\t\t\t<\/div>\n                                                                                            \t\t\t\t\t\t\t<div class=\"finish_item\" style=\"display:none;\" data-finish=\"boho\">\n\t\t\t\t\t\t\t\t<div class=\"row row-cols-1 row-cols-lg-2 pt-10 pb-9 py-11\">\n\t\t\t\t\t\t\t\t\t<div class=\"d-flex flex-column align-items-center align-items-lg-start fade-in-up\">\n\t\t\t\t\t\t\t\t\t\t<h2 class=\"position-relative d-inline-block mb-8 mb-lg-5\">\n\t\t\t\t\t\t\t\t\t\t\tBOHO\t\t\t\t\t\t\t\t\t\t<\/h2>\n\n                                                                                    <div class=\"finish_image d-block d-lg-none position-relative mb-6\">\n                                                <div class=\"finish_img d-flex align-items-center justify-content-end position-relative fade-in-up\">\n                                                    <img decoding=\"async\" loading=\"lazy\" src=\"https:\/\/hepsor.ee\/lillekylakodud\/wp-content\/uploads\/2022\/11\/Boho2x.png\" width=\"817\" height=\"490\" alt=\"\" \/>\n                                                <\/div>\n                                            <\/div>\n                                        \n\t\t\t\t\t\t\t\t\t\t<p>Selles viimistluspaketis loovad meeleolu maal\u00e4hedane naturaalne tammeparkett ning hoolikalt valitud soojad toonid. Mugavust ning hubasust kandvatele bee\u017eidele annab suvise l\u00f5punoodi liivakarva vannitoaplaat.<\/p>\n\t\t\t\t\t\t\t\t\t<\/div>\n\n\t\t\t\t\t\t\t\t\t\t\t\t\t\t\t\t\t\t\t<div class=\"finish_image d-none d-lg-block position-relative\">\n                                            <div class=\"finish_img d-flex justify-content-end position-relative fade-in-up\">\n                                                <img decoding=\"async\" loading=\"lazy\" src=\"https:\/\/hepsor.ee\/lillekylakodud\/wp-content\/uploads\/2022\/11\/Boho2x.png\" width=\"817\" height=\"490\" alt=\"\" \/>\n                                            <\/div>\n\t\t\t\t\t\t\t\t\t\t<\/div>\n\t\t\t\t\t\t\t\t\t\n\t\t\t\t\t\t\t\t\t\t\t\t\t\t\t\t\t\t\t<div class=\"d-flex justify-content-center w100 mt-6 mt-lg-7\">\n\t\t\t\t\t\t\t\t\t\t\t<a href=\"https:\/\/hepsor.ee\/lillekylakodud\/wp-content\/uploads\/2023\/04\/Lillekyla_PAKETT_BOHO.pdf\" target=\"_blank\" class=\"btn btn__standard\">Vaata l\u00e4hemalt<\/a>\n\t\t\t\t\t\t\t\t\t\t<\/div>\n\t\t\t\t\t\t\t\t\t\t\t\t\t\t\t\t\t<\/div>\n\t\t\t\t\t\t\t<\/div>\n                                                                                            \t\t\t\t\t\t\t<div class=\"finish_item\" style=\"display:none;\" data-finish=\"basalt\">\n\t\t\t\t\t\t\t\t<div class=\"row row-cols-1 row-cols-lg-2 pt-10 pb-9 py-11\">\n\t\t\t\t\t\t\t\t\t<div class=\"d-flex flex-column align-items-center align-items-lg-start fade-in-up\">\n\t\t\t\t\t\t\t\t\t\t<h2 class=\"position-relative d-inline-block mb-8 mb-lg-5\">\n\t\t\t\t\t\t\t\t\t\t\tBASALT\t\t\t\t\t\t\t\t\t\t<\/h2>\n\n                                                                                    <div class=\"finish_image d-block d-lg-none position-relative mb-6\">\n                                                <div class=\"finish_img d-flex align-items-center justify-content-end position-relative fade-in-up\">\n                                                    <img decoding=\"async\" loading=\"lazy\" src=\"https:\/\/hepsor.ee\/lillekylakodud\/wp-content\/uploads\/2022\/12\/Basalt2x-1.jpg\" width=\"817\" height=\"490\" alt=\"\" \/>\n                                                <\/div>\n                                            <\/div>\n                                        \n\t\t\t\t\t\t\t\t\t\t<p>Sundimatu elegants ja rafineeritud stiil. Soliidse tumeda parketi ning hallide toonide koosk\u00f5last kumab tagasihoidlikku suursugusust, mida t\u00e4iendavad matid mustad detailid. Teadlikku tasakaalu v\u00e4ljendavad ka tume marmorviimistlusega p\u00f5randaplaat ning graniitviimistlusega seinaplaat vannitoas.<\/p>\n\t\t\t\t\t\t\t\t\t<\/div>\n\n\t\t\t\t\t\t\t\t\t\t\t\t\t\t\t\t\t\t\t<div class=\"finish_image d-none d-lg-block position-relative\">\n                                            <div class=\"finish_img d-flex justify-content-end position-relative fade-in-up\">\n                                                <img decoding=\"async\" loading=\"lazy\" src=\"https:\/\/hepsor.ee\/lillekylakodud\/wp-content\/uploads\/2022\/12\/Basalt2x-1.jpg\" width=\"817\" height=\"490\" alt=\"\" \/>\n                                            <\/div>\n\t\t\t\t\t\t\t\t\t\t<\/div>\n\t\t\t\t\t\t\t\t\t\n\t\t\t\t\t\t\t\t\t\t\t\t\t\t\t\t\t\t\t<div class=\"d-flex justify-content-center w100 mt-6 mt-lg-7\">\n\t\t\t\t\t\t\t\t\t\t\t<a href=\"https:\/\/hepsor.ee\/lillekylakodud\/wp-content\/uploads\/2023\/04\/Lillekyla_PAKETT_BASALT.pdf\" target=\"_blank\" class=\"btn btn__standard\">Vaata l\u00e4hemalt<\/a>\n\t\t\t\t\t\t\t\t\t\t<\/div>\n\t\t\t\t\t\t\t\t\t\t\t\t\t\t\t\t\t<\/div>\n\t\t\t\t\t\t\t<\/div>\n                                                                                            \t\t\t\t\t\t\t<div class=\"finish_item\" style=\"display:none;\" data-finish=\"terrazzo\">\n\t\t\t\t\t\t\t\t<div class=\"row row-cols-1 row-cols-lg-2 pt-10 pb-9 py-11\">\n\t\t\t\t\t\t\t\t\t<div class=\"d-flex flex-column align-items-center align-items-lg-start fade-in-up\">\n\t\t\t\t\t\t\t\t\t\t<h2 class=\"position-relative d-inline-block mb-8 mb-lg-5\">\n\t\t\t\t\t\t\t\t\t\t\tTERRAZZO\t\t\t\t\t\t\t\t\t\t<\/h2>\n\n                                                                                    <div class=\"finish_image d-block d-lg-none position-relative mb-6\">\n                                                <div class=\"finish_img d-flex align-items-center justify-content-end position-relative fade-in-up\">\n                                                    <img decoding=\"async\" loading=\"lazy\" src=\"https:\/\/hepsor.ee\/lillekylakodud\/wp-content\/uploads\/2022\/12\/Terrazzo2x-1.jpg\" width=\"817\" height=\"490\" alt=\"\" \/>\n                                                <\/div>\n                                            <\/div>\n                                        \n\t\t\t\t\t\t\t\t\t\t<p>Julged v\u00e4rvid ja stiilne kalasabaparkett annavad edasi m\u00e4ngulist iseloomu, mis v\u00e4ljenduvad ka erksates p\u00f5randa- ja seinaplaatides. Paketile annavad tasakaalustava n\u00fcansi helehallid satiinmatid siseuksed ning mustad ja roostevabast terasest detailid.<\/p>\n<p>Pakett on lisatasu eest.<\/p>\n\t\t\t\t\t\t\t\t\t<\/div>\n\n\t\t\t\t\t\t\t\t\t\t\t\t\t\t\t\t\t\t\t<div class=\"finish_image d-none d-lg-block position-relative\">\n                                            <div class=\"finish_img d-flex justify-content-end position-relative fade-in-up\">\n                                                <img decoding=\"async\" loading=\"lazy\" src=\"https:\/\/hepsor.ee\/lillekylakodud\/wp-content\/uploads\/2022\/12\/Terrazzo2x-1.jpg\" width=\"817\" height=\"490\" alt=\"\" \/>\n                                            <\/div>\n\t\t\t\t\t\t\t\t\t\t<\/div>\n\t\t\t\t\t\t\t\t\t\n\t\t\t\t\t\t\t\t\t\t\t\t\t\t\t\t\t\t\t<div class=\"d-flex justify-content-center w100 mt-6 mt-lg-7\">\n\t\t\t\t\t\t\t\t\t\t\t<a href=\"https:\/\/hepsor.ee\/lillekylakodud\/wp-content\/uploads\/2023\/04\/Lillekyla_PAKETT_TERRAZZO-1.pdf\" target=\"_blank\" class=\"btn btn__standard\">Vaata l\u00e4hemalt<\/a>\n\t\t\t\t\t\t\t\t\t\t<\/div>\n\t\t\t\t\t\t\t\t\t\t\t\t\t\t\t\t\t<\/div>\n\t\t\t\t\t\t\t<\/div>\n                                                            <\/div>\n            <\/div>\n        <\/div>\n    <\/div>\n<\/section>","protected":false},"excerpt":{"rendered":"","protected":false},"author":1,"featured_media":0,"parent":0,"menu_order":0,"comment_status":"closed","ping_status":"closed","template":"","meta":[],"acf":[],"yoast_head":"<!-- This site is optimized with the Yoast SEO plugin v19.12 - https:\/\/yoast.com\/wordpress\/plugins\/seo\/ -->\n<title>Siseviimistlus - Lillek\u00fcla Kodud<\/title>\n<meta name=\"robots\" content=\"index, follow, max-snippet:-1, max-image-preview:large, max-video-preview:-1\" \/>\n<link rel=\"canonical\" href=\"https:\/\/hepsor.ee\/lillekylakodud\/siseviimistlus\/\" \/>\n<meta property=\"og:locale\" content=\"et_EE\" \/>\n<meta property=\"og:type\" content=\"article\" \/>\n<meta property=\"og:title\" content=\"Siseviimistlus - Lillek\u00fcla Kodud\" \/>\n<meta property=\"og:url\" content=\"https:\/\/hepsor.ee\/lillekylakodud\/siseviimistlus\/\" \/>\n<meta property=\"og:site_name\" content=\"Lillek\u00fcla Kodud\" \/>\n<meta property=\"article:modified_time\" content=\"2023-04-11T11:15:17+00:00\" \/>\n<meta property=\"og:image\" content=\"https:\/\/hepsor.ee\/lillekylakodud\/wp-content\/uploads\/2022\/12\/Mask-group-2.jpg\" \/>\n\t<meta property=\"og:image:width\" content=\"1200\" \/>\n\t<meta property=\"og:image:height\" content=\"630\" \/>\n\t<meta property=\"og:image:type\" content=\"image\/jpeg\" \/>\n<meta name=\"twitter:card\" content=\"summary_large_image\" \/>\n<script type=\"application\/ld+json\" class=\"yoast-schema-graph\">{\"@context\":\"https:\/\/schema.org\",\"@graph\":[{\"@type\":\"WebPage\",\"@id\":\"https:\/\/hepsor.ee\/lillekylakodud\/siseviimistlus\/\",\"url\":\"https:\/\/hepsor.ee\/lillekylakodud\/siseviimistlus\/\",\"name\":\"Siseviimistlus - Lillek\u00fcla Kodud\",\"isPartOf\":{\"@id\":\"https:\/\/hepsor.ee\/lillekylakodud\/#website\"},\"datePublished\":\"2022-11-21T11:04:30+00:00\",\"dateModified\":\"2023-04-11T11:15:17+00:00\",\"breadcrumb\":{\"@id\":\"https:\/\/hepsor.ee\/lillekylakodud\/siseviimistlus\/#breadcrumb\"},\"inLanguage\":\"et\",\"potentialAction\":[{\"@type\":\"ReadAction\",\"target\":[\"https:\/\/hepsor.ee\/lillekylakodud\/siseviimistlus\/\"]}]},{\"@type\":\"BreadcrumbList\",\"@id\":\"https:\/\/hepsor.ee\/lillekylakodud\/siseviimistlus\/#breadcrumb\",\"itemListElement\":[{\"@type\":\"ListItem\",\"position\":1,\"name\":\"Home\",\"item\":\"https:\/\/hepsor.ee\/lillekylakodud\/\"},{\"@type\":\"ListItem\",\"position\":2,\"name\":\"Siseviimistlus\"}]},{\"@type\":\"WebSite\",\"@id\":\"https:\/\/hepsor.ee\/lillekylakodud\/#website\",\"url\":\"https:\/\/hepsor.ee\/lillekylakodud\/\",\"name\":\"Lillek\u00fcla Kodud\",\"description\":\"Hubane linnakodu rohelises Kristiines\",\"publisher\":{\"@id\":\"https:\/\/hepsor.ee\/lillekylakodud\/#organization\"},\"potentialAction\":[{\"@type\":\"SearchAction\",\"target\":{\"@type\":\"EntryPoint\",\"urlTemplate\":\"https:\/\/hepsor.ee\/lillekylakodud\/?s={search_term_string}\"},\"query-input\":\"required name=search_term_string\"}],\"inLanguage\":\"et\"},{\"@type\":\"Organization\",\"@id\":\"https:\/\/hepsor.ee\/lillekylakodud\/#organization\",\"name\":\"Hepsor\",\"url\":\"https:\/\/hepsor.ee\/lillekylakodud\/\",\"logo\":{\"@type\":\"ImageObject\",\"inLanguage\":\"et\",\"@id\":\"https:\/\/hepsor.ee\/lillekylakodud\/#\/schema\/logo\/image\/\",\"url\":\"https:\/\/hepsor.ee\/lillekylakodud\/wp-content\/uploads\/2022\/11\/logo.svg\",\"contentUrl\":\"https:\/\/hepsor.ee\/lillekylakodud\/wp-content\/uploads\/2022\/11\/logo.svg\",\"caption\":\"Hepsor\"},\"image\":{\"@id\":\"https:\/\/hepsor.ee\/lillekylakodud\/#\/schema\/logo\/image\/\"}}]}<\/script>\n<!-- \/ Yoast SEO plugin. -->","yoast_head_json":{"title":"Siseviimistlus - Lillek\u00fcla Kodud","robots":{"index":"index","follow":"follow","max-snippet":"max-snippet:-1","max-image-preview":"max-image-preview:large","max-video-preview":"max-video-preview:-1"},"canonical":"https:\/\/hepsor.ee\/lillekylakodud\/siseviimistlus\/","og_locale":"et_EE","og_type":"article","og_title":"Siseviimistlus - Lillek\u00fcla Kodud","og_url":"https:\/\/hepsor.ee\/lillekylakodud\/siseviimistlus\/","og_site_name":"Lillek\u00fcla Kodud","article_modified_time":"2023-04-11T11:15:17+00:00","og_image":[{"width":1200,"height":630,"url":"https:\/\/hepsor.ee\/lillekylakodud\/wp-content\/uploads\/2022\/12\/Mask-group-2.jpg","type":"image\/jpeg"}],"twitter_card":"summary_large_image","schema":{"@context":"https:\/\/schema.org","@graph":[{"@type":"WebPage","@id":"https:\/\/hepsor.ee\/lillekylakodud\/siseviimistlus\/","url":"https:\/\/hepsor.ee\/lillekylakodud\/siseviimistlus\/","name":"Siseviimistlus - Lillek\u00fcla Kodud","isPartOf":{"@id":"https:\/\/hepsor.ee\/lillekylakodud\/#website"},"datePublished":"2022-11-21T11:04:30+00:00","dateModified":"2023-04-11T11:15:17+00:00","breadcrumb":{"@id":"https:\/\/hepsor.ee\/lillekylakodud\/siseviimistlus\/#breadcrumb"},"inLanguage":"et","potentialAction":[{"@type":"ReadAction","target":["https:\/\/hepsor.ee\/lillekylakodud\/siseviimistlus\/"]}]},{"@type":"BreadcrumbList","@id":"https:\/\/hepsor.ee\/lillekylakodud\/siseviimistlus\/#breadcrumb","itemListElement":[{"@type":"ListItem","position":1,"name":"Home","item":"https:\/\/hepsor.ee\/lillekylakodud\/"},{"@type":"ListItem","position":2,"name":"Siseviimistlus"}]},{"@type":"WebSite","@id":"https:\/\/hepsor.ee\/lillekylakodud\/#website","url":"https:\/\/hepsor.ee\/lillekylakodud\/","name":"Lillek\u00fcla Kodud","description":"Hubane linnakodu rohelises Kristiines","publisher":{"@id":"https:\/\/hepsor.ee\/lillekylakodud\/#organization"},"potentialAction":[{"@type":"SearchAction","target":{"@type":"EntryPoint","urlTemplate":"https:\/\/hepsor.ee\/lillekylakodud\/?s={search_term_string}"},"query-input":"required name=search_term_string"}],"inLanguage":"et"},{"@type":"Organization","@id":"https:\/\/hepsor.ee\/lillekylakodud\/#organization","name":"Hepsor","url":"https:\/\/hepsor.ee\/lillekylakodud\/","logo":{"@type":"ImageObject","inLanguage":"et","@id":"https:\/\/hepsor.ee\/lillekylakodud\/#\/schema\/logo\/image\/","url":"https:\/\/hepsor.ee\/lillekylakodud\/wp-content\/uploads\/2022\/11\/logo.svg","contentUrl":"https:\/\/hepsor.ee\/lillekylakodud\/wp-content\/uploads\/2022\/11\/logo.svg","caption":"Hepsor"},"image":{"@id":"https:\/\/hepsor.ee\/lillekylakodud\/#\/schema\/logo\/image\/"}}]}},"_links":{"self":[{"href":"https:\/\/hepsor.ee\/lillekylakodud\/wp-json\/wp\/v2\/pages\/168"}],"collection":[{"href":"https:\/\/hepsor.ee\/lillekylakodud\/wp-json\/wp\/v2\/pages"}],"about":[{"href":"https:\/\/hepsor.ee\/lillekylakodud\/wp-json\/wp\/v2\/types\/page"}],"author":[{"embeddable":true,"href":"https:\/\/hepsor.ee\/lillekylakodud\/wp-json\/wp\/v2\/users\/1"}],"replies":[{"embeddable":true,"href":"https:\/\/hepsor.ee\/lillekylakodud\/wp-json\/wp\/v2\/comments?post=168"}],"version-history":[{"count":35,"href":"https:\/\/hepsor.ee\/lillekylakodud\/wp-json\/wp\/v2\/pages\/168\/revisions"}],"predecessor-version":[{"id":1647,"href":"https:\/\/hepsor.ee\/lillekylakodud\/wp-json\/wp\/v2\/pages\/168\/revisions\/1647"}],"wp:attachment":[{"href":"https:\/\/hepsor.ee\/lillekylakodud\/wp-json\/wp\/v2\/media?parent=168"}],"curies":[{"name":"wp","href":"https:\/\/api.w.org\/{rel}","templated":true}]}}