{"id":162,"date":"2022-11-21T14:04:01","date_gmt":"2022-11-21T11:04:01","guid":{"rendered":"https:\/\/hepsor.ee\/lillekylakodud\/?page_id=162"},"modified":"2024-07-16T11:26:00","modified_gmt":"2024-07-16T08:26:00","slug":"asukoht","status":"publish","type":"page","link":"https:\/\/hepsor.ee\/lillekylakodud\/asukoht\/","title":{"rendered":"Asukoht"},"content":{"rendered":"<section class=\"location-text-image-block mt-0 mt-lg-9 pt-11 pb-4 py-lg-11 text-center text-lg-start overflow-hidden\">\n    <div class=\"container\">\n\t\t\t\t\t<div class=\"first_row row row-cols-1 row-cols-lg-2 flex-lg-nowrap align-items-center gy-4 mb-9 mb-lg-6\">\n\t\t\t\t<div class=\"text fade-in-up\">\n\t\t\t\t\t\t\t\t\t\t\t<div class=\"title_wrap d-inline-block position-relative pe-0 pe-lg-10\">\n\t\t\t\t\t\t\t<h2>Sinu kodukant<\/h2>\n\t\t\t\t\t\t\t<div id=\"lottie-heart-desktop-block_ad56f2dc8d832b6641de15915b5e8972\" class=\"lottie_animation heart d-none d-lg-block position-absolute bottom-50 end-0 ms-6\" data-path=\"https:\/\/hepsor.ee\/lillekylakodud\/wp-content\/themes\/lillekula\/lottie\/syda_lottie\/data.json\" data-speed=\"1.25\"><\/div>\n\t\t\t\t\t\t<\/div>\n\t\t\t\t\t\n\t\t\t\t\t\t\t\t\t\t\t<p>Lillek\u00fcla asum Kristiines on elamiseks ainulaadne piirkond, kus k\u00f5ik eluks vajalik on k\u00e4ega katsutaval kaugusel. Vaiksed rohelised k\u00f5rvalt\u00e4navad pakuvad v\u00f5imaluse igap\u00e4eva toimetamised unustada ja nautida jalutusk\u00e4iku aedlinna omap\u00e4rases milj\u00f6\u00f6s v\u00f5i veeta perega l\u00f5\u00f5gastavalt aega pargis v\u00f5i m\u00e4nguv\u00e4ljakutel.<\/p>\n\t\t\t\t\t\t\t\t\t<\/div>\n\n\t\t\t\t\t\t\t\t\t<div class=\"image_col flex-grow-1 mt-9 mt-lg-0 px-0 px-lg-5\">\n\t\t\t\t\t\t<div class=\"image position-relative bg-center br-start-90 no-lazy fade\" style=\"background-image: url('https:\/\/hepsor.ee\/lillekylakodud\/wp-content\/uploads\/2024\/07\/Nomme-57_c2_2-3-1.png');\">\n\t\t\t\t\t\t\t<div id=\"lottie-heart-mobile-block_ad56f2dc8d832b6641de15915b5e8972\" class=\"lottie_animation heart mobile d-block d-lg-none position-absolute top-0 start-50\" data-path=\"https:\/\/hepsor.ee\/lillekylakodud\/wp-content\/themes\/lillekula\/lottie\/syda_lottie\/data.json\" data-speed=\"1.25\"><\/div>\n\t\t\t\t\t\t<\/div>\n\t\t\t\t\t<\/div>\n\t\t\t\t\t\t\t<\/div>\n\t\t\n\t\t\t\t\t<div class=\"second_row row row-cols-1 row-cols-lg-2 flex-lg-nowrap align-items-center mb-9\">\n\t\t\t\t\n\t\t\t\t<div class=\"image_col\">\n\t\t\t\t\t<div id=\"lottie-plant-block_ad56f2dc8d832b6641de15915b5e8972\" class=\"lottie_animation d-none d-lg-block plant_lottie\" data-path=\"https:\/\/hepsor.ee\/lillekylakodud\/wp-content\/themes\/lillekula\/lottie\/plant_lottie\/data.json\" data-speed=\"1.25\"><\/div>\n\t\t\t\t<\/div>\n\n\t\t\t\t<div class=\"text fade-in-up\">\n\t\t\t\t\t<p>Samas ei ole t\u00f6\u00f6, kool, ega muu vajalik kunagi liiga kaugel. Lillek\u00fcla Kodude elanikke ootab ees l\u00fchike ja turvaline koolitee, sest nii Kristiine Lasteaed kui Kristiine G\u00fcmnaasium on kodust vaid 500m kaugusel.<\/p>\n\t\t\t\t<\/div>\n\t\t\t<\/div>\n\t\t\n\t\t\t\t\t<div class=\"image_wrapper big_image bg-center br-start-90 overflow-hidden fade\" style=\"background-image:url('https:\/\/hepsor.ee\/lillekylakodud\/wp-content\/uploads\/2024\/07\/Nomme-tee_MBA1407_MarisTomba.png')\"><\/div>\n\t\t\n\t\t<div id=\"lottie-plant-mobile-block_ad56f2dc8d832b6641de15915b5e8972\" class=\"lottie_animation plant_lottie mobile d-block d-lg-none mt-3 mx-auto\" data-path=\"https:\/\/hepsor.ee\/lillekylakodud\/wp-content\/themes\/lillekula\/lottie\/plant_lottie\/data.json\" data-speed=\"1.25\"><\/div>\n    <\/div>\n<\/section>\n\n\n<section class=\"location-map-block\">\n\t<div class=\"container-fluid px-0\">\n\t\t\t\t\t<div class=\"container\">\n\t\t\t\t<div class=\"filters row row-cols-auto flex-nowrap align-items-center justify-content-center mb-6 gx-2 gx-lg-3\">\n\t\t\t\t\t\t\t\t\t\t\t\t\t\t\t\t\t\t\t\t\t\t\t<div class=\"filter d-flex justify-content-center position-relative fs-12 text-uppercase text-center active\" data-filter=\"haridus\">Haridus<\/div>\n\t\t\t\t\t\t\t\t\t\t\t\t\t\t\t\t\t<div class=\"filter d-flex justify-content-center position-relative fs-12 text-uppercase text-center\" data-filter=\"kaubandus-ja-teenused\">Kaubandus ja teenused<\/div>\n\t\t\t\t\t\t\t\t\t\t\t\t\t\t\t\t\t<div class=\"filter d-flex justify-content-center position-relative fs-12 text-uppercase text-center\" data-filter=\"sport-ja-vabaaeg\">Sport ja vabaaeg<\/div>\n\t\t\t\t\t\t\t\t\t\t\t\t\t\t\t\t\t<div class=\"filter d-flex justify-content-center position-relative fs-12 text-uppercase text-center\" data-filter=\"transport\">Transport<\/div>\n\t\t\t\t\t\t\t\t\t<\/div>\n\t\t\t<\/div>\n\t\t\n\t\t<div class=\"map_wrapper\">\n\t\t\t<div class=\"map_container position-relative w100 overflow-hidden\">\n\t\t\t\t<div id=\"map-block_df1ad423d8b45bfe7aff14bf26fa4793\" class=\"map position-absolute top-0 start-0 w100 h100\" data-latitude=\"59.414309\" data-longitude=\"24.718377\" data-zoom=\"15\" data-markers=\"{&quot;main&quot;:[{&quot;icon&quot;:&quot;https:\\\/\\\/hepsor.ee\\\/lillekylakodud\\\/wp-content\\\/uploads\\\/2022\\\/11\\\/Frame-8.svg&quot;,&quot;latitude&quot;:&quot;59.414309&quot;,&quot;longitude&quot;:&quot;24.718377&quot;,&quot;anchor&quot;:&quot;24.5,49&quot;}],&quot;haridus&quot;:{&quot;icon&quot;:{&quot;url&quot;:&quot;https:\\\/\\\/hepsor.ee\\\/lillekylakodud\\\/wp-content\\\/uploads\\\/2022\\\/11\\\/Frame-9.svg&quot;,&quot;width&quot;:36,&quot;height&quot;:36,&quot;alt&quot;:&quot;&quot;},&quot;text&quot;:&quot;Haridus&quot;,&quot;default_active&quot;:true,&quot;markers&quot;:[{&quot;latitude&quot;:&quot;59.417952753682876&quot;,&quot;longitude&quot;:&quot;24.720860886507886&quot;,&quot;text&quot;:&quot;Tallinna Kristiine G\\u00fcmnaasium&quot;},{&quot;latitude&quot;:&quot;59.417350294817645&quot;,&quot;longitude&quot;:&quot;24.719016371164034&quot;,&quot;text&quot;:&quot;Tallinna Kristiine Lasteaed&quot;},{&quot;latitude&quot;:&quot;59.420687570956574&quot;,&quot;longitude&quot;:&quot;24.72409574232807&quot;,&quot;text&quot;:&quot;Tihase lasteaed&quot;},{&quot;latitude&quot;:&quot;59.418293889465126&quot;,&quot;longitude&quot;:&quot;24.72702398465615&quot;,&quot;text&quot;:&quot;Tallinna Linnupesa Lasteaed&quot;}]},&quot;kaubandus-ja-teenused&quot;:{&quot;icon&quot;:{&quot;url&quot;:&quot;https:\\\/\\\/hepsor.ee\\\/lillekylakodud\\\/wp-content\\\/uploads\\\/2022\\\/11\\\/Frame-10.svg&quot;,&quot;width&quot;:36,&quot;height&quot;:36,&quot;alt&quot;:&quot;&quot;},&quot;text&quot;:&quot;Kaubandus ja teenused&quot;,&quot;default_active&quot;:false,&quot;markers&quot;:[{&quot;latitude&quot;:&quot;59.417879724323576&quot;,&quot;longitude&quot;:&quot;24.721459093646985&quot;,&quot;text&quot;:&quot;N\\u00f5mme tee Maxima&quot;},{&quot;latitude&quot;:&quot;59.41458472953556&quot;,&quot;longitude&quot;:&quot;24.707052271164038&quot;,&quot;text&quot;:&quot;S\\u00f5pruse pst Rimi&quot;},{&quot;latitude&quot;:&quot;59.41346295187345&quot;,&quot;longitude&quot;:&quot;24.709273142328072&quot;,&quot;text&quot;:&quot;S\\u00f5pruse Lidl&quot;},{&quot;latitude&quot;:&quot;59.420427826680616&quot;,&quot;longitude&quot;:&quot;24.72936235396844&quot;,&quot;text&quot;:&quot;Kotka Selver&quot;},{&quot;latitude&quot;:&quot;59.41986412911&quot;,&quot;longitude&quot;:&quot;24.729812542328073&quot;,&quot;text&quot;:&quot;Kotka Tervisemaja&quot;},{&quot;latitude&quot;:&quot;59.41527591678202&quot;,&quot;longitude&quot;:&quot;24.728693117195597&quot;,&quot;text&quot;:&quot;V\\u00e4striku Loomakliinik&quot;},{&quot;latitude&quot;:&quot;59.427236114454&quot;,&quot;longitude&quot;:&quot;24.72306837116404&quot;,&quot;text&quot;:&quot;Kristiine Keskus&quot;}]},&quot;sport-ja-vabaaeg&quot;:{&quot;icon&quot;:{&quot;url&quot;:&quot;https:\\\/\\\/hepsor.ee\\\/lillekylakodud\\\/wp-content\\\/uploads\\\/2022\\\/11\\\/Frame-2-4.svg&quot;,&quot;width&quot;:36,&quot;height&quot;:36,&quot;alt&quot;:&quot;&quot;},&quot;text&quot;:&quot;Sport ja vabaaeg&quot;,&quot;default_active&quot;:false,&quot;markers&quot;:[{&quot;latitude&quot;:&quot;59.40874724997308&quot;,&quot;longitude&quot;:&quot;24.720911542328068&quot;,&quot;text&quot;:&quot;Kotka staadion&quot;},{&quot;latitude&quot;:&quot;59.40519590912453&quot;,&quot;longitude&quot;:&quot;24.714799742328072&quot;,&quot;text&quot;:&quot;Audentese spordiklubi&quot;},{&quot;latitude&quot;:&quot;59.4044546696482&quot;,&quot;longitude&quot;:&quot;24.72096264232807&quot;,&quot;text&quot;:&quot;Golden spordiklubi&quot;},{&quot;latitude&quot;:&quot;59.41441261135303&quot;,&quot;longitude&quot;:&quot;24.716958271164035&quot;,&quot;text&quot;:&quot;R\\u00e4\\u00e4gu park ja m\\u00e4nguv\\u00e4ljak&quot;},{&quot;latitude&quot;:&quot;59.42137222898846&quot;,&quot;longitude&quot;:&quot;24.732055942328074&quot;,&quot;text&quot;:&quot;A. Le Coq Arena&quot;}]},&quot;transport&quot;:{&quot;icon&quot;:{&quot;url&quot;:&quot;https:\\\/\\\/hepsor.ee\\\/lillekylakodud\\\/wp-content\\\/uploads\\\/2022\\\/11\\\/Frame-1-4.svg&quot;,&quot;width&quot;:36,&quot;height&quot;:36,&quot;alt&quot;:&quot;&quot;},&quot;text&quot;:&quot;Transport&quot;,&quot;default_active&quot;:false,&quot;markers&quot;:[{&quot;latitude&quot;:&quot;59.41432471133179&quot;,&quot;longitude&quot;:&quot;24.717855042328072&quot;,&quot;text&quot;:&quot;R\\u00e4\\u00e4gu bussipeatus&quot;},{&quot;latitude&quot;:&quot;59.42460527127237&quot;,&quot;longitude&quot;:&quot;24.728328113492104&quot;,&quot;text&quot;:&quot;Lillek\\u00fcla rongipeatus&quot;}]}}\"><\/div>\n\t\t\t<\/div>\n\t\t<\/div>\n\t<\/div>\n<\/section>\n\n\n<section class=\"beige-columns-block  bg-beige py-9 py-lg-11 position-relative text-center text-lg-start overflow-hidden\">\n    <div class=\"container\">\n        <div class=\"row gy-6 gx-4\">\n                                            <div class=\"col col-md-6 col-12\">\n\t\t\t\t\t                        <div class=\"image_wrapper d-flex flex-shrink-0 align-items-end justify-content-center justify-content-lg-start mb-7 fade\">\n                            <img decoding=\"async\" loading=\"lazy\" src=\"https:\/\/hepsor.ee\/lillekylakodud\/wp-content\/uploads\/2022\/11\/Frame-1-3.svg\" width=\"181\" height=\"111\" alt=\"\" \/>\n                        <\/div>\n\t\t\t\t\t                    <div class=\"text_wrapper fade-in-up\">\n                        <p>V\u00e4ga head transpordi\u00fchendused viivad loetud minutitega ka kaugematesse sihtkohtadesse. Rattas\u00f5idu eelistajatele sobivad ideaalselt mugavad kergliiklusteed ja v\u00e4hese liiklusega k\u00f5rvalt\u00e4navad.<\/p>\n                    <\/div>\n                <\/div>\n                                            <div class=\"col col-md-6 col-12\">\n\t\t\t\t\t                        <div class=\"image_wrapper d-flex flex-shrink-0 align-items-end justify-content-center justify-content-lg-start mb-7 fade\">\n                            <img decoding=\"async\" loading=\"lazy\" src=\"https:\/\/hepsor.ee\/lillekylakodud\/wp-content\/uploads\/2022\/11\/Frame-2-3.svg\" width=\"155\" height=\"136\" alt=\"\" \/>\n                        <\/div>\n\t\t\t\t\t                    <div class=\"text_wrapper fade-in-up\">\n                        <p>\u00d5htune poesk\u00e4ik ei pea olema suur ja keeruline ettev\u00f5tmine. Lillek\u00fcla Kodude l\u00e4hedal on mitmeid toidupoode, kuhu j\u00f5uad vaid l\u00fchikese jalutusk\u00e4iguga. Vaid paari kilomeetri raadiuses asuvast Kristiine v\u00f5i Mustam\u00e4e Keskusest leiad ka k\u00f5ik muu eluoluks vajaliku, lisaks mitmed s\u00f6\u00f6gikohad ja meelelahutuse v\u00f5imalused.<\/p>\n                    <\/div>\n                <\/div>\n                    <\/div>\n    <\/div>\n<\/section>\n\n\n<section class=\"location-image-block py-9 py-lg-11 mt-lg-8 mb-lg-8\">\n\t<div class=\"container px-0 px-lg-5\">\n\t\t<img decoding=\"async\" loading=\"lazy\" class=\"d-lg-block d-none\" src=\"https:\/\/hepsor.ee\/lillekylakodud\/wp-content\/uploads\/2022\/12\/Asendiplaan_desktop_05.12.22.svg\" width=\"1024\" height=\"783\" alt=\"\" \/>\n\n        \t\t    <img decoding=\"async\" loading=\"lazy\" class=\"d-block d-lg-none\" src=\"https:\/\/hepsor.ee\/lillekylakodud\/wp-content\/uploads\/2022\/12\/Asendiplaan_mobiil_05.12.22.svg\" width=\"390\" height=\"439\" alt=\"\" \/>\n        \t<\/div>\n<\/section>","protected":false},"excerpt":{"rendered":"","protected":false},"author":1,"featured_media":0,"parent":0,"menu_order":0,"comment_status":"closed","ping_status":"closed","template":"","meta":[],"acf":[],"yoast_head":"<!-- This site is optimized with the Yoast SEO plugin v19.12 - https:\/\/yoast.com\/wordpress\/plugins\/seo\/ -->\n<title>Asukoht - Lillek\u00fcla Kodud<\/title>\n<meta name=\"robots\" content=\"index, follow, max-snippet:-1, max-image-preview:large, max-video-preview:-1\" \/>\n<link rel=\"canonical\" href=\"https:\/\/hepsor.ee\/lillekylakodud\/asukoht\/\" \/>\n<meta property=\"og:locale\" content=\"et_EE\" \/>\n<meta property=\"og:type\" content=\"article\" \/>\n<meta property=\"og:title\" content=\"Asukoht - Lillek\u00fcla Kodud\" \/>\n<meta property=\"og:url\" content=\"https:\/\/hepsor.ee\/lillekylakodud\/asukoht\/\" \/>\n<meta property=\"og:site_name\" content=\"Lillek\u00fcla Kodud\" \/>\n<meta property=\"article:modified_time\" content=\"2024-07-16T08:26:00+00:00\" \/>\n<meta property=\"og:image\" content=\"https:\/\/hepsor.ee\/lillekylakodud\/wp-content\/uploads\/2022\/12\/Mask-group-2.jpg\" \/>\n\t<meta property=\"og:image:width\" content=\"1200\" \/>\n\t<meta property=\"og:image:height\" content=\"630\" \/>\n\t<meta property=\"og:image:type\" content=\"image\/jpeg\" \/>\n<meta name=\"twitter:card\" content=\"summary_large_image\" \/>\n<script type=\"application\/ld+json\" class=\"yoast-schema-graph\">{\"@context\":\"https:\/\/schema.org\",\"@graph\":[{\"@type\":\"WebPage\",\"@id\":\"https:\/\/hepsor.ee\/lillekylakodud\/asukoht\/\",\"url\":\"https:\/\/hepsor.ee\/lillekylakodud\/asukoht\/\",\"name\":\"Asukoht - Lillek\u00fcla Kodud\",\"isPartOf\":{\"@id\":\"https:\/\/hepsor.ee\/lillekylakodud\/#website\"},\"datePublished\":\"2022-11-21T11:04:01+00:00\",\"dateModified\":\"2024-07-16T08:26:00+00:00\",\"breadcrumb\":{\"@id\":\"https:\/\/hepsor.ee\/lillekylakodud\/asukoht\/#breadcrumb\"},\"inLanguage\":\"et\",\"potentialAction\":[{\"@type\":\"ReadAction\",\"target\":[\"https:\/\/hepsor.ee\/lillekylakodud\/asukoht\/\"]}]},{\"@type\":\"BreadcrumbList\",\"@id\":\"https:\/\/hepsor.ee\/lillekylakodud\/asukoht\/#breadcrumb\",\"itemListElement\":[{\"@type\":\"ListItem\",\"position\":1,\"name\":\"Home\",\"item\":\"https:\/\/hepsor.ee\/lillekylakodud\/\"},{\"@type\":\"ListItem\",\"position\":2,\"name\":\"Asukoht\"}]},{\"@type\":\"WebSite\",\"@id\":\"https:\/\/hepsor.ee\/lillekylakodud\/#website\",\"url\":\"https:\/\/hepsor.ee\/lillekylakodud\/\",\"name\":\"Lillek\u00fcla Kodud\",\"description\":\"Hubane linnakodu rohelises Kristiines\",\"publisher\":{\"@id\":\"https:\/\/hepsor.ee\/lillekylakodud\/#organization\"},\"potentialAction\":[{\"@type\":\"SearchAction\",\"target\":{\"@type\":\"EntryPoint\",\"urlTemplate\":\"https:\/\/hepsor.ee\/lillekylakodud\/?s={search_term_string}\"},\"query-input\":\"required name=search_term_string\"}],\"inLanguage\":\"et\"},{\"@type\":\"Organization\",\"@id\":\"https:\/\/hepsor.ee\/lillekylakodud\/#organization\",\"name\":\"Hepsor\",\"url\":\"https:\/\/hepsor.ee\/lillekylakodud\/\",\"logo\":{\"@type\":\"ImageObject\",\"inLanguage\":\"et\",\"@id\":\"https:\/\/hepsor.ee\/lillekylakodud\/#\/schema\/logo\/image\/\",\"url\":\"https:\/\/hepsor.ee\/lillekylakodud\/wp-content\/uploads\/2022\/11\/logo.svg\",\"contentUrl\":\"https:\/\/hepsor.ee\/lillekylakodud\/wp-content\/uploads\/2022\/11\/logo.svg\",\"caption\":\"Hepsor\"},\"image\":{\"@id\":\"https:\/\/hepsor.ee\/lillekylakodud\/#\/schema\/logo\/image\/\"}}]}<\/script>\n<!-- \/ Yoast SEO plugin. -->","yoast_head_json":{"title":"Asukoht - Lillek\u00fcla Kodud","robots":{"index":"index","follow":"follow","max-snippet":"max-snippet:-1","max-image-preview":"max-image-preview:large","max-video-preview":"max-video-preview:-1"},"canonical":"https:\/\/hepsor.ee\/lillekylakodud\/asukoht\/","og_locale":"et_EE","og_type":"article","og_title":"Asukoht - Lillek\u00fcla Kodud","og_url":"https:\/\/hepsor.ee\/lillekylakodud\/asukoht\/","og_site_name":"Lillek\u00fcla Kodud","article_modified_time":"2024-07-16T08:26:00+00:00","og_image":[{"width":1200,"height":630,"url":"https:\/\/hepsor.ee\/lillekylakodud\/wp-content\/uploads\/2022\/12\/Mask-group-2.jpg","type":"image\/jpeg"}],"twitter_card":"summary_large_image","schema":{"@context":"https:\/\/schema.org","@graph":[{"@type":"WebPage","@id":"https:\/\/hepsor.ee\/lillekylakodud\/asukoht\/","url":"https:\/\/hepsor.ee\/lillekylakodud\/asukoht\/","name":"Asukoht - Lillek\u00fcla Kodud","isPartOf":{"@id":"https:\/\/hepsor.ee\/lillekylakodud\/#website"},"datePublished":"2022-11-21T11:04:01+00:00","dateModified":"2024-07-16T08:26:00+00:00","breadcrumb":{"@id":"https:\/\/hepsor.ee\/lillekylakodud\/asukoht\/#breadcrumb"},"inLanguage":"et","potentialAction":[{"@type":"ReadAction","target":["https:\/\/hepsor.ee\/lillekylakodud\/asukoht\/"]}]},{"@type":"BreadcrumbList","@id":"https:\/\/hepsor.ee\/lillekylakodud\/asukoht\/#breadcrumb","itemListElement":[{"@type":"ListItem","position":1,"name":"Home","item":"https:\/\/hepsor.ee\/lillekylakodud\/"},{"@type":"ListItem","position":2,"name":"Asukoht"}]},{"@type":"WebSite","@id":"https:\/\/hepsor.ee\/lillekylakodud\/#website","url":"https:\/\/hepsor.ee\/lillekylakodud\/","name":"Lillek\u00fcla Kodud","description":"Hubane linnakodu rohelises Kristiines","publisher":{"@id":"https:\/\/hepsor.ee\/lillekylakodud\/#organization"},"potentialAction":[{"@type":"SearchAction","target":{"@type":"EntryPoint","urlTemplate":"https:\/\/hepsor.ee\/lillekylakodud\/?s={search_term_string}"},"query-input":"required name=search_term_string"}],"inLanguage":"et"},{"@type":"Organization","@id":"https:\/\/hepsor.ee\/lillekylakodud\/#organization","name":"Hepsor","url":"https:\/\/hepsor.ee\/lillekylakodud\/","logo":{"@type":"ImageObject","inLanguage":"et","@id":"https:\/\/hepsor.ee\/lillekylakodud\/#\/schema\/logo\/image\/","url":"https:\/\/hepsor.ee\/lillekylakodud\/wp-content\/uploads\/2022\/11\/logo.svg","contentUrl":"https:\/\/hepsor.ee\/lillekylakodud\/wp-content\/uploads\/2022\/11\/logo.svg","caption":"Hepsor"},"image":{"@id":"https:\/\/hepsor.ee\/lillekylakodud\/#\/schema\/logo\/image\/"}}]}},"_links":{"self":[{"href":"https:\/\/hepsor.ee\/lillekylakodud\/wp-json\/wp\/v2\/pages\/162"}],"collection":[{"href":"https:\/\/hepsor.ee\/lillekylakodud\/wp-json\/wp\/v2\/pages"}],"about":[{"href":"https:\/\/hepsor.ee\/lillekylakodud\/wp-json\/wp\/v2\/types\/page"}],"author":[{"embeddable":true,"href":"https:\/\/hepsor.ee\/lillekylakodud\/wp-json\/wp\/v2\/users\/1"}],"replies":[{"embeddable":true,"href":"https:\/\/hepsor.ee\/lillekylakodud\/wp-json\/wp\/v2\/comments?post=162"}],"version-history":[{"count":46,"href":"https:\/\/hepsor.ee\/lillekylakodud\/wp-json\/wp\/v2\/pages\/162\/revisions"}],"predecessor-version":[{"id":2746,"href":"https:\/\/hepsor.ee\/lillekylakodud\/wp-json\/wp\/v2\/pages\/162\/revisions\/2746"}],"wp:attachment":[{"href":"https:\/\/hepsor.ee\/lillekylakodud\/wp-json\/wp\/v2\/media?parent=162"}],"curies":[{"name":"wp","href":"https:\/\/api.w.org\/{rel}","templated":true}]}}