{"id":1465,"date":"2023-02-02T10:03:55","date_gmt":"2023-02-02T08:03:55","guid":{"rendered":"https:\/\/hepsor.ee\/lillekylakodud\/?page_id=1465"},"modified":"2025-04-16T16:14:14","modified_gmt":"2025-04-16T13:14:14","slug":"eripakkumised","status":"publish","type":"page","link":"https:\/\/hepsor.ee\/lillekylakodud\/eripakkumised\/","title":{"rendered":"Eripakkumised"},"content":{"rendered":"<div class=\"offers-block\">\n    <div class=\"container\">\n                    <div class=\"header_image_wrap position-relative\">\n                <img decoding=\"async\" loading=\"lazy\" class=\"w100 h100\" src=\"https:\/\/hepsor.ee\/lillekylakodud\/wp-content\/uploads\/2024\/02\/lillekyla-kodud-foto-liis-reiman-1-of-1.jpg\" width=\"1920\" height=\"1079\" alt=\"\" \/>\n            <\/div>\n                            <div class=\"offer_links d-flex align-items-center justify-content-center flex-wrap text-center\">\n                                                                                <a class=\"offer_link btn darkBeige d-none\" href=\"#Avatud kodude p\u00e4ev\" target=\"_self\">Avatud kodude p\u00e4ev<\/a>\n                                                                                                    <a class=\"offer_link btn darkBeige\" href=\"#Kampaania\" target=\"_self\">Kampaania<\/a>\n                                                                                                    <a class=\"offer_link btn darkBeige d-none\" href=\"#sisustuskampaania\" target=\"_self\">Sisustuskampaania<\/a>\n                                                                                                    <a class=\"offer_link btn darkBeige\" href=\"#eripakkumised\" target=\"_self\">Eripakkumised<\/a>\n                                                                                                        <\/div>\n                            <div class=\"offers\">\n                                                        <div class=\"offer position-relative d-flex flex-column align-items-center justify-content-center text-center d-none\" data-anchor=\"Avatud kodude p\u00e4ev\">\n                                                    <h2>Avatud kodude p\u00e4ev<\/h2>\n                                                                            <div class=\"content w100\">\n                                                                    <p data-pm-slice=\"1 1 []\">Kas kevadine v\u00e4rskus toob kaasa ka v\u00e4rske kodu?<\/p>\n<p>Tule t\u00e4histame kevadist p\u00f6\u00f6rip\u00e4eva Lillek\u00fcla Kodudes ja tutvu vabade korteritega.<\/p>\n<p>M\u00f5nusa kehakinnituse eest hoolitseb Porgandipomm K\u00fcpsetuskoda.<\/p>\n<p><strong>Avatud kodude p\u00e4ev toimub 20. m\u00e4rtsil kell 16:00-18:00<\/strong><\/p>\n<p>Vajalik eelregistreerimine:<br \/>\nJanek Saveljev , janek<a class=\"mail-link\" data-enc-email=\"xnvevva[at]urcfbe.rr\" data-wpel-link=\"ignore\"><span id=\"eeb-566053-420150\">@hepsor.ee, <\/span><\/a>+372 502 8581<\/p>\n                                                                                            <\/div>\n                                                                    <\/div>\n                                                        <div class=\"offer position-relative d-flex flex-column align-items-center justify-content-center text-center\" data-anchor=\"Kampaania\">\n                                                    <h2>Kampaania<\/h2>\n                                                                            <div class=\"content w100\">\n                                                                    <p>Valitud kodud <strong>kuni 20 000 eurot soodsamad.\u00a0<\/strong><\/p>\n<p><a href=\"https:\/\/hepsor.ee\/lillekylakodud\/eripakkumised\/#kontakt\">K\u00fcsi pakkumist<\/a> meie m\u00fc\u00fcgijuhilt:<br \/>\nKairiin Kingumets<br \/>\n+372 5740 0561<br \/>\n<a class=\"mail-link\" href=\"mailto:kairiin@hepsor.ee\" data-enc-email=\"xnvevva[at]urcfbe.rr\" data-wpel-link=\"ignore\"><span id=\"eeb-372268-253582\">kairiin@hepsor.ee<\/span><\/a><\/p>\n                                                                                                                                        <a class=\"btn darkBeige\" href=\"https:\/\/hepsor.ee\/lillekylakodud\/hinnad-ja-plaanid\/\" target=\"_self\">Vaata kodusid<\/a>\n                                                            <\/div>\n                                                                    <\/div>\n                                                        <div class=\"offer position-relative d-flex flex-column align-items-center justify-content-center text-center d-none\" data-anchor=\"sisustuskampaania\">\n                                                    <h2>Sisustuskampaania<\/h2>\n                                                                            <div class=\"content w100\">\n                                                                    <h3 style=\"font-weight: 400;\"><strong>Sisustuslaen LHV-st aastaks 0% intressiga <\/strong><\/h3>\n<p style=\"font-weight: 400;\">Uude korterisse kolimine on suur ja p\u00f5nev samm, kuid tihti kaasneb sellega ka hulk lisakulusid. K\u00f6\u00f6k, diivan, s\u00f6\u00f6gilaud ja muu vajalik m\u00f6\u00f6bel on osa sellest protsessist, mis aitab uue koha muuta t\u00f5eliseks koduks.<\/p>\n<p style=\"font-weight: 400;\">Selleks, et aidata uue kodu kujundamine muretumaks muuta, pakume Sulle koost\u00f6\u00f6s LHV-ga sisustuslaenu esimeseks aastaks 0% intressiga. Tavatingimustel\u00a0on\u00a0intress\u00a0alates 7,9%\u00a0aastas.<\/p>\n<ul>\n<li style=\"font-weight: 400; text-align: left;\"><strong>Esimesed 12 kuud intress 0%<\/strong><\/li>\n<li style=\"text-align: left;\">Laenusumma kuni 25 000\u20ac ja raha kohe kontole<\/li>\n<li style=\"text-align: left;\">Sobiva kuumakse saad endale ise valida. Lepingu pikkus 6-120 kuud<\/li>\n<li style=\"text-align: left;\">Tasub klient:\n<ul>\n<li>Lepingutasu 2% laenusummalt, min 29,9\u00a0eur<\/li>\n<li>Igakuine haldustasu 2,99\u00a0eur<\/li>\n<\/ul>\n<\/li>\n<li style=\"text-align: left;\">Laenu <strong>taotlemine on tasuta<\/strong> ja ei kohusta lepingut s\u00f5lmima.<\/li>\n<li style=\"text-align: left;\">LHV poolt kiire vastus.\u00a0Klienditugi\u00a0esmasp\u00e4evast p\u00fchap\u00e4evani.<\/li>\n<li style=\"text-align: left;\">Sisustuslaenu kasutamine pole piiratud, tagatist pole vaja.<\/li>\n<li style=\"text-align: left;\">Laenukindlustuse v\u00f5imalus.<\/li>\n<li style=\"text-align: left;\">Ennet\u00e4htaegne tagastamine on tasuta.<\/li>\n<li style=\"text-align: left;\">Pakkumine kehtib kuni 5-le korterile Lillek\u00fcla Kodudes ning vaid spetsiaalset sooduskoodi kasutades.<\/li>\n<\/ul>\n<p>&nbsp;<\/p>\n<p style=\"font-weight: 400;\"><em>Sisustuslaenu pakub AS LHV Finance. Tutvu tingimustega<a href=\"http:\/\/lhv.ee\/sisustuslaen\" target=\"_blank\" rel=\"noopener\"> lhv.ee\/sisustuslaen<\/a> ja k\u00fcsi n\u00f5u asjatundjalt. Krediidi kulukuse m\u00e4\u00e4r on 4,77% aastas j\u00e4rgmistel n\u00e4idistingimustel: laenusumma 7000\u20ac, intress 0% j\u00e4\u00e4gilt aastas (fikseeritud), lepingutasu 140\u20ac, igakuinehaldustasu 2,99\u20ac, laenu tasumise periood 12 kuud, tasumine igakuiste annuiteetmaksetena, maksete kogusumma 7175,84\u20ac ja tagasimaksete summa 7035,84\u20ac.<\/em><\/p>\n                                                                                                                                        <a class=\"btn darkBeige\" href=\"https:\/\/www.lhv.ee\/sisustuslaen\/hepsor\" target=\"_blank\">Tutvu tingimustega<\/a>\n                                                            <\/div>\n                                                                                                        <div class=\"images d-grid four\">\n                                                                                                        <a class=\"image_wrap position-relative w100 item-0\" href=\"https:\/\/www.lhv.ee\/sisustuslaen\/hepsor\" target=\"_blank\">\n                                        <img decoding=\"async\" loading=\"lazy\" class=\"w100 h100\" src=\"https:\/\/hepsor.ee\/lillekylakodud\/wp-content\/uploads\/2024\/12\/sl_320x320x2_2024.12_et.png\" width=\"640\" height=\"640\" alt=\"\" \/>\n                                    <\/a>\n                                                            <\/div>\n                                            <\/div>\n                                                        <div class=\"offer position-relative d-flex flex-column align-items-center justify-content-center text-center\" data-anchor=\"eripakkumised\">\n                                                    <h2>Eripakkumised<\/h2>\n                                                                            <div class=\"content w100\">\n                                                                    <p>Uue kodu sisustamise teevad lihtsamaks meie koost\u00f6\u00f6partnerid, kelle juures kehtivad Hepsori klientidele eripakkumised:<\/p>\n                                                                                            <\/div>\n                                                                                                        <div class=\"images d-grid four\">\n                                                                                                        <a class=\"image_wrap position-relative w100 item-0\" href=\"https:\/\/www.aunman.ee\/\" target=\"_blank\">\n                                        <img decoding=\"async\" loading=\"lazy\" class=\"w100 h100\" src=\"https:\/\/hepsor.ee\/lillekylakodud\/wp-content\/uploads\/2024\/02\/Image.jpeg\" width=\"640\" height=\"640\" alt=\"\" \/>\n                                    <\/a>\n                                                                                                        <a class=\"image_wrap position-relative w100 item-1\" href=\"https:\/\/texstudio.ee\/\" target=\"_blank\">\n                                        <img decoding=\"async\" loading=\"lazy\" class=\"w100 h100\" src=\"https:\/\/hepsor.ee\/lillekylakodud\/wp-content\/uploads\/2024\/01\/Hepsor-Texstudio-banner-320x320px.jpg\" width=\"320\" height=\"320\" alt=\"\" \/>\n                                    <\/a>\n                                                                                                        <a class=\"image_wrap position-relative w100 item-2\" href=\"https:\/\/slept.ee\/\" target=\"_blank\">\n                                        <img decoding=\"async\" loading=\"lazy\" class=\"w100 h100\" src=\"https:\/\/hepsor.ee\/lillekylakodud\/wp-content\/uploads\/2024\/01\/Slept_Hepsor_Lillekyla_320x320_est.jpg\" width=\"320\" height=\"320\" alt=\"\" \/>\n                                    <\/a>\n                                                                                                        <a class=\"image_wrap position-relative w100 item-3\" href=\"https:\/\/isku.ee\/\" target=\"_blank\">\n                                        <img decoding=\"async\" loading=\"lazy\" class=\"w100 h100\" src=\"https:\/\/hepsor.ee\/lillekylakodud\/wp-content\/uploads\/2024\/02\/Isku-Herpsor-banner-est-2024-320-\u00d7-320-px-1.png\" width=\"320\" height=\"320\" alt=\"\" \/>\n                                    <\/a>\n                                                            <\/div>\n                                            <\/div>\n                                                        <div class=\"offer position-relative d-flex flex-column align-items-center justify-content-center text-center\" data-anchor=\"\">\n                                                                            <div class=\"content w100\">\n                                                                    <div class=\"content w100\">\n<p>Uuri kodulaenu v\u00f5imalusi ja tingimusi meie koost\u00f6\u00f6partnerilt.<\/p>\n<\/div>\n                                                                                            <\/div>\n                                                                                                        <div class=\"images d-grid four\">\n                                                                                                        <a class=\"image_wrap position-relative w100 item-0\" href=\"https:\/\/www.lhv.ee\/et\/roheline\/tooted\" target=\"_blank\">\n                                        <img decoding=\"async\" loading=\"lazy\" class=\"w100 h100\" src=\"https:\/\/hepsor.ee\/lillekylakodud\/wp-content\/uploads\/2023\/10\/kodulaen_lehel_iti-1.png\" width=\"1000\" height=\"1000\" alt=\"\" \/>\n                                    <\/a>\n                                                            <\/div>\n                                            <\/div>\n                            <\/div>\n            <\/div>\n<\/div>","protected":false},"excerpt":{"rendered":"","protected":false},"author":1,"featured_media":0,"parent":0,"menu_order":0,"comment_status":"closed","ping_status":"closed","template":"","meta":[],"acf":[],"yoast_head":"<!-- This site is optimized with the Yoast SEO plugin v19.12 - https:\/\/yoast.com\/wordpress\/plugins\/seo\/ -->\n<title>Eripakkumised - Lillek\u00fcla Kodud<\/title>\n<meta name=\"robots\" content=\"index, follow, max-snippet:-1, max-image-preview:large, max-video-preview:-1\" \/>\n<link rel=\"canonical\" href=\"https:\/\/hepsor.ee\/lillekylakodud\/eripakkumised\/\" \/>\n<meta property=\"og:locale\" content=\"et_EE\" \/>\n<meta property=\"og:type\" content=\"article\" \/>\n<meta property=\"og:title\" content=\"Eripakkumised - Lillek\u00fcla Kodud\" \/>\n<meta property=\"og:url\" content=\"https:\/\/hepsor.ee\/lillekylakodud\/eripakkumised\/\" \/>\n<meta property=\"og:site_name\" content=\"Lillek\u00fcla Kodud\" \/>\n<meta property=\"article:modified_time\" content=\"2025-04-16T13:14:14+00:00\" \/>\n<meta property=\"og:image\" content=\"https:\/\/hepsor.ee\/lillekylakodud\/wp-content\/uploads\/2022\/12\/Mask-group-2.jpg\" \/>\n\t<meta property=\"og:image:width\" content=\"1200\" \/>\n\t<meta property=\"og:image:height\" content=\"630\" \/>\n\t<meta property=\"og:image:type\" content=\"image\/jpeg\" \/>\n<meta name=\"twitter:card\" content=\"summary_large_image\" \/>\n<script type=\"application\/ld+json\" class=\"yoast-schema-graph\">{\"@context\":\"https:\/\/schema.org\",\"@graph\":[{\"@type\":\"WebPage\",\"@id\":\"https:\/\/hepsor.ee\/lillekylakodud\/eripakkumised\/\",\"url\":\"https:\/\/hepsor.ee\/lillekylakodud\/eripakkumised\/\",\"name\":\"Eripakkumised - Lillek\u00fcla Kodud\",\"isPartOf\":{\"@id\":\"https:\/\/hepsor.ee\/lillekylakodud\/#website\"},\"datePublished\":\"2023-02-02T08:03:55+00:00\",\"dateModified\":\"2025-04-16T13:14:14+00:00\",\"breadcrumb\":{\"@id\":\"https:\/\/hepsor.ee\/lillekylakodud\/eripakkumised\/#breadcrumb\"},\"inLanguage\":\"et\",\"potentialAction\":[{\"@type\":\"ReadAction\",\"target\":[\"https:\/\/hepsor.ee\/lillekylakodud\/eripakkumised\/\"]}]},{\"@type\":\"BreadcrumbList\",\"@id\":\"https:\/\/hepsor.ee\/lillekylakodud\/eripakkumised\/#breadcrumb\",\"itemListElement\":[{\"@type\":\"ListItem\",\"position\":1,\"name\":\"Home\",\"item\":\"https:\/\/hepsor.ee\/lillekylakodud\/\"},{\"@type\":\"ListItem\",\"position\":2,\"name\":\"Eripakkumised\"}]},{\"@type\":\"WebSite\",\"@id\":\"https:\/\/hepsor.ee\/lillekylakodud\/#website\",\"url\":\"https:\/\/hepsor.ee\/lillekylakodud\/\",\"name\":\"Lillek\u00fcla Kodud\",\"description\":\"Hubane linnakodu rohelises Kristiines\",\"publisher\":{\"@id\":\"https:\/\/hepsor.ee\/lillekylakodud\/#organization\"},\"potentialAction\":[{\"@type\":\"SearchAction\",\"target\":{\"@type\":\"EntryPoint\",\"urlTemplate\":\"https:\/\/hepsor.ee\/lillekylakodud\/?s={search_term_string}\"},\"query-input\":\"required name=search_term_string\"}],\"inLanguage\":\"et\"},{\"@type\":\"Organization\",\"@id\":\"https:\/\/hepsor.ee\/lillekylakodud\/#organization\",\"name\":\"Hepsor\",\"url\":\"https:\/\/hepsor.ee\/lillekylakodud\/\",\"logo\":{\"@type\":\"ImageObject\",\"inLanguage\":\"et\",\"@id\":\"https:\/\/hepsor.ee\/lillekylakodud\/#\/schema\/logo\/image\/\",\"url\":\"https:\/\/hepsor.ee\/lillekylakodud\/wp-content\/uploads\/2022\/11\/logo.svg\",\"contentUrl\":\"https:\/\/hepsor.ee\/lillekylakodud\/wp-content\/uploads\/2022\/11\/logo.svg\",\"caption\":\"Hepsor\"},\"image\":{\"@id\":\"https:\/\/hepsor.ee\/lillekylakodud\/#\/schema\/logo\/image\/\"}}]}<\/script>\n<!-- \/ Yoast SEO plugin. -->","yoast_head_json":{"title":"Eripakkumised - Lillek\u00fcla Kodud","robots":{"index":"index","follow":"follow","max-snippet":"max-snippet:-1","max-image-preview":"max-image-preview:large","max-video-preview":"max-video-preview:-1"},"canonical":"https:\/\/hepsor.ee\/lillekylakodud\/eripakkumised\/","og_locale":"et_EE","og_type":"article","og_title":"Eripakkumised - Lillek\u00fcla Kodud","og_url":"https:\/\/hepsor.ee\/lillekylakodud\/eripakkumised\/","og_site_name":"Lillek\u00fcla Kodud","article_modified_time":"2025-04-16T13:14:14+00:00","og_image":[{"width":1200,"height":630,"url":"https:\/\/hepsor.ee\/lillekylakodud\/wp-content\/uploads\/2022\/12\/Mask-group-2.jpg","type":"image\/jpeg"}],"twitter_card":"summary_large_image","schema":{"@context":"https:\/\/schema.org","@graph":[{"@type":"WebPage","@id":"https:\/\/hepsor.ee\/lillekylakodud\/eripakkumised\/","url":"https:\/\/hepsor.ee\/lillekylakodud\/eripakkumised\/","name":"Eripakkumised - Lillek\u00fcla Kodud","isPartOf":{"@id":"https:\/\/hepsor.ee\/lillekylakodud\/#website"},"datePublished":"2023-02-02T08:03:55+00:00","dateModified":"2025-04-16T13:14:14+00:00","breadcrumb":{"@id":"https:\/\/hepsor.ee\/lillekylakodud\/eripakkumised\/#breadcrumb"},"inLanguage":"et","potentialAction":[{"@type":"ReadAction","target":["https:\/\/hepsor.ee\/lillekylakodud\/eripakkumised\/"]}]},{"@type":"BreadcrumbList","@id":"https:\/\/hepsor.ee\/lillekylakodud\/eripakkumised\/#breadcrumb","itemListElement":[{"@type":"ListItem","position":1,"name":"Home","item":"https:\/\/hepsor.ee\/lillekylakodud\/"},{"@type":"ListItem","position":2,"name":"Eripakkumised"}]},{"@type":"WebSite","@id":"https:\/\/hepsor.ee\/lillekylakodud\/#website","url":"https:\/\/hepsor.ee\/lillekylakodud\/","name":"Lillek\u00fcla Kodud","description":"Hubane linnakodu rohelises Kristiines","publisher":{"@id":"https:\/\/hepsor.ee\/lillekylakodud\/#organization"},"potentialAction":[{"@type":"SearchAction","target":{"@type":"EntryPoint","urlTemplate":"https:\/\/hepsor.ee\/lillekylakodud\/?s={search_term_string}"},"query-input":"required name=search_term_string"}],"inLanguage":"et"},{"@type":"Organization","@id":"https:\/\/hepsor.ee\/lillekylakodud\/#organization","name":"Hepsor","url":"https:\/\/hepsor.ee\/lillekylakodud\/","logo":{"@type":"ImageObject","inLanguage":"et","@id":"https:\/\/hepsor.ee\/lillekylakodud\/#\/schema\/logo\/image\/","url":"https:\/\/hepsor.ee\/lillekylakodud\/wp-content\/uploads\/2022\/11\/logo.svg","contentUrl":"https:\/\/hepsor.ee\/lillekylakodud\/wp-content\/uploads\/2022\/11\/logo.svg","caption":"Hepsor"},"image":{"@id":"https:\/\/hepsor.ee\/lillekylakodud\/#\/schema\/logo\/image\/"}}]}},"_links":{"self":[{"href":"https:\/\/hepsor.ee\/lillekylakodud\/wp-json\/wp\/v2\/pages\/1465"}],"collection":[{"href":"https:\/\/hepsor.ee\/lillekylakodud\/wp-json\/wp\/v2\/pages"}],"about":[{"href":"https:\/\/hepsor.ee\/lillekylakodud\/wp-json\/wp\/v2\/types\/page"}],"author":[{"embeddable":true,"href":"https:\/\/hepsor.ee\/lillekylakodud\/wp-json\/wp\/v2\/users\/1"}],"replies":[{"embeddable":true,"href":"https:\/\/hepsor.ee\/lillekylakodud\/wp-json\/wp\/v2\/comments?post=1465"}],"version-history":[{"count":197,"href":"https:\/\/hepsor.ee\/lillekylakodud\/wp-json\/wp\/v2\/pages\/1465\/revisions"}],"predecessor-version":[{"id":3065,"href":"https:\/\/hepsor.ee\/lillekylakodud\/wp-json\/wp\/v2\/pages\/1465\/revisions\/3065"}],"wp:attachment":[{"href":"https:\/\/hepsor.ee\/lillekylakodud\/wp-json\/wp\/v2\/media?parent=1465"}],"curies":[{"name":"wp","href":"https:\/\/api.w.org\/{rel}","templated":true}]}}