{"id":3823,"date":"2021-11-25T12:41:40","date_gmt":"2021-11-25T09:41:40","guid":{"rendered":"https:\/\/hepsor.ee\/investorile_new\/"},"modified":"2025-10-09T15:38:18","modified_gmt":"2025-10-09T12:38:18","slug":"stock","status":"publish","type":"page","link":"https:\/\/hepsor.ee\/en\/for-investors\/stock\/","title":{"rendered":"Stocks"},"content":{"rendered":"\n<div id=\"stock-header-block-block_97ea565f74bab9ebb666d56d806d57a9\" class=\"stock-header-block\">\n    <div class=\"container\">\n        <div class=\"row\">\n                            <div class=\"text_container\">\n                    <h1>Be part of the growth and success of one of the largest real estate developers in Estonia!<\/h1>\n                <\/div>\n                        <div class=\"col col-12 image-wrap\">\n                                    <img decoding=\"async\" src=\"https:\/\/hepsor.ee\/wp-content\/uploads\/2021\/11\/Hepsor-MarketSite-scaled.jpg\" class=\"header-image\"><\/img>\n                            <\/div>\n\n            \n                    <\/div>\n    <\/div>\n<\/div>\n\n\n\t<div id=\"stock-preview-block-block_ce9c578d10f61c6eabaf7a2629f4ac84\" class=\"stock-preview-block\">\n\t\t<div class=\"container\">\n\t\t\t<div class=\"row\">\n                                    <div class=\"col col-12 col-md-3 stock\">\n                        <span class=\"title\">Hepsor Stock<\/span>\n                        <div class=\"wrap\"><\/div>\n                    <\/div>\n                                                    <div class=\"col col-12 col-md-4 calendar\">\n                        <span class=\"title\">Investor Calendar<\/span>\n                        \t\t\t\t\t\t\t<ul class=\"calendar\">\n\t\t\t\t\t\t\t\t                                                                        <li class=\"d-flex flex-column\">\n                                        <span class=\"date\">24.04.2026<\/span>\n                                        <!-- <a href=\"\" target=\"_blank\" class=\"item\">Audited annual report for 2025<\/a> -->\n                                        <span class=\"item\">Audited annual report for 2025<\/span>\n                                    <\/li>\n\t\t\t\t\t\t\t\t                                                                        <li class=\"d-flex flex-column\">\n                                        <span class=\"date\">29.04.2026<\/span>\n                                        <!-- <a href=\"\" target=\"_blank\" class=\"item\">Unaudited interim report for Q1 2026<\/a> -->\n                                        <span class=\"item\">Unaudited interim report for Q1 2026<\/span>\n                                    <\/li>\n\t\t\t\t\t\t\t\t\t\t\t\t\t\t\t<\/ul>\n\t\t\t\t\t\t                                                    <a href=\"https:\/\/hepsor.ee\/en\/for-investors\/stock\/investor-calendar\/\" class=\"btn arrow\">More<\/a>\n                                            <\/div>\n                                                    <div class=\"col col-12 col-md-4 stock-news\">\n                        <span class=\"title\">Stock News<\/span>\n                        \t\t\t\t\t\t\t<ul class=\"articles\">\n\t\t\t\t\t\t\t\t                                                                            <li class=\"d-flex flex-column\">\n                                            <span class=\"date\">18.02.2026<\/span>\n                                            <a href=\"https:\/\/view.news.eu.nasdaq.com\/view?id=1420850&#038;lang=en\" target=\"_blank\" class=\"item\">Hepsor AS consolidated unaudited interim report for Q4 2025 and twelve months<\/a>\n                                        <\/li>\n                                    \t\t\t\t\t\t\t\t                                                                            <li class=\"d-flex flex-column\">\n                                            <span class=\"date\">31.12.2025<\/span>\n                                            <a href=\"https:\/\/view.news.eu.nasdaq.com\/view?id=1408734&#038;lang=en\" target=\"_blank\" class=\"item\">SIA Hepsor E18, a subsidiary of Hepsor AS Group, enters into a construction contract for the residential development project \u201c\u0136ir\u0161u kalna m\u0101jas\u201d in Riga<\/a>\n                                        <\/li>\n                                    \t\t\t\t\t\t\t\t\t\t\t\t\t\t\t<\/ul>\n\t\t\t\t\t\t                                                    <a href=\"https:\/\/hepsor.ee\/en\/for-investors\/stock-news\/\" class=\"btn arrow\">More<\/a>\n                                            <\/div>\n                \t\t\t<\/div>\n\t\t<\/div>\n\t<\/div>\n\n\n\n<div id=\"stock-info-block-block_09d181da51ed3d73dd3b3112a11081d3\" class=\"stock-info-block\">\n    <div class=\"container\">\n        <div class=\"row\">\n                            <div class=\"col col-12\">\n                    <h2 class=\"block-title\">Issuer`s information<\/h2>\n                <\/div>\n                                        <ul>\n                                            <li class=\"row\">\n                            <span class=\"col col-6 name\" style=\"max-width:300px\">Issuer<\/span>\n                            <span class=\"col col-6 content\">Hepsor AS<\/span>\n                        <\/li>\n                                            <li class=\"row\">\n                            <span class=\"col col-6 name\" style=\"max-width:300px\">Name of security<\/span>\n                            <span class=\"col col-6 content\">share of Hepsor AS<\/span>\n                        <\/li>\n                                            <li class=\"row\">\n                            <span class=\"col col-6 name\" style=\"max-width:300px\">Ticker<\/span>\n                            <span class=\"col col-6 content\">HPR1T<\/span>\n                        <\/li>\n                                            <li class=\"row\">\n                            <span class=\"col col-6 name\" style=\"max-width:300px\">ISIN<\/span>\n                            <span class=\"col col-6 content\">EE231242423<\/span>\n                        <\/li>\n                                            <li class=\"row\">\n                            <span class=\"col col-6 name\" style=\"max-width:300px\">Issuer`s residence<\/span>\n                            <span class=\"col col-6 content\">Estonia<\/span>\n                        <\/li>\n                                            <li class=\"row\">\n                            <span class=\"col col-6 name\" style=\"max-width:300px\">Nominal value<\/span>\n                            <span class=\"col col-6 content\">1 EUR<\/span>\n                        <\/li>\n                                            <li class=\"row\">\n                            <span class=\"col col-6 name\" style=\"max-width:300px\">Market<\/span>\n                            <span class=\"col col-6 content\">Nasdaq Tallinn, Baltic Main List<\/span>\n                        <\/li>\n                                            <li class=\"row\">\n                            <span class=\"col col-6 name\" style=\"max-width:300px\">Industry<\/span>\n                            <span class=\"col col-6 content\">Real estate developer<\/span>\n                        <\/li>\n                                            <li class=\"row\">\n                            <span class=\"col col-6 name\" style=\"max-width:300px\">Total number of securities<\/span>\n                            <span class=\"col col-6 content\">3 912 522<\/span>\n                        <\/li>\n                                            <li class=\"row\">\n                            <span class=\"col col-6 name\" style=\"max-width:300px\">Number of listed securities<\/span>\n                            <span class=\"col col-6 content\">3 912 522<\/span>\n                        <\/li>\n                                            <li class=\"row\">\n                            <span class=\"col col-6 name\" style=\"max-width:300px\">Currency<\/span>\n                            <span class=\"col col-6 content\">EUR<\/span>\n                        <\/li>\n                                            <li class=\"row\">\n                            <span class=\"col col-6 name\" style=\"max-width:300px\">Listing date<\/span>\n                            <span class=\"col col-6 content\">26.11.2021<\/span>\n                        <\/li>\n                                    <\/ul>\n                    <\/div>\n                    <a href=\"https:\/\/nasdaqbaltic.com\/statistics\/en\/instrument\/EE3100082306\/trading\" target=\"_blank\" class=\"stock-info-btn btn blue white-arrow d-inline-block\">Hepsor Tallinn Nasdaq market<\/a>\n            <\/div>\n<\/div>\n\n\t<div id=\"icon-text-block-block_6d92a8ec438781510dcbed7b72fdda82\" class=\"icon-text-block\">\n\t\t<div class=\"container d-flex flex-column\">\n\t\t\t<div class=\"row\">\n\t\t\t\t\t\t\t\t\t\t\t\t\t\t<div class=\"col col-12 col-sm-4 column\">\n\t\t\t\t\t\t<div class=\"icon_container\">\n\t\t\t\t\t\t\t<img loading=\"lazy\" decoding=\"async\" src=\"https:\/\/hepsor.ee\/wp-content\/uploads\/2021\/10\/Group-24.svg\" width=\"69\" height=\"70\" alt=\"\" \/>\n\t\t\t\t\t\t<\/div>\n\t\t\t\t\t\t<div class=\"text\">\n\t\t\t\t\t\t\t<p class=\"col_title\">A substantial developer with a good reputation and a long history<\/p>\n\t\t\t\t\t\t\t\t\t\t\t\t\t\t\t<p>In ten years of operation, Hepsor has become a trusted and preferred partner. In 2020, we were the second largest residential real estate developer in Estonia.<\/p>\n\t\t\t\t\t\t\t\t\t\t\t\t\t<\/div>\n\t\t\t\t\t<\/div>\n\t\t\t\t\t\t\t\t\t\t\t\t\t\t<div class=\"col col-12 col-sm-4 column\">\n\t\t\t\t\t\t<div class=\"icon_container\">\n\t\t\t\t\t\t\t<img loading=\"lazy\" decoding=\"async\" src=\"https:\/\/hepsor.ee\/wp-content\/uploads\/2021\/11\/Group.svg\" width=\"64\" height=\"70\" alt=\"\" \/>\n\t\t\t\t\t\t<\/div>\n\t\t\t\t\t\t<div class=\"text\">\n\t\t\t\t\t\t\t<p class=\"col_title\">We develop homes as well as commercial premises<\/p>\n\t\t\t\t\t\t\t\t\t\t\t\t\t\t\t<p>We have built more than 1,400 homes and over 23,000 m\u00b2 of commercial space.<\/p>\n\t\t\t\t\t\t\t\t\t\t\t\t\t<\/div>\n\t\t\t\t\t<\/div>\n\t\t\t\t\t\t\t\t\t\t\t\t\t\t<div class=\"col col-12 col-sm-4 column\">\n\t\t\t\t\t\t<div class=\"icon_container\">\n\t\t\t\t\t\t\t<img loading=\"lazy\" decoding=\"async\" src=\"https:\/\/hepsor.ee\/wp-content\/uploads\/2021\/10\/Path-12.svg\" width=\"64\" height=\"70\" alt=\"\" \/>\n\t\t\t\t\t\t<\/div>\n\t\t\t\t\t\t<div class=\"text\">\n\t\t\t\t\t\t\t<p class=\"col_title\">Skilled engineers and green thinking<\/p>\n\t\t\t\t\t\t\t\t\t\t\t\t\t\t\t<p>We have been the first developer in the Baltics to implement several innovative engineering and technical solutions that make the buildings we construct more energy-efficient and thus more environmentally friendly. Green thinking and innovation are essential elements of our work and come naturally to us.<\/p>\n\t\t\t\t\t\t\t\t\t\t\t\t\t<\/div>\n\t\t\t\t\t<\/div>\n\t\t\t\t\t\t\t<\/div>\n\t\t\t\t\t\t\t<a href=\"https:\/\/hepsor.ee\/en\/about-the-company\/about-us\/\" class=\"btn\">Read more about Hepsor<\/a>\n\t\t\t\t\t<\/div>\n\t<\/div>\n\n\n\n    <div id=\"image-text-block-block_af476a9cbaaad82714856b0ba15be107\" class=\"image-text-block\">\n        <div class=\"container\">\n            <div class=\"row\">\n                                                        <div class=\"col col-12 col-lg-4 fade-in-up\">\n                        <div class=\"image d-flex justify-content-left\">\n                            <img loading=\"lazy\" decoding=\"async\" src=\"https:\/\/hepsor.ee\/wp-content\/uploads\/2021\/10\/Group-Copy.jpg\" width=\"1956\" height=\"1203\" alt=\"\" \/>\n                        <\/div>\n                        <div class=\"text\">\n                            <h2>Ambitious growth plan<\/h2>\n<p>Our goal is to develop more homes and commercial premises in the next five years than we have done in the past ten.<\/p>\n                        <\/div>\n                    <\/div>\n                                                        <div class=\"col col-12 col-lg-4 fade-in-up\">\n                        <div class=\"image d-flex justify-content-left\">\n                            <img loading=\"lazy\" decoding=\"async\" src=\"https:\/\/hepsor.ee\/wp-content\/uploads\/2021\/10\/Group-Copy-3.jpg\" width=\"1956\" height=\"1203\" alt=\"\" \/>\n                        <\/div>\n                        <div class=\"text\">\n                            <h2>Outstanding development portfolio<\/h2>\n<p>Some of the more significant developments in our portfolio include the Manufaktuuri quarter and a large residential development area around the proposed new hospital in Lasnam\u00e4e, Tallinn, office-warehouse type developments and the Krasta City business district in Riga.<\/p>\n                        <\/div>\n                    <\/div>\n                                                        <div class=\"col col-12 col-lg-4 fade-in-up\">\n                        <div class=\"image d-flex justify-content-left\">\n                            <img loading=\"lazy\" decoding=\"async\" src=\"https:\/\/hepsor.ee\/wp-content\/uploads\/2021\/11\/Group-Copy-4.jpg\" width=\"1956\" height=\"1203\" alt=\"\" \/>\n                        <\/div>\n                        <div class=\"text\">\n                            <h2>Innovation and green thinking<\/h2>\n<p>We aspire to work in new ways, seeking and implementing innovative solutions while keeping one step ahead of overall market developments.<\/p>\n                        <\/div>\n                    <\/div>\n                            <\/div>\n        <\/div>\n    <\/div>\n","protected":false},"excerpt":{"rendered":"","protected":false},"author":1,"featured_media":0,"parent":4494,"menu_order":1,"comment_status":"closed","ping_status":"closed","template":"page-templates\/template-default-sidebar.php","meta":{"_acf_changed":false,"footnotes":""},"class_list":["post-3823","page","type-page","status-publish","hentry"],"acf":[],"yoast_head":"<!-- This site is optimized with the Yoast SEO plugin v27.0 - https:\/\/yoast.com\/product\/yoast-seo-wordpress\/ -->\n<title>Stocks - Hepsor<\/title>\n<meta name=\"robots\" content=\"index, follow, max-snippet:-1, max-image-preview:large, max-video-preview:-1\" \/>\n<link rel=\"canonical\" href=\"https:\/\/hepsor.ee\/en\/for-investors\/stock\/\" \/>\n<meta property=\"og:locale\" content=\"en_US\" \/>\n<meta property=\"og:type\" content=\"article\" \/>\n<meta property=\"og:title\" content=\"Stocks - Hepsor\" \/>\n<meta property=\"og:url\" content=\"https:\/\/hepsor.ee\/en\/for-investors\/stock\/\" \/>\n<meta property=\"og:site_name\" content=\"Hepsor\" \/>\n<meta property=\"article:modified_time\" content=\"2025-10-09T12:38:18+00:00\" \/>\n<meta name=\"twitter:card\" content=\"summary_large_image\" \/>\n<script type=\"application\/ld+json\" class=\"yoast-schema-graph\">{\"@context\":\"https:\/\/schema.org\",\"@graph\":[{\"@type\":\"WebPage\",\"@id\":\"https:\/\/hepsor.ee\/en\/for-investors\/stock\/\",\"url\":\"https:\/\/hepsor.ee\/en\/for-investors\/stock\/\",\"name\":\"Stocks - Hepsor\",\"isPartOf\":{\"@id\":\"https:\/\/hepsor.ee\/en\/#website\"},\"datePublished\":\"2021-11-25T09:41:40+00:00\",\"dateModified\":\"2025-10-09T12:38:18+00:00\",\"breadcrumb\":{\"@id\":\"https:\/\/hepsor.ee\/en\/for-investors\/stock\/#breadcrumb\"},\"inLanguage\":\"en-US\",\"potentialAction\":[{\"@type\":\"ReadAction\",\"target\":[\"https:\/\/hepsor.ee\/en\/for-investors\/stock\/\"]}]},{\"@type\":\"BreadcrumbList\",\"@id\":\"https:\/\/hepsor.ee\/en\/for-investors\/stock\/#breadcrumb\",\"itemListElement\":[{\"@type\":\"ListItem\",\"position\":1,\"name\":\"For Investors\",\"item\":\"https:\/\/hepsor.ee\/en\/for-investors\/\"},{\"@type\":\"ListItem\",\"position\":2,\"name\":\"Stocks\"}]},{\"@type\":\"WebSite\",\"@id\":\"https:\/\/hepsor.ee\/en\/#website\",\"url\":\"https:\/\/hepsor.ee\/en\/\",\"name\":\"Hepsor\",\"description\":\"\",\"publisher\":{\"@id\":\"https:\/\/hepsor.ee\/en\/#organization\"},\"potentialAction\":[{\"@type\":\"SearchAction\",\"target\":{\"@type\":\"EntryPoint\",\"urlTemplate\":\"https:\/\/hepsor.ee\/en\/?s={search_term_string}\"},\"query-input\":{\"@type\":\"PropertyValueSpecification\",\"valueRequired\":true,\"valueName\":\"search_term_string\"}}],\"inLanguage\":\"en-US\"},{\"@type\":\"Organization\",\"@id\":\"https:\/\/hepsor.ee\/en\/#organization\",\"name\":\"Hepsor\",\"url\":\"https:\/\/hepsor.ee\/en\/\",\"logo\":{\"@type\":\"ImageObject\",\"inLanguage\":\"en-US\",\"@id\":\"https:\/\/hepsor.ee\/en\/#\/schema\/logo\/image\/\",\"url\":\"https:\/\/hepsor.ee\/wp-content\/uploads\/2021\/08\/hepsor_logo.svg\",\"contentUrl\":\"https:\/\/hepsor.ee\/wp-content\/uploads\/2021\/08\/hepsor_logo.svg\",\"width\":98,\"height\":31,\"caption\":\"Hepsor\"},\"image\":{\"@id\":\"https:\/\/hepsor.ee\/en\/#\/schema\/logo\/image\/\"}}]}<\/script>\n<!-- \/ Yoast SEO plugin. -->","yoast_head_json":{"title":"Stocks - Hepsor","robots":{"index":"index","follow":"follow","max-snippet":"max-snippet:-1","max-image-preview":"max-image-preview:large","max-video-preview":"max-video-preview:-1"},"canonical":"https:\/\/hepsor.ee\/en\/for-investors\/stock\/","og_locale":"en_US","og_type":"article","og_title":"Stocks - Hepsor","og_url":"https:\/\/hepsor.ee\/en\/for-investors\/stock\/","og_site_name":"Hepsor","article_modified_time":"2025-10-09T12:38:18+00:00","twitter_card":"summary_large_image","schema":{"@context":"https:\/\/schema.org","@graph":[{"@type":"WebPage","@id":"https:\/\/hepsor.ee\/en\/for-investors\/stock\/","url":"https:\/\/hepsor.ee\/en\/for-investors\/stock\/","name":"Stocks - Hepsor","isPartOf":{"@id":"https:\/\/hepsor.ee\/en\/#website"},"datePublished":"2021-11-25T09:41:40+00:00","dateModified":"2025-10-09T12:38:18+00:00","breadcrumb":{"@id":"https:\/\/hepsor.ee\/en\/for-investors\/stock\/#breadcrumb"},"inLanguage":"en-US","potentialAction":[{"@type":"ReadAction","target":["https:\/\/hepsor.ee\/en\/for-investors\/stock\/"]}]},{"@type":"BreadcrumbList","@id":"https:\/\/hepsor.ee\/en\/for-investors\/stock\/#breadcrumb","itemListElement":[{"@type":"ListItem","position":1,"name":"For Investors","item":"https:\/\/hepsor.ee\/en\/for-investors\/"},{"@type":"ListItem","position":2,"name":"Stocks"}]},{"@type":"WebSite","@id":"https:\/\/hepsor.ee\/en\/#website","url":"https:\/\/hepsor.ee\/en\/","name":"Hepsor","description":"","publisher":{"@id":"https:\/\/hepsor.ee\/en\/#organization"},"potentialAction":[{"@type":"SearchAction","target":{"@type":"EntryPoint","urlTemplate":"https:\/\/hepsor.ee\/en\/?s={search_term_string}"},"query-input":{"@type":"PropertyValueSpecification","valueRequired":true,"valueName":"search_term_string"}}],"inLanguage":"en-US"},{"@type":"Organization","@id":"https:\/\/hepsor.ee\/en\/#organization","name":"Hepsor","url":"https:\/\/hepsor.ee\/en\/","logo":{"@type":"ImageObject","inLanguage":"en-US","@id":"https:\/\/hepsor.ee\/en\/#\/schema\/logo\/image\/","url":"https:\/\/hepsor.ee\/wp-content\/uploads\/2021\/08\/hepsor_logo.svg","contentUrl":"https:\/\/hepsor.ee\/wp-content\/uploads\/2021\/08\/hepsor_logo.svg","width":98,"height":31,"caption":"Hepsor"},"image":{"@id":"https:\/\/hepsor.ee\/en\/#\/schema\/logo\/image\/"}}]}},"_links":{"self":[{"href":"https:\/\/hepsor.ee\/en\/wp-json\/wp\/v2\/pages\/3823","targetHints":{"allow":["GET"]}}],"collection":[{"href":"https:\/\/hepsor.ee\/en\/wp-json\/wp\/v2\/pages"}],"about":[{"href":"https:\/\/hepsor.ee\/en\/wp-json\/wp\/v2\/types\/page"}],"author":[{"embeddable":true,"href":"https:\/\/hepsor.ee\/en\/wp-json\/wp\/v2\/users\/1"}],"replies":[{"embeddable":true,"href":"https:\/\/hepsor.ee\/en\/wp-json\/wp\/v2\/comments?post=3823"}],"version-history":[{"count":42,"href":"https:\/\/hepsor.ee\/en\/wp-json\/wp\/v2\/pages\/3823\/revisions"}],"predecessor-version":[{"id":11082,"href":"https:\/\/hepsor.ee\/en\/wp-json\/wp\/v2\/pages\/3823\/revisions\/11082"}],"up":[{"embeddable":true,"href":"https:\/\/hepsor.ee\/en\/wp-json\/wp\/v2\/pages\/4494"}],"wp:attachment":[{"href":"https:\/\/hepsor.ee\/en\/wp-json\/wp\/v2\/media?parent=3823"}],"curies":[{"name":"wp","href":"https:\/\/api.w.org\/{rel}","templated":true}]}}