{"id":10593,"date":"2025-06-05T13:53:42","date_gmt":"2025-06-05T10:53:42","guid":{"rendered":"https:\/\/hepsor.ee\/?page_id=10593"},"modified":"2025-06-13T13:42:53","modified_gmt":"2025-06-13T10:42:53","slug":"notice-on-the-adoption-of-resolutions-of-the-general-meeting-of-hepsor-as-without-convening-the-meeting2","status":"publish","type":"page","link":"https:\/\/hepsor.ee\/en\/for-investors\/corporate-governance\/general-meeting\/notice-on-the-adoption-of-resolutions-of-the-general-meeting-of-hepsor-as-without-convening-the-meeting2\/","title":{"rendered":"Resolutions of the shareholders of Hepsor AS &#8211; adoption of resolutions of the general meeting without calling a meeting"},"content":{"rendered":"\n<p>The management board of&nbsp;<strong>Hepsor AS<\/strong>, registry code 12099216 (hereinafter the&nbsp;<strong>Company<\/strong>) published on 5 June 2025 pursuant to \u00a7&nbsp;299<sup>1<\/sup>&nbsp;subsections 1, 2 and 3 of the Commercial Code the draft resolutions for the adoption of shareholders\u2019 resolutions without calling a meeting.<\/p>\n\n\n\n<p>The list of shareholders entitled to vote was determined as at seven days before the voting term, i.e. on 5 June 2025 at the end of the business day of the settlement system of Nasdaq CSD Estonia. The Company has a total of 9,142 shareholders, who own a total of 3,854,701 shares.&nbsp;<\/p>\n\n\n\n<p>The deadline for shareholders to submit their positions was on 12 June 2025 at 23:59 Estonian time. Six shareholders of the Company submitted their vote, whose shares represent in total 2,978,700 votes, that forms 77.27% of all votes determined by shares.&nbsp;<\/p>\n\n\n\n<p>The shareholders of the Company adopted the following resolutions<\/p>\n\n\n\n<ol class=\"wp-block-list\">\n<li><strong>Approval of the acquisition of a minority shareholding in Hepsor Latvia O\u00dc<\/strong><\/li>\n<\/ol>\n\n\n\n<p>To approve the transaction whereby the Company acquires the share of Hepsor Latvia O\u00dc from Hugomon O\u00dc, which represents 20% of the share capital of Hepsor Latvia O\u00dc, on the following main terms and conditions:<\/p>\n\n\n\n<ol class=\"wp-block-list\">\n<li>The Company will pay 20,000 euros in cash to Hugomon O\u00dc for the share of Hepsor Latvia O\u00dc and will issue 57,821 shares of the Company to Hugomon O\u00dc, whereas upon the issue of the Company&#8217;s shares, Hugomon O\u00dc will pay for the shares with the share of Hepsor Latvia O\u00dc as a non-monetary contribution;<\/li>\n\n\n\n<li>By amending the articles of association, the Supervisory Board of the Company is given the right to increase the share capital of the Company and to issue new shares to Hugomon O\u00dc;<\/li>\n\n\n\n<li>The subscription right for the new shares will be given to Hugomon O\u00dc and the pre-emptive subscription right of the existing shareholders will be excluded.<\/li>\n<\/ol>\n\n\n\n<p>2,978,700 votes were in favour of the resolution i.e. 77.27% of all votes represented by shares, 876,001 votes opposed or did not vote i.e. 22.73% of all votes represented by shares. Thus, the resolution has been adopted in the wording above.<\/p>\n\n\n\n<ol class=\"wp-block-list\">\n<li><strong>Amendment of the articles of association<\/strong><\/li>\n<\/ol>\n\n\n\n<p>To amend the articles of association of the Company and adopt the articles of association of the Company in the new wording, in the form presented to the general meeting.<\/p>\n\n\n\n<p>2,978,700 votes were in favour of the resolution i.e. 77.27% of all votes represented by shares, 876,001 votes opposed or did not vote i.e. 22.73% of all votes represented by shares. Thus, the resolution has been adopted in the wording above.<\/p>\n\n\n\n<ol class=\"wp-block-list\">\n<li><strong>Exclusion of pre-emptive subscription rights<\/strong><\/li>\n<\/ol>\n\n\n\n<p>To exclude the Company&#8217;s shareholders&#8217; pre-emptive subscription rights upon the increase of the share capital and the issuance of 57,821 new shares in connection with the acquisition of the share of Hepsor Latvia O\u00dc from Hugomon O\u00dc.<\/p>\n\n\n\n<p>2,978,700 votes were in favour of the resolution i.e. 77.27% of all votes represented by shares, 876,001 votes opposed or did not vote i.e. 22.73% of all votes represented by shares. Thus, the resolution has been adopted in the wording above.<\/p>\n\n\n\n<p>Additional information:<\/p>\n\n\n\n<p>Henri Laks<br>Member of the management board<br>Tel: +372 5693 9114<br>E-mail:&nbsp;<a href=\"https:\/\/www.globenewswire.com\/Tracker?data=_OqwlMn_eWPA6vYbtfw8wIODXuT8Bi-sKrjLr91aEhm8ApqZiZVUVlBju3UaqH2dTel6KXhRhjqRfd5m4SxiCfPcOy8mfC2GydwEWk1iPtQ=\" rel=\"noreferrer noopener\" target=\"_blank\">henri@hepsor.ee<\/a><\/p>\n\n\n\n<p><\/p>\n","protected":false},"excerpt":{"rendered":"The management board of&nbsp;Hepsor AS, registry code 12099216 (hereinafter the&nbsp;Company) published on 5 June 2025 pursuant to \u00a7&nbsp;2991&nbsp;subsections 1, 2 and 3 of the Commercial Code the draft resolutions for the adoption of shareholders\u2019 resolutions without calling a meeting. The list of shareholders entitled to vote was determined as at seven days before the voting [&hellip;]","protected":false},"author":6,"featured_media":0,"parent":4373,"menu_order":38,"comment_status":"closed","ping_status":"closed","template":"page-templates\/template-double-sidebar.php","meta":{"_acf_changed":false,"footnotes":""},"class_list":["post-10593","page","type-page","status-publish","hentry"],"acf":[],"yoast_head":"<!-- This site is optimized with the Yoast SEO plugin v27.0 - https:\/\/yoast.com\/product\/yoast-seo-wordpress\/ -->\n<title>Resolutions of the shareholders of Hepsor AS - adoption of resolutions of the general meeting without calling a meeting - Hepsor<\/title>\n<meta name=\"robots\" content=\"index, follow, max-snippet:-1, max-image-preview:large, max-video-preview:-1\" \/>\n<link rel=\"canonical\" href=\"https:\/\/hepsor.ee\/en\/for-investors\/corporate-governance\/general-meeting\/notice-on-the-adoption-of-resolutions-of-the-general-meeting-of-hepsor-as-without-convening-the-meeting2\/\" \/>\n<meta property=\"og:locale\" content=\"en_US\" \/>\n<meta property=\"og:type\" content=\"article\" \/>\n<meta property=\"og:title\" content=\"Resolutions of the shareholders of Hepsor AS - adoption of resolutions of the general meeting without calling a meeting - Hepsor\" \/>\n<meta property=\"og:description\" content=\"The management board of&nbsp;Hepsor AS, registry code 12099216 (hereinafter the&nbsp;Company) published on 5 June 2025 pursuant to \u00a7&nbsp;2991&nbsp;subsections 1, 2 and 3 of the Commercial Code the draft resolutions for the adoption of shareholders\u2019 resolutions without calling a meeting. The list of shareholders entitled to vote was determined as at seven days before the voting [&hellip;]\" \/>\n<meta property=\"og:url\" content=\"https:\/\/hepsor.ee\/en\/for-investors\/corporate-governance\/general-meeting\/notice-on-the-adoption-of-resolutions-of-the-general-meeting-of-hepsor-as-without-convening-the-meeting2\/\" \/>\n<meta property=\"og:site_name\" content=\"Hepsor\" \/>\n<meta property=\"article:modified_time\" content=\"2025-06-13T10:42:53+00:00\" \/>\n<meta name=\"twitter:card\" content=\"summary_large_image\" \/>\n<meta name=\"twitter:label1\" content=\"Est. reading time\" \/>\n\t<meta name=\"twitter:data1\" content=\"2 minutes\" \/>\n<script type=\"application\/ld+json\" class=\"yoast-schema-graph\">{\"@context\":\"https:\/\/schema.org\",\"@graph\":[{\"@type\":\"WebPage\",\"@id\":\"https:\/\/hepsor.ee\/en\/for-investors\/corporate-governance\/general-meeting\/notice-on-the-adoption-of-resolutions-of-the-general-meeting-of-hepsor-as-without-convening-the-meeting2\/\",\"url\":\"https:\/\/hepsor.ee\/en\/for-investors\/corporate-governance\/general-meeting\/notice-on-the-adoption-of-resolutions-of-the-general-meeting-of-hepsor-as-without-convening-the-meeting2\/\",\"name\":\"Resolutions of the shareholders of Hepsor AS - adoption of resolutions of the general meeting without calling a meeting - Hepsor\",\"isPartOf\":{\"@id\":\"https:\/\/hepsor.ee\/en\/#website\"},\"datePublished\":\"2025-06-05T10:53:42+00:00\",\"dateModified\":\"2025-06-13T10:42:53+00:00\",\"breadcrumb\":{\"@id\":\"https:\/\/hepsor.ee\/en\/for-investors\/corporate-governance\/general-meeting\/notice-on-the-adoption-of-resolutions-of-the-general-meeting-of-hepsor-as-without-convening-the-meeting2\/#breadcrumb\"},\"inLanguage\":\"en-US\",\"potentialAction\":[{\"@type\":\"ReadAction\",\"target\":[\"https:\/\/hepsor.ee\/en\/for-investors\/corporate-governance\/general-meeting\/notice-on-the-adoption-of-resolutions-of-the-general-meeting-of-hepsor-as-without-convening-the-meeting2\/\"]}]},{\"@type\":\"BreadcrumbList\",\"@id\":\"https:\/\/hepsor.ee\/en\/for-investors\/corporate-governance\/general-meeting\/notice-on-the-adoption-of-resolutions-of-the-general-meeting-of-hepsor-as-without-convening-the-meeting2\/#breadcrumb\",\"itemListElement\":[{\"@type\":\"ListItem\",\"position\":1,\"name\":\"For Investors\",\"item\":\"https:\/\/hepsor.ee\/en\/for-investors\/\"},{\"@type\":\"ListItem\",\"position\":2,\"name\":\"Corporate Governance\",\"item\":\"https:\/\/hepsor.ee\/en\/for-investors\/corporate-governance\/\"},{\"@type\":\"ListItem\",\"position\":3,\"name\":\"General Meeting\",\"item\":\"https:\/\/hepsor.ee\/en\/for-investors\/corporate-governance\/general-meeting\/\"},{\"@type\":\"ListItem\",\"position\":4,\"name\":\"Resolutions of the shareholders of Hepsor AS &#8211; adoption of resolutions of the general meeting without calling a meeting\"}]},{\"@type\":\"WebSite\",\"@id\":\"https:\/\/hepsor.ee\/en\/#website\",\"url\":\"https:\/\/hepsor.ee\/en\/\",\"name\":\"Hepsor\",\"description\":\"\",\"publisher\":{\"@id\":\"https:\/\/hepsor.ee\/en\/#organization\"},\"potentialAction\":[{\"@type\":\"SearchAction\",\"target\":{\"@type\":\"EntryPoint\",\"urlTemplate\":\"https:\/\/hepsor.ee\/en\/?s={search_term_string}\"},\"query-input\":{\"@type\":\"PropertyValueSpecification\",\"valueRequired\":true,\"valueName\":\"search_term_string\"}}],\"inLanguage\":\"en-US\"},{\"@type\":\"Organization\",\"@id\":\"https:\/\/hepsor.ee\/en\/#organization\",\"name\":\"Hepsor\",\"url\":\"https:\/\/hepsor.ee\/en\/\",\"logo\":{\"@type\":\"ImageObject\",\"inLanguage\":\"en-US\",\"@id\":\"https:\/\/hepsor.ee\/en\/#\/schema\/logo\/image\/\",\"url\":\"https:\/\/hepsor.ee\/wp-content\/uploads\/2021\/08\/hepsor_logo.svg\",\"contentUrl\":\"https:\/\/hepsor.ee\/wp-content\/uploads\/2021\/08\/hepsor_logo.svg\",\"width\":98,\"height\":31,\"caption\":\"Hepsor\"},\"image\":{\"@id\":\"https:\/\/hepsor.ee\/en\/#\/schema\/logo\/image\/\"}}]}<\/script>\n<!-- \/ Yoast SEO plugin. -->","yoast_head_json":{"title":"Resolutions of the shareholders of Hepsor AS - adoption of resolutions of the general meeting without calling a meeting - Hepsor","robots":{"index":"index","follow":"follow","max-snippet":"max-snippet:-1","max-image-preview":"max-image-preview:large","max-video-preview":"max-video-preview:-1"},"canonical":"https:\/\/hepsor.ee\/en\/for-investors\/corporate-governance\/general-meeting\/notice-on-the-adoption-of-resolutions-of-the-general-meeting-of-hepsor-as-without-convening-the-meeting2\/","og_locale":"en_US","og_type":"article","og_title":"Resolutions of the shareholders of Hepsor AS - adoption of resolutions of the general meeting without calling a meeting - Hepsor","og_description":"The management board of&nbsp;Hepsor AS, registry code 12099216 (hereinafter the&nbsp;Company) published on 5 June 2025 pursuant to \u00a7&nbsp;2991&nbsp;subsections 1, 2 and 3 of the Commercial Code the draft resolutions for the adoption of shareholders\u2019 resolutions without calling a meeting. The list of shareholders entitled to vote was determined as at seven days before the voting [&hellip;]","og_url":"https:\/\/hepsor.ee\/en\/for-investors\/corporate-governance\/general-meeting\/notice-on-the-adoption-of-resolutions-of-the-general-meeting-of-hepsor-as-without-convening-the-meeting2\/","og_site_name":"Hepsor","article_modified_time":"2025-06-13T10:42:53+00:00","twitter_card":"summary_large_image","twitter_misc":{"Est. reading time":"2 minutes"},"schema":{"@context":"https:\/\/schema.org","@graph":[{"@type":"WebPage","@id":"https:\/\/hepsor.ee\/en\/for-investors\/corporate-governance\/general-meeting\/notice-on-the-adoption-of-resolutions-of-the-general-meeting-of-hepsor-as-without-convening-the-meeting2\/","url":"https:\/\/hepsor.ee\/en\/for-investors\/corporate-governance\/general-meeting\/notice-on-the-adoption-of-resolutions-of-the-general-meeting-of-hepsor-as-without-convening-the-meeting2\/","name":"Resolutions of the shareholders of Hepsor AS - adoption of resolutions of the general meeting without calling a meeting - Hepsor","isPartOf":{"@id":"https:\/\/hepsor.ee\/en\/#website"},"datePublished":"2025-06-05T10:53:42+00:00","dateModified":"2025-06-13T10:42:53+00:00","breadcrumb":{"@id":"https:\/\/hepsor.ee\/en\/for-investors\/corporate-governance\/general-meeting\/notice-on-the-adoption-of-resolutions-of-the-general-meeting-of-hepsor-as-without-convening-the-meeting2\/#breadcrumb"},"inLanguage":"en-US","potentialAction":[{"@type":"ReadAction","target":["https:\/\/hepsor.ee\/en\/for-investors\/corporate-governance\/general-meeting\/notice-on-the-adoption-of-resolutions-of-the-general-meeting-of-hepsor-as-without-convening-the-meeting2\/"]}]},{"@type":"BreadcrumbList","@id":"https:\/\/hepsor.ee\/en\/for-investors\/corporate-governance\/general-meeting\/notice-on-the-adoption-of-resolutions-of-the-general-meeting-of-hepsor-as-without-convening-the-meeting2\/#breadcrumb","itemListElement":[{"@type":"ListItem","position":1,"name":"For Investors","item":"https:\/\/hepsor.ee\/en\/for-investors\/"},{"@type":"ListItem","position":2,"name":"Corporate Governance","item":"https:\/\/hepsor.ee\/en\/for-investors\/corporate-governance\/"},{"@type":"ListItem","position":3,"name":"General Meeting","item":"https:\/\/hepsor.ee\/en\/for-investors\/corporate-governance\/general-meeting\/"},{"@type":"ListItem","position":4,"name":"Resolutions of the shareholders of Hepsor AS &#8211; adoption of resolutions of the general meeting without calling a meeting"}]},{"@type":"WebSite","@id":"https:\/\/hepsor.ee\/en\/#website","url":"https:\/\/hepsor.ee\/en\/","name":"Hepsor","description":"","publisher":{"@id":"https:\/\/hepsor.ee\/en\/#organization"},"potentialAction":[{"@type":"SearchAction","target":{"@type":"EntryPoint","urlTemplate":"https:\/\/hepsor.ee\/en\/?s={search_term_string}"},"query-input":{"@type":"PropertyValueSpecification","valueRequired":true,"valueName":"search_term_string"}}],"inLanguage":"en-US"},{"@type":"Organization","@id":"https:\/\/hepsor.ee\/en\/#organization","name":"Hepsor","url":"https:\/\/hepsor.ee\/en\/","logo":{"@type":"ImageObject","inLanguage":"en-US","@id":"https:\/\/hepsor.ee\/en\/#\/schema\/logo\/image\/","url":"https:\/\/hepsor.ee\/wp-content\/uploads\/2021\/08\/hepsor_logo.svg","contentUrl":"https:\/\/hepsor.ee\/wp-content\/uploads\/2021\/08\/hepsor_logo.svg","width":98,"height":31,"caption":"Hepsor"},"image":{"@id":"https:\/\/hepsor.ee\/en\/#\/schema\/logo\/image\/"}}]}},"_links":{"self":[{"href":"https:\/\/hepsor.ee\/en\/wp-json\/wp\/v2\/pages\/10593","targetHints":{"allow":["GET"]}}],"collection":[{"href":"https:\/\/hepsor.ee\/en\/wp-json\/wp\/v2\/pages"}],"about":[{"href":"https:\/\/hepsor.ee\/en\/wp-json\/wp\/v2\/types\/page"}],"author":[{"embeddable":true,"href":"https:\/\/hepsor.ee\/en\/wp-json\/wp\/v2\/users\/6"}],"replies":[{"embeddable":true,"href":"https:\/\/hepsor.ee\/en\/wp-json\/wp\/v2\/comments?post=10593"}],"version-history":[{"count":4,"href":"https:\/\/hepsor.ee\/en\/wp-json\/wp\/v2\/pages\/10593\/revisions"}],"predecessor-version":[{"id":10648,"href":"https:\/\/hepsor.ee\/en\/wp-json\/wp\/v2\/pages\/10593\/revisions\/10648"}],"up":[{"embeddable":true,"href":"https:\/\/hepsor.ee\/en\/wp-json\/wp\/v2\/pages\/4373"}],"wp:attachment":[{"href":"https:\/\/hepsor.ee\/en\/wp-json\/wp\/v2\/media?parent=10593"}],"curies":[{"name":"wp","href":"https:\/\/api.w.org\/{rel}","templated":true}]}}